{"id":22465,"date":"2024-11-18T12:44:32","date_gmt":"2024-11-18T12:44:32","guid":{"rendered":"https:\/\/flaxmanlaw.wpenginepowered.com\/accidentes-relacionados-con-empresas-de-camiones-en-carreteras-interestatales\/"},"modified":"2025-05-06T10:22:59","modified_gmt":"2025-05-06T10:22:59","slug":"accidentes-relacionados-con-empresas-de-camiones-en-carreteras-interestatales","status":"publish","type":"page","link":"https:\/\/flaxmanlaw.com\/es\/accidentes-relacionados-con-empresas-de-camiones-en-carreteras-interestatales\/","title":{"rendered":"Accidentes Camiones Interestatales"},"content":{"rendered":"<div class=\"bodytext\">\n<h2>Accidentes relacionados con empresas de camiones en carreteras interestatales<\/h2>\n<div class=\"description\">\n<p>Las autopistas interestatales de Florida, incluida la I-75, suelen ser carreteras de mucho tr\u00e1fico y alta velocidad. Tambi\u00e9n son esenciales para la industria del transporte por carretera, ya que son las rutas que utilizan los camiones comerciales para llevar y traer mercanc\u00edas del estado. Por desgracia, las autopistas interestatales suelen ser escenario de graves accidentes de camiones. Algunas de estas autopistas van y vienen de Miami, ya que Miami es la ciudad m\u00e1s grande de la zona. Cuando se producen accidentes en estas autopistas, los resultados suelen ser devastadores. Puede que hayas o\u00eddo hablar de cierres de autopistas provocados por accidentes en la I-75 y otras autopistas importantes.<\/p>\n<p>Si has resultado herido en un accidente de cami\u00f3n en Miami y ese accidente ocurri\u00f3 en una carretera interestatal, quiz\u00e1 quieras consultar a un abogado local de lesiones personales. Estos casos suelen ser bastante complejos y requieren un abogado con experiencia. Los accidentes de cami\u00f3n en las autopistas interestatales de Miami suelen ser colisiones de varios veh\u00edculos en las que intervienen varios demandantes y demandados. Adem\u00e1s, la alta velocidad en las autopistas significa que las lesiones causadas por estos accidentes suelen ser bastante graves y la posible indemnizaci\u00f3n en estos casos puede tener que ser bastante elevada para cubrir las lesiones de la v\u00edctima. Si necesitas hablar con un abogado porque has resultado lesionado, contacta al <a href=\"index.html\">Grupo Legal<\/a> Flaxman para una consulta gratuita sobre accidentes. El Grupo Legal Flaxman es una firma de servicios integrales en Miami, con los recursos para ayudar a las v\u00edctimas de lesiones personales.<\/p>\n<p><strong class=\"heading4\">Camiones interestatales y accidentes<\/strong><\/p>\n<p>Los camiones comerciales que circulan por carreteras interestatales deben cumplir las leyes federales dise\u00f1adas para camiones comerciales. Estas leyes federales regulan las horas de servicio, las licencias, los l\u00edmites de peso y otras cuestiones. Sin embargo, no todas las empresas de camiones ni todos los conductores cumplen las normas federales. Cuando se incumplen estas normas, pueden producirse accidentes. Cuando se producen accidentes y lesiones en las carreteras interestatales de Miami, puede resultar dif\u00edcil para las v\u00edctimas obtener una indemnizaci\u00f3n justa por sus lesiones. Las empresas de camiones, los conductores y otras partes responsables suelen ser de fuera del estado, lo que puede dificultar la b\u00fasqueda de justicia. A menudo se necesita un abogado con experiencia que conozca las normas locales y federales para presentar este tipo de demandas.<\/p>\n<p><strong class=\"heading4\">Proteger tus derechos tras un accidente de cami\u00f3n<\/strong><\/p>\n<p>Los casos de accidente de cami\u00f3n en Miami suelen ser bastante complejos y requieren la intervenci\u00f3n de un abogado de lesiones personales para garantizar que las v\u00edctimas obtengan la indemnizaci\u00f3n justa que merecen. Aunque las v\u00edctimas tienen derecho a una indemnizaci\u00f3n justa con arreglo a la ley, las compa\u00f1\u00edas de seguros suelen intentar resolver las reclamaciones de forma r\u00e1pida y poco costosa. Esto puede significar que haya un desfase entre el dinero de la indemnizaci\u00f3n y el coste real total de una lesi\u00f3n para una v\u00edctima. Desgraciadamente, si una v\u00edctima renuncia a sus derechos y acepta el dinero del seguro sin orientaci\u00f3n jur\u00eddica, puede no tener ning\u00fan recurso para emprender nuevas acciones si se demuestra que la indemnizaci\u00f3n no cubre el coste total de sus lesiones. Las compa\u00f1\u00edas de seguros protegen a las poderosas empresas de camiones con equipos de abogados e investigadores. Las v\u00edctimas de accidentes de tr\u00e1fico en Florida necesitan abogados expertos en lesiones personales que defiendan sus derechos y protejan sus intereses.<\/p>\n<p>Si usted ha sufrido un accidente de cami\u00f3n en una carretera interestatal en Florida, <a href=\"contacta con nosotros.html\">contacte<\/a> al Grupo Legal Flaxman para programar una consulta gratuita sobre accidentes y hablar sobre su caso. Su caso puede valer m\u00e1s de lo que usted cree.<\/p>\n<\/div>\n<div class=\"subpageslist\"><\/div>\n<\/div>\n","protected":false},"excerpt":{"rendered":"<p>Sin honorarios a menos que ganemos. Llama al 866-352-9626 para una &#8230; <\/p>\n","protected":false},"author":3,"featured_media":0,"parent":0,"menu_order":0,"comment_status":"closed","ping_status":"closed","template":"template-practice-areas.php","meta":{"footnotes":""},"class_list":["post-22465","page","type-page","status-publish","hentry"],"featured_image_src":null,"featured_image_src_square":null,"_links":{"self":[{"href":"https:\/\/flaxmanlaw.com\/es\/wp-json\/wp\/v2\/pages\/22465","targetHints":{"allow":["GET"]}}],"collection":[{"href":"https:\/\/flaxmanlaw.com\/es\/wp-json\/wp\/v2\/pages"}],"about":[{"href":"https:\/\/flaxmanlaw.com\/es\/wp-json\/wp\/v2\/types\/page"}],"author":[{"embeddable":true,"href":"https:\/\/flaxmanlaw.com\/es\/wp-json\/wp\/v2\/users\/3"}],"replies":[{"embeddable":true,"href":"https:\/\/flaxmanlaw.com\/es\/wp-json\/wp\/v2\/comments?post=22465"}],"version-history":[{"count":0,"href":"https:\/\/flaxmanlaw.com\/es\/wp-json\/wp\/v2\/pages\/22465\/revisions"}],"wp:attachment":[{"href":"https:\/\/flaxmanlaw.com\/es\/wp-json\/wp\/v2\/media?parent=22465"}],"curies":[{"name":"wp","href":"https:\/\/api.w.org\/{rel}","templated":true}]}}