{"id":22467,"date":"2024-11-18T12:44:32","date_gmt":"2024-11-18T12:44:32","guid":{"rendered":"https:\/\/flaxmanlaw.wpenginepowered.com\/accidente-de-autobus-en-coral-gables-abogados-de-lesiones-personales-en-el-condado-de-miami-dade\/"},"modified":"2024-11-18T12:44:32","modified_gmt":"2024-11-18T12:44:32","slug":"accidente-de-autobus-en-coral-gables-abogados-de-lesiones-personales-en-el-condado-de-miami-dade","status":"publish","type":"page","link":"https:\/\/flaxmanlaw.com\/es\/accidente-de-autobus-en-coral-gables-abogados-de-lesiones-personales-en-el-condado-de-miami-dade\/","title":{"rendered":"Accidente de Autob\u00fas en Coral Gables | Abogados de Lesiones Personales en el Condado de Miami-Dade"},"content":{"rendered":"<div class=\"bodytext\">\n<h2>Accidente de autob\u00fas en Coral Gables<\/h1><\/h2>\n<div class=\"description\">\n<p>Situada en el condado de Miami-Dade de Florida, Coral Gables es la sede de la Universidad de Miami, del Tranv\u00eda de Coral Gables y de muchas tiendas y restaurantes peculiares. Cerca de Miami pero con un sabor urbano \u00fanico, Coral Gables es un lugar estupendo para vivir y trabajar. Con muchos servicios y f\u00e1cil acceso a Miami, Coral Gables tiene precios inmobiliarios estables y muchas oportunidades, en parte gracias a la universidad de la ciudad.  <\/p>\n<p>Dado que Coral Gables es una ciudad universitaria y que muchos estudiantes deciden utilizar los autobuses para desplazarse, la ciudad ve su parte justa de accidentes de autob\u00fas. Aunque no son tan frecuentes como los accidentes de coche en Coral Gables, los accidentes de autob\u00fas pueden causar lesiones graves. Las v\u00edctimas de accidentes de autob\u00fas en Coral Gables suelen ser trasladadas al hospital con lesiones cervicales, lesiones medulares, lesiones craneales en Coral Gables, fracturas \u00f3seas y otras lesiones graves. En algunos casos, este tipo de accidentes da lugar a demandas por homicidio culposo en Coral Gables. Un problema habitual en los accidentes de autob\u00fas es que los autobuses no suelen exigir a los pasajeros que lleven cinturones de seguridad, lo que puede significar que en un accidente de autob\u00fas en Coral Gables los pasajeros salgan despedidos violentamente y resulten heridos. En muchos autobuses, los pasajeros van de pie o llevan objetos que pueden convertirse en proyectiles en caso de accidente, lo que agrava las lesiones.     <\/p>\n<p>La ley de Florida considera a los autobuses como transportistas comunes, y esto significa que est\u00e1n sujetos a muchas normas y reglamentos para mantener a los pasajeros m\u00e1s seguros. Las furgonetas de pasajeros, los autobuses urbanos, los autobuses tur\u00edsticos, los autobuses del condado, los autobuses ch\u00e1rter y los autobuses comerciales se consideran transportistas comunes cuando se trata de la ley de Florida. Cuando las empresas de autobuses no velan por la seguridad de los pasajeros y se produce un accidente de autob\u00fas, las v\u00edctimas tienen derecho a reclamar una indemnizaci\u00f3n por sus lesiones. Sin embargo, estos casos pueden ser bastante complejos debido a que las empresas de autobuses suelen estar protegidas por poderosas compa\u00f1\u00edas de seguros. Las v\u00edctimas necesitan trabajar con abogados expertos en lesiones personales de Coral Gables para aumentar sus posibilidades de obtener una indemnizaci\u00f3n justa.    <\/p>\n<p>El equipo jur\u00eddico del <a href=\"index.html\">Grupo Legal Flaxman<\/a> representa a lesionados de todas las clases sociales. Estamos dispuestos a representar a residentes y visitantes de Coral Gables que hayan resultado lesionados en accidentes de autob\u00fas en Florida. Como firma de servicios integrales, trabajamos para proteger los derechos de las v\u00edctimas y hacemos todo lo posible para apoyar a los sobrevivientes de accidentes en cada paso del proceso legal. El equipo jur\u00eddico del Grupo Legal Flaxman trabaja para encargarse de todos los detalles, para que usted pueda enfocarse en sanar.   <\/p>\n<p>Si usted ha resultado lesionado en un <a href=\"accidentes-autob\u00fas.html\">accidente de autob\u00fas en Coral Gables<\/a>, contacte hoy mismo al Grupo Legal Flaxman. Si sus lesiones fueron causadas por descuido o negligencia, usted podr\u00eda ser elegible para recibir m\u00e1s compensaci\u00f3n de la que se imagina. Cont\u00e1ctenos hoy mismo para una consulta gratuita y sin compromiso. La evaluaci\u00f3n gratuita de su caso le permite hacer preguntas y conocer sus derechos y opciones. Tu caso puede valer m\u00e1s de lo que crees. Tome una decisi\u00f3n informada sobre su caso obteniendo su evaluaci\u00f3n de caso gratuita del Grupo Legal Flaxman.     <\/p>\n<\/p><\/div>\n<\/p><\/div>\n","protected":false},"excerpt":{"rendered":"<p>Sin honorarios a menos que ganemos. Llama al 866-352-9626 para una &#8230; <\/p>\n","protected":false},"author":3,"featured_media":0,"parent":0,"menu_order":0,"comment_status":"closed","ping_status":"closed","template":"template-practice-areas.php","meta":{"footnotes":""},"class_list":["post-22467","page","type-page","status-publish","hentry"],"featured_image_src":null,"featured_image_src_square":null,"_links":{"self":[{"href":"https:\/\/flaxmanlaw.com\/es\/wp-json\/wp\/v2\/pages\/22467","targetHints":{"allow":["GET"]}}],"collection":[{"href":"https:\/\/flaxmanlaw.com\/es\/wp-json\/wp\/v2\/pages"}],"about":[{"href":"https:\/\/flaxmanlaw.com\/es\/wp-json\/wp\/v2\/types\/page"}],"author":[{"embeddable":true,"href":"https:\/\/flaxmanlaw.com\/es\/wp-json\/wp\/v2\/users\/3"}],"replies":[{"embeddable":true,"href":"https:\/\/flaxmanlaw.com\/es\/wp-json\/wp\/v2\/comments?post=22467"}],"version-history":[{"count":0,"href":"https:\/\/flaxmanlaw.com\/es\/wp-json\/wp\/v2\/pages\/22467\/revisions"}],"wp:attachment":[{"href":"https:\/\/flaxmanlaw.com\/es\/wp-json\/wp\/v2\/media?parent=22467"}],"curies":[{"name":"wp","href":"https:\/\/api.w.org\/{rel}","templated":true}]}}