{"id":22468,"date":"2024-11-18T12:44:32","date_gmt":"2024-11-18T12:44:32","guid":{"rendered":"https:\/\/flaxmanlaw.wpenginepowered.com\/danos-y-perjuicios-que-pueden-recuperarse-abogados-de-responsabilidad-de-locales-de-hollywood-florida\/"},"modified":"2025-12-04T04:08:56","modified_gmt":"2025-12-04T04:08:56","slug":"danos-y-perjuicios-que-pueden-recuperarse-abogados-de-responsabilidad-de-locales-de-hollywood-florida","status":"publish","type":"page","link":"https:\/\/flaxmanlaw.com\/es\/danos-y-perjuicios-que-pueden-recuperarse-abogados-de-responsabilidad-de-locales-de-hollywood-florida\/","title":{"rendered":"Da\u00f1os Recuperables en Accidentes"},"content":{"rendered":"<div class=\"bodytext\">\n<h2>Da\u00f1os indemnizables<\/h2>\n<div class=\"description\">\n<p>Si vives en Hollywood o sus alrededores, probablemente sepas lo cara que puede ser la asistencia sanitaria en la regi\u00f3n. Si has sufrido una lesi\u00f3n en un accidente por resbal\u00f3n y ca\u00edda, es posible que no s\u00f3lo te preocupen las facturas m\u00e9dicas, sino que tambi\u00e9n tengas que ausentarte del trabajo y tengas que pagar otros gastos imprevistos. \u00bfC\u00f3mo puedes pagar estos gastos?<\/p>\n<p>Florida reconoce los gastos que pueden ocasionar las lesiones y las leyes del estado te permiten solicitar una indemnizaci\u00f3n si tus lesiones fueron causadas por un acto il\u00edcito o por negligencia. Si has sufrido lesiones y te gustar\u00eda saber si tienes derecho a una indemnizaci\u00f3n, contacta hoy mismo con el Grupo Legal Flaxman. Como parte de la comunidad de Hollywood, el Grupo Legal Flaxman es una firma de abogados que sirve a toda el \u00e1rea de Florida del Sur. Puedes contactarnos en cualquier momento para programar una consulta gratuita sobre accidentes.<\/p>\n<p><strong class=\"heading4\">Las lesiones provocan p\u00e9rdidas<\/strong><\/p>\n<p>La realidad es que en un accidente de resbal\u00f3n y ca\u00edda o de tropiezo y ca\u00edda, los da\u00f1os y p\u00e9rdidas pueden ser m\u00e1s graves de lo que mucha gente cree. Aunque tendemos a ver los accidentes por resbal\u00f3n y ca\u00edda simplemente como algo que magulla el ego, muchas personas sufren lesiones graves en estos accidentes, entre ellas:<\/p>\n<ul>\n<li>Traumatismos craneales y conmociones cerebrales<\/li>\n<li>Fracturas<\/li>\n<li>Lesiones medulares<\/li>\n<li>Esguinces y distensiones<\/li>\n<li>Hernias discales<\/li>\n<li>Dolor de espalda cr\u00f3nico<\/li>\n<li>Lesiones faciales<\/li>\n<li>Lesiones en manos y brazos<\/li>\n<li>Laceraciones y cicatrices<\/li>\n<li>Lesiones de tejidos blandos<\/li>\n<\/ul>\n<p>Algunas de estas lesiones pueden ser permanentes, o incluso potencialmente mortales. Por ejemplo, una lesi\u00f3n grave en la cabeza puede provocar la muerte o una lesi\u00f3n permanente que deje al paciente incapacitado para reanudar sus actividades cotidianas. Una persona con una lesi\u00f3n medular o cerebral grave puede requerir cuidados las 24 horas del d\u00eda, as\u00ed como un tratamiento m\u00e9dico complejo. Las personas que han sufrido lesiones en un accidente por resbal\u00f3n y ca\u00edda tendr\u00e1n que pagar la medicaci\u00f3n y los cuidados m\u00e9dicos a largo plazo asociados a estas lesiones. Incluso algo tan aparentemente sencillo como una fractura de brazo puede tardar semanas o incluso meses en curarse y requerir una costosa rehabilitaci\u00f3n, as\u00ed como ausentarse del trabajo.<\/p>\n<p>Muchos accidentes por resbal\u00f3n y ca\u00edda tambi\u00e9n pueden provocar da\u00f1os materiales. Por ejemplo, si llevas un ordenador, un dispositivo m\u00f3vil u otro art\u00edculo caro y \u00e9ste se lesion\u00f3 en tu ca\u00edda, es posible que tengas que gastar miles de d\u00f3lares para sustituirlo. Esto tambi\u00e9n puede aumentar sustancialmente los gastos que has sufrido.<\/p>\n<p><strong class=\"heading4\">\u00bfPor qu\u00e9 puedo recibir una indemnizaci\u00f3n?<\/strong><\/p>\n<p>La buena noticia es que, seg\u00fan la legislaci\u00f3n de Florida, puedes solicitar una indemnizaci\u00f3n por los da\u00f1os y perjuicios sufridos si tus lesiones fueron causadas por negligencia, un acto il\u00edcito o imprudencia temeraria de otra parte. A trav\u00e9s de una demanda civil, puedes solicitar una indemnizaci\u00f3n por da\u00f1os y perjuicios:<\/p>\n<ul>\n<li>P\u00e9rdidas de ingresos pasadas, actuales y futuras relacionadas con tus lesiones<\/li>\n<li>Gastos m\u00e9dicos<\/li>\n<li>Servicios y gastos m\u00e9dicos de larga duraci\u00f3n<\/li>\n<li>Gastos accesorios, como el coste de utilizar un servicio de taxi<\/li>\n<li>Gastos de medicaci\u00f3n<\/li>\n<li>Costes m\u00e9dicos previstos en el futuro<\/li>\n<li>Da\u00f1os materiales<\/li>\n<li>Dolor y sufrimiento<\/li>\n<\/ul>\n<p>Si has sufrido lesiones en un accidente por resbal\u00f3n y ca\u00edda, es imprescindible que tengas en cuenta los costes actuales y a largo plazo asociados a tu accidente. Es posible que incluso una ca\u00edda aparentemente sencilla te haya ocasionado decenas de miles de d\u00f3lares o incluso m\u00e1s en p\u00e9rdidas. Hablar con un abogado de lesiones personales te garantiza que podr\u00e1s reclamar si re\u00fanes los requisitos para ello, de modo que no tengas que pagar estos costes de tu bolsillo.<\/p>\n<p>Los abogados <a href=\"contacta con nosotros.html\">del Grupo Legal Flaxman<\/a> est\u00e1n dispuestos a ayudarle si usted ha resultado lesionado en un accidente por ca\u00edda o resbal\u00f3n y ca\u00edda. Simplemente contacte a nuestras oficinas en Florida del Sur para programar una revisi\u00f3n de su caso gratuita y sin compromiso para hablar sobre su situaci\u00f3n y para obtener asesor\u00eda legal sobre sus opciones. Las leyes de Hollywood y Florida pueden protegerte, pero nuestro equipo jur\u00eddico puede trabajar para garantizar que las leyes funcionen para ti.<\/p>\n<\/div>\n<div class=\"subpageslist\"><\/div>\n<\/div>\n","protected":false},"excerpt":{"rendered":"<p>Sin honorarios a menos que ganemos. Llama al 866-352-9626 para una &#8230; <\/p>\n","protected":false},"author":3,"featured_media":0,"parent":0,"menu_order":0,"comment_status":"closed","ping_status":"closed","template":"template-practice-areas.php","meta":{"footnotes":""},"class_list":["post-22468","page","type-page","status-publish","hentry"],"featured_image_src":null,"featured_image_src_square":null,"_links":{"self":[{"href":"https:\/\/flaxmanlaw.com\/es\/wp-json\/wp\/v2\/pages\/22468","targetHints":{"allow":["GET"]}}],"collection":[{"href":"https:\/\/flaxmanlaw.com\/es\/wp-json\/wp\/v2\/pages"}],"about":[{"href":"https:\/\/flaxmanlaw.com\/es\/wp-json\/wp\/v2\/types\/page"}],"author":[{"embeddable":true,"href":"https:\/\/flaxmanlaw.com\/es\/wp-json\/wp\/v2\/users\/3"}],"replies":[{"embeddable":true,"href":"https:\/\/flaxmanlaw.com\/es\/wp-json\/wp\/v2\/comments?post=22468"}],"version-history":[{"count":0,"href":"https:\/\/flaxmanlaw.com\/es\/wp-json\/wp\/v2\/pages\/22468\/revisions"}],"wp:attachment":[{"href":"https:\/\/flaxmanlaw.com\/es\/wp-json\/wp\/v2\/media?parent=22468"}],"curies":[{"name":"wp","href":"https:\/\/api.w.org\/{rel}","templated":true}]}}