{"id":22469,"date":"2024-11-18T12:44:32","date_gmt":"2024-11-18T12:44:32","guid":{"rendered":"https:\/\/flaxmanlaw.wpenginepowered.com\/lesiones-a-menores-y-ninos-abogados-de-accidentes-en-hollywood-florida\/"},"modified":"2025-12-04T04:08:40","modified_gmt":"2025-12-04T04:08:40","slug":"lesiones-a-menores-y-ninos-abogados-de-accidentes-en-hollywood-florida","status":"publish","type":"page","link":"https:\/\/flaxmanlaw.com\/es\/lesiones-a-menores-y-ninos-abogados-de-accidentes-en-hollywood-florida\/","title":{"rendered":"Lesiones a menores y ni\u00f1os"},"content":{"rendered":"<div class=\"bodytext\">\n<h2>Lesiones a menores y ni\u00f1os<\/h2>\n<div class=\"description\">\n<p><img decoding=\"async\" class=\"alignnone size-full wp-image-7695\" src=\"https:\/\/flaxmanlaw.com\/wp-content\/uploads\/2024\/11\/injuriestocildren.webp\" alt=\"\" width=\"225\" height=\"159\" \/><\/p>\n<p>Los menores y los ni\u00f1os son especialmente vulnerables a determinados tipos de lesiones. Por ejemplo, un ni\u00f1o puede no saber c\u00f3mo bracear en caso de accidente de tr\u00e1fico, por lo que puede salir despedido con m\u00e1s violencia. Como los huesos y el cerebro de los ni\u00f1os a\u00fan se est\u00e1n desarrollando, cualquier traumatismo craneoencef\u00e1lico, cicatriz u otras lesiones graves pueden afectarles de por vida. Ver a tu hijo lesionado es devastador. Puede ser a\u00fan m\u00e1s devastador no tener recursos para pagar los mejores cuidados m\u00e9dicos y las dem\u00e1s ayudas que necesita tu hijo. Sin embargo, si las lesiones de tu hijo se produjeron por imprudencia de alguien, la ley de Florida te permite presentar una demanda y reclamar una indemnizaci\u00f3n a las partes responsables. Para saber m\u00e1s y establecer si cumples los requisitos, contacta con el Grupo Legal Flaxman para una consulta gratuita con un abogado de accidentes de Florida.<\/p>\n<p><strong class=\"heading4\">Lesiones frecuentes en menores y ni\u00f1os de Florida <\/strong><\/p>\n<p>Las lesiones de los menores y ni\u00f1os de Florida pueden producirse por muchas razones, entre ellas:<\/p>\n<ul>\n<li><strong>Accidentes de tr\u00e1fico<\/strong>. Es una de las principales causas de lesiones de menores y ni\u00f1os en Florida. Los ni\u00f1os que van en <a href=\"coral-springs-school-bus-accident.html\">autob\u00fas escolar<\/a> o en coche de camino al colegio o a otras actividades pueden sufrir f\u00e1cilmente un accidente grave. Tambi\u00e9n pueden sufrirlo los ni\u00f1os que est\u00e1n aprendiendo a montar en bicicleta o la utilizan para desplazarse.<\/li>\n<li><strong>Ataques de perros<\/strong>. Desgraciadamente, los <a href=\"davie-perro-muerde.html\">ataques<\/a> de perros afectan m\u00e1s a los ni\u00f1os que a los adultos. Los ni\u00f1os pueden no saber c\u00f3mo actuar con los animales dom\u00e9sticos y cuando son atacados son m\u00e1s vulnerables a sufrir lesiones graves. Debido a su menor tama\u00f1o, los ni\u00f1os pueden ser derribados f\u00e1cilmente por un perro atacante y los perros pueden morder f\u00e1cilmente la cara de un ni\u00f1o, lo que puede provocar cicatrices y lesiones en la cabeza.<\/li>\n<li><strong>Lesiones deportivas<\/strong>. Cuando los ni\u00f1os juegan al f\u00fatbol, al b\u00e9isbol o a cualquier deporte, pueden sufrir lesiones en el juego o en los entrenamientos. Estas lesiones pueden incluir fracturas, traumatismos craneales, distensiones y esguinces, y otras lesiones.<\/li>\n<li><strong>Lesiones escolares<\/strong>. En la escuela, los ni\u00f1os pueden sufrir lesiones por resbalones y ca\u00eddas y otros da\u00f1os si no se les supervisa cuidadosamente. Desgraciadamente, la violencia y el acoso en las escuelas tambi\u00e9n pueden conducir a agresiones y lesiones, causando da\u00f1os graves y potencialmente mortales. Las <a href=\"escuela-nsl-universidades-publicas-privadas-etc.html\">escuelas con seguridad inadecuada<\/a> pueden poner especialmente en peligro a los alumnos.<\/li>\n<li><strong>Lesiones por productos<\/strong>. Los cascos, los asientos infantiles para el coche, los <a href=\"hollywood-ni\u00f1os-juguetes.html\">juguetes<\/a> y otros productos para ni\u00f1os no siempre est\u00e1n dise\u00f1ados de forma segura. Cuando los fabricantes son negligentes, los ni\u00f1os pueden sufrir quemaduras, asfixia, cortes y otras lesiones graves.<\/li>\n<\/ul>\n<p>Los ni\u00f1os son vulnerables a las mismas lesiones que los adultos, como lesiones medulares, cicatrices, traumatismos craneoencef\u00e1licos y otras. La diferencia es que las lesiones de un ni\u00f1o pueden afectarle de por vida, repercutiendo en su crecimiento, confianza, futuro y perspectivas profesionales. Es crucial asegurarse de que tu hijo tiene el apoyo necesario para curarse, que es una de las razones por las que puedes plantearte si tienes derecho a reclamar.<\/p>\n<p><strong class=\"heading4\">Conseguir justicia para tu hijo en Florida <\/strong><\/p>\n<p>El coste real de las lesiones de tu hijo puede ser mucho mayor de lo que crees. Tanto si tu hijo ha sufrido un traumatismo craneoencef\u00e1lico, una fractura \u00f3sea o cualquier otra lesi\u00f3n grave, es posible que no pueda volver al colegio de inmediato. Su rendimiento acad\u00e9mico puede resentirse, al igual que sus perspectivas futuras de ir a la universidad y conseguir un buen trabajo. Cuando los ni\u00f1os no pueden ir a la escuela, tambi\u00e9n pueden sufrir su desarrollo social y su salud mental. Los costes econ\u00f3micos de las lesiones de tu hijo tambi\u00e9n pueden ser muy elevados. El coste de la atenci\u00f3n m\u00e9dica de urgencia, el tratamiento continuado, las clases particulares para ayudarles a ponerse al d\u00eda en la escuela y el cuidado de los ni\u00f1os (para que puedas volver al trabajo) pueden sumarse f\u00e1cilmente. Si tu hijo sufre lesiones permanentes, podr\u00eda enfrentarse a toda una vida de facturas m\u00e9dicas m\u00e1s elevadas y primas de seguro m\u00e9dico m\u00e1s altas por tener que hacer frente a necesidades m\u00e9dicas continuas. Tu hijo merece una oportunidad justa de tener un futuro brillante tras una lesi\u00f3n grave. Por eso te invitamos a ponerte en contacto con nuestro bufete. El Grupo Legal Flaxman est\u00e1 basado en la familia, con d\u00e9cadas de experiencia. Hemos conseguido miles de acuerdos y victorias judiciales para demandantes, incluyendo victorias y acuerdos multimillonarios. Si su hijo ha resultado lesionado y usted se pregunta si existe una demanda o una forma de asegurar una compensaci\u00f3n, <a href=\"contacta con nosotros.html\">contacte al Grupo Legal Flaxman<\/a> para una consulta gratuita con un abogado de accidentes en Florida.<\/p>\n<\/div>\n<div class=\"subpageslist\"><\/div>\n<\/div>\n","protected":false},"excerpt":{"rendered":"<p>Sin honorarios a menos que ganemos. Llama al 866-352-9626 para una &#8230; <\/p>\n","protected":false},"author":3,"featured_media":0,"parent":0,"menu_order":0,"comment_status":"closed","ping_status":"closed","template":"template-practice-areas.php","meta":{"footnotes":""},"class_list":["post-22469","page","type-page","status-publish","hentry"],"featured_image_src":null,"featured_image_src_square":null,"_links":{"self":[{"href":"https:\/\/flaxmanlaw.com\/es\/wp-json\/wp\/v2\/pages\/22469","targetHints":{"allow":["GET"]}}],"collection":[{"href":"https:\/\/flaxmanlaw.com\/es\/wp-json\/wp\/v2\/pages"}],"about":[{"href":"https:\/\/flaxmanlaw.com\/es\/wp-json\/wp\/v2\/types\/page"}],"author":[{"embeddable":true,"href":"https:\/\/flaxmanlaw.com\/es\/wp-json\/wp\/v2\/users\/3"}],"replies":[{"embeddable":true,"href":"https:\/\/flaxmanlaw.com\/es\/wp-json\/wp\/v2\/comments?post=22469"}],"version-history":[{"count":0,"href":"https:\/\/flaxmanlaw.com\/es\/wp-json\/wp\/v2\/pages\/22469\/revisions"}],"wp:attachment":[{"href":"https:\/\/flaxmanlaw.com\/es\/wp-json\/wp\/v2\/media?parent=22469"}],"curies":[{"name":"wp","href":"https:\/\/api.w.org\/{rel}","templated":true}]}}