{"id":22470,"date":"2024-11-18T12:44:32","date_gmt":"2024-11-18T12:44:32","guid":{"rendered":"https:\/\/flaxmanlaw.wpenginepowered.com\/cross-pointe-care-center-abogados-de-abuso-en-residencias-de-ancianos-de-dania-beach\/"},"modified":"2024-11-18T12:44:32","modified_gmt":"2024-11-18T12:44:32","slug":"cross-pointe-care-center-abogados-de-abuso-en-residencias-de-ancianos-de-dania-beach","status":"publish","type":"page","link":"https:\/\/flaxmanlaw.com\/es\/cross-pointe-care-center-abogados-de-abuso-en-residencias-de-ancianos-de-dania-beach\/","title":{"rendered":"Cross Pointe Care Center | Abogados de abuso en residencias de ancianos de Dania Beach"},"content":{"rendered":"<div class=\"bodytext\">\n<h2>Centro de cuidados Cross Pointe<\/h1><\/h2>\n<div class=\"description\">\n<p>Cross Pointe Care Center es una residencia de ancianos del condado de Broward, Florida. Tiene 88 camas certificadas y participa en Medicare y Medicaid. No est\u00e1 en un hospital ni en una Comunidad de Jubilados de Atenci\u00f3n Continuada (CCRC). Esta residencia de ancianos tiene un consejo de residentes y familiares y obtiene una calificaci\u00f3n general muy superior a la media.   <\/p>\n<p>Esta residencia de ancianos ofrece servicios especializados para pacientes con afecciones psiqui\u00e1tricas y VIH. El Centro de Cuidados Cross Pointe ofrece actividades como bingo, pintura y otros eventos. El personal de la residencia est\u00e1 formado por auxiliares de enfermer\u00eda, enfermeras tituladas y enfermeras diplomadas, y todas las enfermeras tienen formaci\u00f3n en traqueotom\u00eda. Se ofrece logopedia, fisioterapia y terapia ocupacional, as\u00ed como servicios de transporte a las citas con el m\u00e9dico. El Centro de Cuidados Pointe tambi\u00e9n ofrece grupos de rosarios, servicio dom\u00e9stico, servicios de comidas, servicios de mantenimiento, servicios de lavander\u00eda y planificaci\u00f3n individualizada de cuidados, adem\u00e1s de terapia con mascotas. Los programas que se ofrecen incluyen vida asistida, terapia art\u00edstica, un programa restaurativo, un programa para ir a comer, tratamiento de heridas y terapia respiratoria.     <\/p>\n<p>Cross Pointe Care Center se encuentra en 440 Phippen Waiters Road, en Dania Beach, Florida. Puedes ponerte en contacto con la residencia llamando al (954) 927-0508 o a trav\u00e9s de su <a href=\"https:\/\/crossseniorcare.net\/carehomes\/cross-pointe-dania-beach\/\" target=\"_blank\" rel=\"noopener\">sitio web<\/a>. La residencia se encuentra cerca de la I-95 y cerca de Oakwood y Liberia.  <\/p>\n<p><strong class=\"heading4\">Inspecciones de Cross Pointe Care Center<\/strong><\/p>\n<p>Cross Pointe Care Center obtiene una calificaci\u00f3n media en atenci\u00f3n sanitaria. Esta residencia de ancianos recibi\u00f3 por \u00faltima vez una inspecci\u00f3n sanitaria el 31\/08\/2017, durante la cual los inspectores citaron seis infracciones, cifra superior a las 4,6 infracciones que, de media, reciben las residencias de ancianos de Florida. <\/p>\n<p>Los inspectores descubrieron que el Centro de Cuidados Cross Pointe no \u00abmanten\u00eda adecuadamente un entorno libre de riesgos de accidentes y plagas, ni proporcionaba alojamiento en el espacio personal a 1 de los 30 residentes de la muestra\u00bb. El informe de la inspecci\u00f3n se\u00f1ala la presencia de dos insectos muertos y dos peque\u00f1os insectos vivos \u00abparecidos a cucarachas\u00bb, restos en el asiento de un inodoro, manchas marrones cerca del inodoro, aparatos de iluminaci\u00f3n descubiertos en el cuarto de ba\u00f1o, baldosas rotas y otros problemas. Adem\u00e1s, se encontraron hormigas muertas en una de las ba\u00f1eras y un agujero en la pared.  <\/p>\n<p>La inspecci\u00f3n concluy\u00f3 adem\u00e1s que el \u00abcentro no se asegur\u00f3 de que se desarrollara un plan de atenci\u00f3n integral que incluyera una supervisi\u00f3n adecuada, medidas de seguridad y una reevaluaci\u00f3n de la necesidad continuada de un arn\u00e9s chaleco de 4 puntos para la silla de ruedas\u00bb para un residente. Los inspectores tambi\u00e9n concluyeron que esta residencia de ancianos no siempre \u00abalmacenaba, preparaba, distribu\u00eda y serv\u00eda los alimentos en condiciones higi\u00e9nicas para ayudar a prevenir las enfermedades transmitidas por los alimentos.\u00bb Durante una inspecci\u00f3n realizada en 2017, las sartenes de vapor no se guardaban para que pudieran secarse y las pruebas de desinfecci\u00f3n del lavavajillas no se guardaban donde deb\u00edan. Los inspectores observaron que algunas escobas no estaban guardadas en el suelo y que los vasos de un solo uso no estaban cubiertos. Se observ\u00f3 comida seca y polvo en algunos equipos de cocina.    <\/p>\n<p>Los inspectores tambi\u00e9n informaron de que el Centro de Cuidados Cross Pointe no \u00abdispon\u00eda de un programa que investigara, controlara y evitara la propagaci\u00f3n de infecciones\u00bb. El informe de inspecci\u00f3n constat\u00f3 que los carros de medicaci\u00f3n no siempre estaban cubiertos, que las instalaciones de lavander\u00eda no se manten\u00edan en buen estado de conservaci\u00f3n y limpieza y que no siempre se observaba un lavado de manos adecuado durante la administraci\u00f3n de la medicaci\u00f3n a los pacientes. Los inspectores tambi\u00e9n observaron que no se limpiaba un manguito de tensi\u00f3n arterial antes de utilizarlo en otro paciente.  <\/p>\n<p>El informe de inspecci\u00f3n sanitaria del 31\/08\/2017 tambi\u00e9n se\u00f1alaba que la residencia de ancianos deb\u00eda \u00abasegurarse de que en la habitaci\u00f3n o el ba\u00f1o de cada residente haya un sistema de llamada que funcione\u00bb, ya que dichas comunicaciones no eran adecuadas en 13 de las 34 habitaciones inspeccionadas. Los inspectores descubrieron adem\u00e1s que, en uno de los 5 pacientes revisados, la residencia de ancianos no llevaba historiales cl\u00ednicos completos y, en siete casos, no documentaba la ubicaci\u00f3n espec\u00edfica de una medicaci\u00f3n. La \u00faltima inspecci\u00f3n de seguridad contra incendios de esta residencia de ancianos tuvo lugar el 29\/08\/2017. En ese momento, se observ\u00f3 una citaci\u00f3n. Esta cifra es significativamente inferior a la media de tres citaciones emitidas a residencias de ancianos en todo el pa\u00eds.    <\/p>\n<p><strong class=\"heading4\">Dotaci\u00f3n de personal<\/strong><\/p>\n<p>Cross Pointe Care Center obtiene una calificaci\u00f3n muy por encima de la media en cuanto a dotaci\u00f3n de personal. Esta residencia tiene una media de 80,8 residentes al d\u00eda, inferior a la media de 107,7 de todo Florida. Adem\u00e1s, los residentes reciben una media de 1 hora y 13 minutos diarios de personal de enfermer\u00eda titulado, frente a la media nacional de 1 hora y 33 minutos y la media estatal de 1 hora y 36 minutos.  <\/p>\n<p>Los residentes de esta residencia tambi\u00e9n reciben 2 horas y 43 minutos diarios de auxiliares de enfermer\u00eda, lo que se compara favorablemente con la media nacional de 2 horas y 18 minutos. Los residentes tambi\u00e9n reciben 6 minutos de horas de personal fisioterapeuta al d\u00eda, como media, y 34 minutos de horas de enfermero diplomado al d\u00eda. <\/p>\n<p><strong class=\"heading4\">Calidad de la atenci\u00f3n a los residentes<\/strong><\/p>\n<p>El Centro de Cuidados Cross Pointe obtiene una calificaci\u00f3n muy por encima de la media en calidad de la atenci\u00f3n a los residentes. En el caso de los residentes de corta estancia, el 85% de los de esta residencia mejoraron su capacidad para desplazarse de forma independiente. En comparaci\u00f3n, s\u00f3lo el 70,2% de los residentes de corta estancia de Florida y el 67,9% de los nacionales obtuvieron los mismos resultados. S\u00f3lo el 14,4% de los residentes del Centro de Cuidados Cross Pointe ingresaron de nuevo en el hospital tras su estancia, en comparaci\u00f3n con el 24,4% de todos los residentes de residencias de ancianos de Florida. S\u00f3lo el 2,6% de los residentes de corta estancia de esta residencia tuvieron visitas a urgencias tras ser ingresados, en comparaci\u00f3n con el 10,5% de los residentes de corta estancia de Florida y el 12,3% de los residentes de corta estancia nacionales.    <\/p>\n<p>Adem\u00e1s, el 60% de los residentes de corta estancia del Centro de Cuidados Cross Pointe fueron dados de alta a la comunidad, en comparaci\u00f3n con el 55,6% de los residentes de Florida y el 56,4% de los residentes nacionales. Ning\u00fan residente de esta residencia de ancianos inform\u00f3 de \u00falceras nuevas o peores tras ser ingresado y el 11,8% inform\u00f3 de dolor importante, cifra inferior al 13,1% de residentes de residencias de ancianos de todo el pa\u00eds que informaron de dolor de moderado a intenso. <\/p>\n<p>A los residentes de larga estancia del Centro de Cuidados Cross Pointe tambi\u00e9n les fue bien en comparaci\u00f3n con las medias estatal y nacional. El n\u00famero de residentes de larga estancia del Centro de Cuidados Cross Pointe que sufrieron una ca\u00edda en la residencia fue del 2,5%, inferior a la media de Florida del 2,8% y a la media nacional del 3,4%. Adem\u00e1s, el 1,9% de los residentes de larga estancia del Centro de Cuidados Cross Pointe declararon una ITU (infecci\u00f3n del tracto urinario), en comparaci\u00f3n con el 3,2% de los residentes nacionales y el 3,2% de los residentes de Florida.  <\/p>\n<p>El 2,6% de los residentes de larga estancia del Cross Pointe Care Center declararon tener al menos un dolor moderado, cifra inferior a la media del 5,6% de EE.UU. y a la media del 3,5% del estado. El 1,1% de los residentes de larga estancia del Cross Pointe Care Center ten\u00edan \u00falceras por presi\u00f3n, en comparaci\u00f3n con el 5,6% de los residentes de todo el pa\u00eds con esta afecci\u00f3n y el 6% de los residentes de residencias de ancianos de Florida con \u00falceras por presi\u00f3n. De los residentes de larga estancia del Cross Pointe Care Center, el 32,9% ten\u00eda problemas de incontinencia, en comparaci\u00f3n con el 48% de los residentes de larga estancia a nivel nacional y el 54,2% en todo Florida. Al 0,3% de los residentes de larga estancia del Centro de Cuidados Cross Pointe se les hab\u00eda colocado una sonda y se la hab\u00edan dejado en la vejiga, en comparaci\u00f3n con el 1,8% a nivel nacional y el 1,4% de los residentes de residencias de ancianos de Florida.   <\/p>\n<p>A nivel nacional, el 18,3% de los residentes en residencias de ancianos que permanecen en ellas durante un largo periodo de tiempo ven empeorada su capacidad para moverse de forma independiente. En Florida, el 17% pierde algo de movimiento independiente. En el caso de los residentes de larga estancia del Cross Pointe Care Center, el 3,9% se\u00f1ala este problema. Adem\u00e1s, el 3,7% de los residentes de larga estancia del Centro de Cuidados Cross Pointe consideran que necesitan m\u00e1s ayuda con las actividades cotidianas tras el ingreso, en comparaci\u00f3n con el 15% de los residentes nacionales y el 13,3% de los residentes de residencias de ancianos de Florida.   <\/p>\n<p>Mientras que el 4,7% de los pacientes de residencias de ancianos a nivel nacional y el 1,1% de los residentes en Florida tienen depresi\u00f3n, los residentes de larga estancia del Cross Pointe Care Center tienen una tasa de depresi\u00f3n del 0,3%. Mientras que el 7% de los residentes en residencias de ancianos de EE.UU. y el 7,2% de los residentes de larga estancia en residencias de ancianos de Florida pierden demasiado peso, el 3,1% de los residentes de larga estancia del Cross Pointe Care Center pierden un peso excesivo. <\/p>\n<div data-medicare-stats=\"true\" data-resource-id=\"105296\">\n<div class=\"topbottommargin\"><strong class=\"number\">1<\/strong><strong class=\"specialheading\">Estad\u00edsticas vitales<\/strong><\/p>\n<div class=\"p-div\"><strong>N\u00famero de camas:<\/strong> 88 camas certificadas<img decoding=\"async\" src=\"files\/iratingicon.png\" class=\"irating\" alt=\"informaci\u00f3n\"><\/p>\n<div class=\"pop-box pb-beds\">\n<p>Camas en la residencia de ancianos que han sido aprobadas por el gobierno federal para participar en Medicare o Medicaid.<\/p>\n<\/div>\n<\/div>\n<div class=\"p-div\"><strong>Acepta:<\/strong> Medicare y Medicaid<img decoding=\"async\" src=\"files\/iratingicon.png\" class=\"irating\" alt=\"informaci\u00f3n\"><\/p>\n<div class=\"pop-box pb-accepts\">\n<p>Muestra si la residencia participa en Medicare, Medicaid o ambos.<\/p>\n<\/div>\n<\/div>\n<\/div>\n<div class=\"topbottommargin\"><strong class=\"number\">2<\/strong><strong class=\"specialheading\">Clasificaciones clave<\/strong><\/p>\n<table class=\"ratingstable\">\n<tbody>\n<tr>\n<td><strong>Resumen de la clasificaci\u00f3n por estrellas<\/strong><\/td>\n<td><\/td>\n<td><\/td>\n<\/tr>\n<tr>\n<td><strong>Valoraci\u00f3n global<\/strong><img decoding=\"async\" src=\"files\/iratingicon.png\" class=\"irating\" alt=\"informaci\u00f3n\"><\/p>\n<div class=\"pop-box pb-rating\">\n<p>Medicare asigna la clasificaci\u00f3n general por estrellas bas\u00e1ndose en los resultados de una residencia de ancianos en 3 medidas distintas: Inspecciones sanitarias, dotaci\u00f3n de personal y medidas de calidad. Cada uno de estos \u00e1mbitos tiene su propia clasificaci\u00f3n por estrellas, y un mayor n\u00famero de estrellas significa una mejor calidad de la asistencia <\/p>\n<\/div>\n<\/td>\n<td><img decoding=\"async\" src=\"photos\/5starsimage.jpg\" alt=\"Cinco estrellas\" class=\"amp-include\" width=\"110\" height=\"40\"><\/td>\n<td>Muy por encima de la media<\/td>\n<\/tr>\n<tr>\n<td><strong>Inspecci\u00f3n sanitaria<\/strong><img decoding=\"async\" src=\"files\/iratingicon.png\" class=\"irating\" alt=\"informaci\u00f3n\"><\/p>\n<div class=\"pop-box pb-inspection\">\n<p>Medicare asigna la clasificaci\u00f3n por estrellas bas\u00e1ndose en la puntuaci\u00f3n ponderada de una residencia de ancianos en inspecciones sanitarias recientes. M\u00e1s estrellas significa menos riesgos para la salud <\/p>\n<\/div>\n<\/td>\n<td><img decoding=\"async\" src=\"photos\/4starsimage.jpg\" alt=\"Cuatro estrellas\" class=\"amp-include\" width=\"110\" height=\"40\"><\/td>\n<td>Superior a la media<\/td>\n<\/tr>\n<tr>\n<td><strong>Dotaci\u00f3n de personal<\/strong><img decoding=\"async\" src=\"files\/iratingicon.png\" class=\"irating\" alt=\"informaci\u00f3n\"><\/p>\n<div class=\"pop-box pb-staffing\">\n<p>Medicare asigna la clasificaci\u00f3n por estrellas en funci\u00f3n de las horas de dotaci\u00f3n de personal de la residencia de ancianos para enfermeras tituladas (RN), enfermeras diplomadas (LPN), enfermeras vocacionales tituladas (LVN) y auxiliares de enfermer\u00eda. M\u00e1s estrellas significa un mejor nivel de dotaci\u00f3n de personal por residente en residencia de ancianos <\/p>\n<\/div>\n<\/td>\n<td><img decoding=\"async\" src=\"photos\/4starsimage.jpg\" alt=\"Cuatro estrellas\" class=\"amp-include\" width=\"110\" height=\"40\"><\/td>\n<td>Superior a la media<\/td>\n<\/tr>\n<tr>\n<td><strong>Dotaci\u00f3n de personal RN<\/strong><\/td>\n<td><img decoding=\"async\" src=\"photos\/4starsimage.jpg\" alt=\"Cuatro estrellas\" class=\"amp-include\" width=\"110\" height=\"40\"><\/td>\n<td>Por encima de la media<\/td>\n<\/tr>\n<tr>\n<td><strong>Medidas de calidad<\/strong><img decoding=\"async\" src=\"files\/iratingicon.png\" class=\"irating\" alt=\"informaci\u00f3n\"><\/p>\n<div class=\"pop-box pb-measures\">\n<p>Medicare asigna la clasificaci\u00f3n por estrellas bas\u00e1ndose en los datos de un conjunto selecto de medidas de datos cl\u00ednicos. M\u00e1s estrellas significa mejor calidad asistencial <\/p>\n<\/div>\n<\/td>\n<td><img decoding=\"async\" src=\"photos\/5starsimage.jpg\" alt=\"Cinco estrellas\" class=\"amp-include\" width=\"110\" height=\"40\"><\/td>\n<td>Muy por encima de la media<\/td>\n<\/tr>\n<\/tbody>\n<\/table>\n<\/div>\n<div class=\"topbottommargin\"><strong class=\"number\">3<\/strong><strong class=\"specialheading\">Estad\u00edsticas clave de la corta estancia<\/strong><\/p>\n<table>\n<thead>\n<tr>\n<td><em>Descripci\u00f3n<\/em><\/td>\n<td><em>Centro de cuidados Cross Pointe<\/em><\/td>\n<td><em>Florida<br \/>Media<\/em><\/td>\n<\/tr>\n<\/thead>\n<tbody>\n<tr>\n<td><strong>Porcentaje de residentes de corta estancia que declaran dolor de moderado a intenso<\/strong><br \/><small><em>Los porcentajes m\u00e1s bajos son mejores<\/em>.<\/small><\/td>\n<td>11.9%<\/td>\n<td>8.9%<\/td>\n<\/tr>\n<tr>\n<td><strong>Porcentaje de residentes de SNF con \u00falceras por presi\u00f3n nuevas o que han empeorado.<\/strong><br \/><small><em>Los porcentajes m\u00e1s bajos son mejores<\/em>.<\/small><\/td>\n<td>1.4%<\/td>\n<td>No disponible<\/td>\n<\/tr>\n<tr>\n<td><strong>Porcentaje de residentes de corta estancia evaluados y a los que se administr\u00f3, adecuadamente, la vacuna contra la gripe estacional.<\/strong><br \/><small><em>Los porcentajes m\u00e1s altos son mejores<\/em>.<\/small><\/td>\n<td>96.8%<\/td>\n<td>88.3%<\/td>\n<\/tr>\n<tr>\n<td><strong>Porcentaje de residentes de corta estancia evaluados y a los que se administr\u00f3, adecuadamente, la vacuna antineumoc\u00f3cica.<\/strong><br \/><small><em>Los porcentajes m\u00e1s altos son mejores<\/em>.<\/small><\/td>\n<td>98.6%<\/td>\n<td>91.8%<\/td>\n<\/tr>\n<tr>\n<td><strong>Porcentaje de residentes de corta estancia que recibieron medicaci\u00f3n antipsic\u00f3tica por primera vez<\/strong><br \/><small><em>Los porcentajes m\u00e1s bajos son mejores<\/em>.<\/small><\/td>\n<td>9.4%<\/td>\n<td>2.1%<\/td>\n<\/tr>\n<\/tbody>\n<\/table>\n<\/div>\n<div class=\"topbottommargin\"><strong class=\"number\">4<\/strong><strong class=\"specialheading\">Estad\u00edsticas clave de larga estancia<\/strong><\/p>\n<table>\n<thead>\n<tr>\n<td><em>Descripci\u00f3n<\/em><\/td>\n<td><em>Centro de cuidados Cross Pointe<\/em><\/td>\n<td><em>Florida<br \/>Media<\/em><\/td>\n<\/tr>\n<\/thead>\n<tbody>\n<tr>\n<td><strong>Porcentaje de residentes de larga estancia que sufren una o m\u00e1s ca\u00eddas con lesiones graves<\/strong><br \/><small><em>Los porcentajes m\u00e1s bajos son mejores<\/em>.<\/small><\/td>\n<td>1.3%<\/td>\n<td>2.7%<\/td>\n<\/tr>\n<tr>\n<td><strong>Porcentaje de residentes de larga estancia con infecci\u00f3n urinaria<\/strong><br \/><small><em>Los porcentajes m\u00e1s bajos son mejores<\/em>.<\/small><\/td>\n<td>2.5%<\/td>\n<td>2.7%<\/td>\n<\/tr>\n<tr>\n<td><strong>Porcentaje de residentes de larga estancia que declaran dolor de moderado a intenso<\/strong><br \/><small><em>Los porcentajes m\u00e1s bajos son mejores<\/em>.<\/small><\/td>\n<td>5.7%<\/td>\n<td>4.3%<\/td>\n<\/tr>\n<tr>\n<td><strong>Porcentaje de residentes de larga estancia y alto riesgo con \u00falceras por presi\u00f3n<\/strong><br \/><small><em>Los porcentajes m\u00e1s bajos son mejores<\/em>.<\/small><\/td>\n<td>3.1%<\/td>\n<td>8.0%<\/td>\n<\/tr>\n<tr>\n<td><strong>Porcentaje de residentes de larga estancia y bajo riesgo que pierden el control de sus esf\u00ednteres<\/strong><br \/><small><em>Los porcentajes m\u00e1s bajos son mejores<\/em>.<\/small><\/td>\n<td>33.1%<\/td>\n<td>54.5%<\/td>\n<\/tr>\n<tr>\n<td><strong>Porcentaje de residentes de larga estancia que tienen o han tenido una sonda insertada y dejada en la vejiga<\/strong><br \/><small><em>Los porcentajes m\u00e1s bajos son mejores<\/em>.<\/small><\/td>\n<td>0.0%<\/td>\n<td>1.8%<\/td>\n<\/tr>\n<tr>\n<td><strong>Porcentaje de residentes de larga estancia que fueron sujetados f\u00edsicamente<\/strong><br \/><small><em>Los porcentajes m\u00e1s bajos son mejores<\/em>.<\/small><\/td>\n<td>1.3%<\/td>\n<td>0.2%<\/td>\n<\/tr>\n<tr>\n<td><strong>Porcentaje de residentes de larga estancia cuya capacidad para moverse de forma independiente empeor\u00f3<\/strong><br \/><small><em>Los porcentajes m\u00e1s bajos son mejores<\/em>.<\/small><\/td>\n<td>5.0%<\/td>\n<td>16.4%<\/td>\n<\/tr>\n<tr>\n<td><strong>Porcentaje de residentes de larga estancia cuya necesidad de ayuda para las actividades cotidianas ha aumentado<\/strong><br \/><small><em>Los porcentajes m\u00e1s bajos son mejores<\/em>.<\/small><\/td>\n<td>7.6%<\/td>\n<td>12.7%<\/td>\n<\/tr>\n<tr>\n<td><strong>Porcentaje de residentes de larga estancia que pierden mucho peso<\/strong><br \/><small><em>Los porcentajes m\u00e1s bajos son mejores<\/em>.<\/small><\/td>\n<td>1.9%<\/td>\n<td>5.5%<\/td>\n<\/tr>\n<tr>\n<td><strong>Porcentaje de residentes de larga estancia que tienen s\u00edntomas depresivos<\/strong><br \/><small><em>Los porcentajes m\u00e1s bajos son mejores<\/em>.<\/small><\/td>\n<td>0.0%<\/td>\n<td>1.0%<\/td>\n<\/tr>\n<tr>\n<td><strong>Porcentaje de residentes de larga estancia que recibieron un ansiol\u00edtico o hipn\u00f3tico<\/strong><br \/><small><em>Los porcentajes m\u00e1s bajos son mejores<\/em>.<\/small><\/td>\n<td>50.8%<\/td>\n<td>24.3%<\/td>\n<\/tr>\n<tr>\n<td><strong>Porcentaje de residentes de larga estancia evaluados y a los que se administr\u00f3, adecuadamente, la vacuna contra la gripe estacional.<\/strong><br \/><small><em>Los porcentajes m\u00e1s altos son mejores<\/em>.<\/small><\/td>\n<td>98.8%<\/td>\n<td>95.6%<\/td>\n<\/tr>\n<tr>\n<td><strong>Porcentaje de residentes de larga estancia evaluados y a los que se administr\u00f3, adecuadamente, la vacuna antineumoc\u00f3cica.<\/strong><br \/><small><em>Los porcentajes m\u00e1s altos son mejores<\/em>.<\/small><\/td>\n<td>99.4%<\/td>\n<td>96.9%<\/td>\n<\/tr>\n<tr>\n<td><strong>Porcentaje de residentes de larga estancia que recibieron un medicamento antipsic\u00f3tico<\/strong><br \/><small><em>Los porcentajes m\u00e1s bajos son mejores<\/em>.<\/small><\/td>\n<td>37.4%<\/td>\n<td>14.1%<\/td>\n<\/tr>\n<\/tbody>\n<\/table>\n<\/div>\n<div class=\"topbottommargin\"><strong class=\"number\">5<\/strong><strong class=\"specialheading\">Resumen de la inspecci\u00f3n<\/strong><\/p>\n<p><strong>Fecha de la inspecci\u00f3n sanitaria est\u00e1ndar:<\/strong>29\/11\/2018<br \/><strong>N\u00famero total de deficiencias sanitarias:<\/strong>4<br \/><strong>N\u00famero medio de deficiencias sanitarias en Florida:<\/strong>6,4<\/p>\n<\/div>\n<\/div><\/div>\n<div class=\"subpageslist\">\n<ul> <\/ul>\n<\/p><\/div>\n<\/p><\/div>\n","protected":false},"excerpt":{"rendered":"<p>Sin honorarios a menos que ganemos. Llama al 866-352-9626 para una &#8230; <\/p>\n","protected":false},"author":3,"featured_media":0,"parent":0,"menu_order":0,"comment_status":"closed","ping_status":"closed","template":"template-practice-areas.php","meta":{"footnotes":""},"class_list":["post-22470","page","type-page","status-publish","hentry"],"featured_image_src":null,"featured_image_src_square":null,"_links":{"self":[{"href":"https:\/\/flaxmanlaw.com\/es\/wp-json\/wp\/v2\/pages\/22470","targetHints":{"allow":["GET"]}}],"collection":[{"href":"https:\/\/flaxmanlaw.com\/es\/wp-json\/wp\/v2\/pages"}],"about":[{"href":"https:\/\/flaxmanlaw.com\/es\/wp-json\/wp\/v2\/types\/page"}],"author":[{"embeddable":true,"href":"https:\/\/flaxmanlaw.com\/es\/wp-json\/wp\/v2\/users\/3"}],"replies":[{"embeddable":true,"href":"https:\/\/flaxmanlaw.com\/es\/wp-json\/wp\/v2\/comments?post=22470"}],"version-history":[{"count":0,"href":"https:\/\/flaxmanlaw.com\/es\/wp-json\/wp\/v2\/pages\/22470\/revisions"}],"wp:attachment":[{"href":"https:\/\/flaxmanlaw.com\/es\/wp-json\/wp\/v2\/media?parent=22470"}],"curies":[{"name":"wp","href":"https:\/\/api.w.org\/{rel}","templated":true}]}}