{"id":22471,"date":"2024-11-18T12:44:32","date_gmt":"2024-11-18T12:44:32","guid":{"rendered":"https:\/\/flaxmanlaw.wpenginepowered.com\/peligros-de-las-carreteras-de-homestead-abogados-de-accidentes-de-trafico-del-condado-de-miami-dade\/"},"modified":"2024-11-18T12:44:32","modified_gmt":"2024-11-18T12:44:32","slug":"peligros-de-las-carreteras-de-homestead-abogados-de-accidentes-de-trafico-del-condado-de-miami-dade","status":"publish","type":"page","link":"https:\/\/flaxmanlaw.com\/es\/peligros-de-las-carreteras-de-homestead-abogados-de-accidentes-de-trafico-del-condado-de-miami-dade\/","title":{"rendered":"Peligros de las carreteras de Homestead | Abogados de accidentes de tr\u00e1fico del condado de Miami-Dade"},"content":{"rendered":"<div class=\"bodytext\">\n<h2>Peligros de la carretera de Homestead  <\/h1><\/h2>\n<div class=\"description\">\n<p>Las carreteras son dise\u00f1adas cuidadosamente por los ingenieros y mantenidas por los municipios para que sigan siendo seguras para todos los motoristas, ciclistas, peatones y conductores que circulan por ellas. Millones de personas de Florida y de todo Estados Unidos conf\u00edan en la seguridad vial para llegar seguras a sus destinos, hogares y lugares de trabajo. Por desgracia, no todos los municipios ni las empresas contratadas por las ciudades hacen un buen trabajo en la prevenci\u00f3n de los peligros viales.  <\/p>\n<p>Si has sufrido un accidente de tr\u00e1fico causado por condiciones inseguras de la calzada, puedes presentar una reclamaci\u00f3n legal contra la ciudad y contra otras partes responsables. Presentar una demanda no s\u00f3lo puede ayudar a realizar importantes cambios de seguridad que eviten que otros resulten heridos, sino que puede ayudarte a buscar una compensaci\u00f3n por tus salarios perdidos, dolor y sufrimiento, facturas m\u00e9dicas y otros gastos. Los abogados del Grupo Legal Flaxman han ayudado a demandantes por lesiones personales y a sobrevivientes de accidentes automovil\u00edsticos durante m\u00e1s de sesenta d\u00e9cadas a obtener una indemnizaci\u00f3n por sus lesiones.  <\/p>\n<p><strong class=\"heading4\">\u00bfQu\u00e9 peligros viales existen en Homestead?<\/strong><\/p>\n<p>Hay muchos tipos de peligros en la carretera que pueden provocar un accidente de tr\u00e1fico en tu comunidad:<\/p>\n<ul>\n<li>Mala se\u00f1alizaci\u00f3n o falta de se\u00f1ales de tr\u00e1fico o sem\u00e1foros<\/li>\n<li>Mal dise\u00f1o de la carretera<\/li>\n<li>Baches<\/li>\n<li>Mala visibilidad causada por \u00e1rboles, hierbas y otras plantas que crecen demasiado<\/li>\n<li>Mala visibilidad causada por edificios, obst\u00e1culos temporales y un dise\u00f1o deficiente<\/li>\n<li>Obras en las carreteras<\/li>\n<li>Desv\u00edos incorrectos o falta de paso temporal seguro en caso de obras<\/li>\n<li>Escombros ca\u00eddos de camiones<\/li>\n<li>Mal mantenimiento de las carreteras<\/li>\n<li>Escombros dejados por obras o construcci\u00f3n de carreteras<\/li>\n<\/ul>\n<p>Puede ser dif\u00edcil saber qu\u00e9 ha causado tu accidente de coche en Homestead o en otra comunidad. Si has tenido un accidente de coche y sospechas que puede haber sido causado por las malas condiciones de la carretera, es posible que tengas una reclamaci\u00f3n legal en virtud de la legislaci\u00f3n de Florida. Es posible que puedas perseguir a las partes responsables para obtener una indemnizaci\u00f3n por tus lesiones.  <\/p>\n<p><strong class=\"heading4\">B\u00fasqueda de justicia e indemnizaci\u00f3n<\/strong><\/p>\n<p>Este tipo de casos pueden ser complejos, lo que significa que necesitas la representaci\u00f3n de un abogado cualificado en lesiones personales en Homestead o en tu comunidad. En muchos casos, los municipios y las ciudades est\u00e1n protegidos por poderosos abogados. A menudo se requiere un caso muy s\u00f3lido para demostrar tus lesiones y probar la negligencia a fin de conseguir una indemnizaci\u00f3n.  <\/p>\n<p>Este tipo de casos tambi\u00e9n puede ser complejo porque puede haber m\u00faltiples partes responsables. Las ciudades y los municipios pueden haber contratado obras o mantenimiento de carreteras a otras empresas, y en caso de accidente los municipios pueden culpar a las empresas contratadas, mientras que las empresas contratadas pueden culpar a trabajadores concretos, a empresas subcontratadas o a la ciudad. El se\u00f1alamiento con el dedo puede hacer que resulte complejo averiguar qu\u00e9 ocurri\u00f3 exactamente para que se produjera tu accidente.  <\/p>\n<p>Si has resultado herido en un accidente de coche en Homestead o en cualquier comunidad del sur de Florida, es natural que est\u00e9s asustado. Sin embargo, usted no tiene que pasar por el proceso de demandas y el proceso de buscar una compensaci\u00f3n solo. Los abogados del Grupo Legal Flaxman cuentan con m\u00e1s de seis d\u00e9cadas de experiencia legal combinada y est\u00e1n dispuestos a ayudarle a encontrar respuestas en su situaci\u00f3n. Para programar una consulta gratuita sobre accidentes y averiguar si tienes un caso, <a href=\"contacta con nosotros.html\">contacta<\/a> hoy mismo <a href=\"contacta con nosotros.html\">al Grupo Legal Flaxman<\/a>.   <\/p>\n<\/p><\/div>\n<\/p><\/div>\n","protected":false},"excerpt":{"rendered":"<p>Sin honorarios a menos que ganemos. Llama al 866-352-9626 para una &#8230; <\/p>\n","protected":false},"author":3,"featured_media":0,"parent":0,"menu_order":0,"comment_status":"closed","ping_status":"closed","template":"template-practice-areas.php","meta":{"footnotes":""},"class_list":["post-22471","page","type-page","status-publish","hentry"],"featured_image_src":null,"featured_image_src_square":null,"_links":{"self":[{"href":"https:\/\/flaxmanlaw.com\/es\/wp-json\/wp\/v2\/pages\/22471","targetHints":{"allow":["GET"]}}],"collection":[{"href":"https:\/\/flaxmanlaw.com\/es\/wp-json\/wp\/v2\/pages"}],"about":[{"href":"https:\/\/flaxmanlaw.com\/es\/wp-json\/wp\/v2\/types\/page"}],"author":[{"embeddable":true,"href":"https:\/\/flaxmanlaw.com\/es\/wp-json\/wp\/v2\/users\/3"}],"replies":[{"embeddable":true,"href":"https:\/\/flaxmanlaw.com\/es\/wp-json\/wp\/v2\/comments?post=22471"}],"version-history":[{"count":0,"href":"https:\/\/flaxmanlaw.com\/es\/wp-json\/wp\/v2\/pages\/22471\/revisions"}],"wp:attachment":[{"href":"https:\/\/flaxmanlaw.com\/es\/wp-json\/wp\/v2\/media?parent=22471"}],"curies":[{"name":"wp","href":"https:\/\/api.w.org\/{rel}","templated":true}]}}