{"id":22473,"date":"2024-11-18T12:44:32","date_gmt":"2024-11-18T12:44:32","guid":{"rendered":"https:\/\/flaxmanlaw.wpenginepowered.com\/homestead-electrodomesticos-abogados-de-responsabilidad-por-productos-defectuosos-del-condado-de-miami-dade\/"},"modified":"2024-11-18T12:44:32","modified_gmt":"2024-11-18T12:44:32","slug":"homestead-electrodomesticos-abogados-de-responsabilidad-por-productos-defectuosos-del-condado-de-miami-dade","status":"publish","type":"page","link":"https:\/\/flaxmanlaw.com\/es\/homestead-electrodomesticos-abogados-de-responsabilidad-por-productos-defectuosos-del-condado-de-miami-dade\/","title":{"rendered":"Homestead Electrodom\u00e9sticos | Abogados de Responsabilidad por Productos Defectuosos del Condado de Miami-Dade"},"content":{"rendered":"<div class=\"bodytext\">\n<h2>Electrodom\u00e9sticos Homestead<\/h1><\/h2>\n<div class=\"description\">\n<p>Todos utilizamos a diario electrodom\u00e9sticos y aparatos dom\u00e9sticos, a menudo sin pensar en ellos, dando por sentado que los productos de nuestra casa son seguros. Por desgracia, cada a\u00f1o miles de personas de Florida y de Homestead sufren lesiones graves o incluso mortales debido a defectos de productos que afectan a electrodom\u00e9sticos y art\u00edculos dom\u00e9sticos de uso cotidiano. <\/p>\n<p>\u00bfHas resultado lesionado por un producto defectuoso? Si usted tiene una demanda legal, los abogados del Grupo Legal Flaxman cuentan con m\u00e1s de 60 a\u00f1os de experiencia que pueden poner a trabajar para usted, buscando agresivamente justicia y compensaci\u00f3n en su situaci\u00f3n. <a href=\"contacta con nosotros.html\">Contacta<\/a> hoy mismo <a href=\"contacta con nosotros.html\">con el Grupo Legal Flaxman<\/a> para concertar una consulta gratuita y sin compromiso. <\/p>\n<p><strong class=\"heading4\">\u00bfC\u00f3mo se producen los defectos de los productos?<\/strong><\/p>\n<p>Los electrodom\u00e9sticos y las instalaciones pueden ser defectuosos por varias razones:<\/p>\n<ul>\n<li>Mal dise\u00f1o<\/li>\n<li>Defectos en el proceso de fabricaci\u00f3n o errores cometidos en el proceso de fabricaci\u00f3n<\/li>\n<li>Errores en el etiquetado o en los manuales de instrucciones<\/li>\n<li>La fabricaci\u00f3n se subcontrata en el extranjero y se producen errores en el proceso de fabricaci\u00f3n porque la empresa no supervisa de cerca la elaboraci\u00f3n del producto.<\/li>\n<\/ul>\n<p>Casi todos los electrodom\u00e9sticos y aparatos dom\u00e9sticos pueden verse afectados por defectos del producto. Tu frigor\u00edfico, cocina y otros electrodom\u00e9sticos pueden tener defectos que los lleven a funcionar mal o incluso a incendiarse. Cuanto mayor sea el electrodom\u00e9stico en cuesti\u00f3n, m\u00e1s graves ser\u00e1n las posibles lesiones.  <\/p>\n<p>Los fabricantes y los minoristas tienen la obligaci\u00f3n de garantizar que los productos que venden son seguros. Cuando los fabricantes son negligentes, las v\u00edctimas que han sufrido lesiones pueden interponer una demanda judicial. <\/p>\n<p><strong class=\"heading4\">\u00bfQu\u00e9 tipos de lesiones provocan los productos defectuosos?<\/strong><\/p>\n<p>Independientemente de lo que haya causado los defectos en tus art\u00edculos dom\u00e9sticos y menaje, este tipo de desperfectos puede provocar muchos tipos de lesiones, entre ellas:<\/p>\n<ul>\n<li>Quemaduras causadas por cortocircuitos y fallos el\u00e9ctricos<\/li>\n<li>Amputaciones<\/li>\n<li>Fracturas<\/li>\n<li>Exposici\u00f3n a materiales t\u00f3xicos<\/li>\n<li>Lesiones faciales<\/li>\n<li>Lesiones oculares<\/li>\n<li>Laceraciones<\/li>\n<li>Par\u00e1lisis<\/li>\n<li>Abrasiones<\/li>\n<li>Desfiguraci\u00f3n<\/li>\n<li>Lesiones en la cabeza<\/li>\n<li>Lesiones medulares<\/li>\n<\/ul>\n<p>Si has utilizado un accesorio dom\u00e9stico o un electrodom\u00e9stico correctamente para su uso previsto y has sufrido una lesi\u00f3n grave, necesitar\u00e1s asesoramiento jur\u00eddico, as\u00ed como atenci\u00f3n m\u00e9dica. Aunque tu p\u00f3liza de seguro de hogar puede cubrir algunos de los da\u00f1os, en muchos casos puedes tener una reclamaci\u00f3n por responsabilidad civil por productos defectuosos en Homestead o en tu comunidad y podr\u00e1s solicitar una indemnizaci\u00f3n justa que te ayude a pagar la p\u00e9rdida de ingresos, las facturas m\u00e9dicas y otros gastos. <\/p>\n<p>Si no pudieras trabajar ma\u00f1ana debido a una lesi\u00f3n y o tuvieras que hacer frente de repente a decenas de miles de d\u00f3lares -o m\u00e1s- en gastos m\u00e9dicos, \u00bfc\u00f3mo sobrevivir\u00edas econ\u00f3micamente? Por desgracia, es una pregunta que muchos supervivientes de lesiones personales en Homestead tienen que hacerse despu\u00e9s de sufrir lesiones por productos defectuosos. Incluso con seguro, muchas personas que sufren una lesi\u00f3n catastr\u00f3fica debida a productos dom\u00e9sticos peligrosos se encuentran luchando para reponer los ingresos perdidos y pagar los gastos m\u00e9dicos. Sin embargo, si tus lesiones fueron causadas por la negligencia o imprudencia de un fabricante, ten en cuenta que puedes solicitar una indemnizaci\u00f3n con arreglo a las leyes de Florida. Para saber m\u00e1s, concierta una consulta gratuita sobre tu caso con el Grupo Legal Flaxman llamando al 866-352-9626.    <\/p>\n<\/p><\/div>\n<\/p><\/div>\n","protected":false},"excerpt":{"rendered":"<p>Sin honorarios a menos que ganemos. Llama al 866-352-9626 para una &#8230; <\/p>\n","protected":false},"author":3,"featured_media":0,"parent":0,"menu_order":0,"comment_status":"closed","ping_status":"closed","template":"template-practice-areas.php","meta":{"footnotes":""},"class_list":["post-22473","page","type-page","status-publish","hentry"],"featured_image_src":null,"featured_image_src_square":null,"_links":{"self":[{"href":"https:\/\/flaxmanlaw.com\/es\/wp-json\/wp\/v2\/pages\/22473","targetHints":{"allow":["GET"]}}],"collection":[{"href":"https:\/\/flaxmanlaw.com\/es\/wp-json\/wp\/v2\/pages"}],"about":[{"href":"https:\/\/flaxmanlaw.com\/es\/wp-json\/wp\/v2\/types\/page"}],"author":[{"embeddable":true,"href":"https:\/\/flaxmanlaw.com\/es\/wp-json\/wp\/v2\/users\/3"}],"replies":[{"embeddable":true,"href":"https:\/\/flaxmanlaw.com\/es\/wp-json\/wp\/v2\/comments?post=22473"}],"version-history":[{"count":0,"href":"https:\/\/flaxmanlaw.com\/es\/wp-json\/wp\/v2\/pages\/22473\/revisions"}],"wp:attachment":[{"href":"https:\/\/flaxmanlaw.com\/es\/wp-json\/wp\/v2\/media?parent=22473"}],"curies":[{"name":"wp","href":"https:\/\/api.w.org\/{rel}","templated":true}]}}