{"id":22474,"date":"2024-11-18T12:44:32","date_gmt":"2024-11-18T12:44:32","guid":{"rendered":"https:\/\/flaxmanlaw.wpenginepowered.com\/conduccion-distraida-en-homestead-abogados-de-accidentes-de-coche-en-el-condado-de-miami-dade\/"},"modified":"2024-11-18T12:44:32","modified_gmt":"2024-11-18T12:44:32","slug":"conduccion-distraida-en-homestead-abogados-de-accidentes-de-coche-en-el-condado-de-miami-dade","status":"publish","type":"page","link":"https:\/\/flaxmanlaw.com\/es\/conduccion-distraida-en-homestead-abogados-de-accidentes-de-coche-en-el-condado-de-miami-dade\/","title":{"rendered":"Conducci\u00f3n distra\u00edda en Homestead | Abogados de accidentes de coche en el condado de Miami-Dade"},"content":{"rendered":"<div class=\"bodytext\">\n<h2>Conducci\u00f3n distra\u00edda en Homestead<\/h1><\/h2>\n<div class=\"description\">\n<p>En los \u00faltimos a\u00f1os, se ha prestado mucha atenci\u00f3n a la conducci\u00f3n distra\u00edda, y muchos legisladores han intentado aprobar leyes que ilegalicen en Florida la conducci\u00f3n con mensajes de texto. Hay un gran debate sobre el tema, con algunas personas que afirman que la conducci\u00f3n distra\u00edda es una de las principales causas de accidentes de coche y otras que alegan que los tel\u00e9fonos m\u00f3viles no distraen tanto como la gente cree. <\/p>\n<p>Independientemente de lo que creas personalmente, se han realizado muchos estudios que demuestran que la conducci\u00f3n distra\u00edda es una de las principales causas de accidentes de coche y cami\u00f3n en Homestead y en todo el pa\u00eds. Si has resultado herido por un conductor que estaba demasiado distra\u00eddo para conducir con seguridad, puede que tengas una reclamaci\u00f3n legal. Aunque en Florida todav\u00eda no est\u00e1 prohibido enviar mensajes de texto a los conductores, se considera que cualquier conductor distra\u00eddo conduce de forma temeraria y puede ser considerado responsable de las lesiones que cause. Si usted ha resultado lesionado por un conductor distra\u00eddo, contacte al Grupo Legal Flaxman en cualquier momento para programar una evaluaci\u00f3n gratuita de su caso y averiguar qu\u00e9 se puede hacer en su caso. Dependiendo de los detalles de tu situaci\u00f3n, puedes tener una demanda legal que te permita buscar una compensaci\u00f3n por tus lesiones.    <\/p>\n<p><strong class=\"heading4\">\u00bfConducci\u00f3n distra\u00edda significa s\u00f3lo tel\u00e9fono m\u00f3vil?<\/strong><\/p>\n<p>Aunque se ha prestado mucha atenci\u00f3n a los tel\u00e9fonos m\u00f3viles como tipo de distracci\u00f3n del conductor, conducir distra\u00eddo significa cualquiera de las siguientes cosas:<\/p>\n<ul type=\"disc\">\n<li>Apartar la vista de la carretera<\/li>\n<li>Quitar las manos del volante<\/li>\n<li>Despreoc\u00fapate de la conducci\u00f3n<\/li>\n<\/ul>\n<p>Aunque los tel\u00e9fonos m\u00f3viles son una de las principales causas de distracci\u00f3n, la conducci\u00f3n distra\u00edda puede incluir cualquiera de los siguientes tipos de distracciones:<\/p>\n<ul type=\"disc\">\n<li>So\u00f1ar despierto<\/li>\n<li>Hablar con los pasajeros<\/li>\n<li>Mirar de reojo los accidentes de tr\u00e1fico o las vallas publicitarias<\/li>\n<li>Cuidar de las mascotas en lugar de mirar la carretera<\/li>\n<li>Cambiar la m\u00fasica<\/li>\n<li>Ajustar los mandos de tu coche<\/li>\n<li>Beber<\/li>\n<li>Comer<\/li>\n<li>Arreglarse o arreglarse el maquillaje<\/li>\n<li>Cambiarse de ropa mientras conduces<\/li>\n<li>Rebuscar en una cartera o bolso<\/li>\n<li>Lectura<\/li>\n<li>Comprobar un mapa<\/li>\n<li>Intenta coger algo del suelo o del asiento trasero del coche<\/li>\n<\/ul>\n<p>Es f\u00e1cil distraerse durante la conducci\u00f3n, sobre todo porque la mayor\u00eda de los conductores tienden a sobrestimar sus capacidades al volante y suponen que pueden manejar unos minutos de distracci\u00f3n. De hecho, unos segundos de distracci\u00f3n pueden significar tiempo suficiente para recorrer la longitud de un campo de f\u00fatbol, tiempo de sobra para provocar un accidente con peatones en Homestead o un grave accidente de tr\u00e1fico. <\/p>\n<p><strong class=\"heading4\">Llama a un abogado de lesiones personales<\/strong><\/p>\n<p>Es posible que tengas una reclamaci\u00f3n judicial u otras opciones para pedir una indemnizaci\u00f3n por tus lesiones. Los conductores que conducen sin concentrarse en la carretera saben que se arriesgan a sufrir accidentes y deben responder de sus actos. Si has sufrido lesiones, mereces que te ayuden con tu situaci\u00f3n.  <\/p>\n<p>Si usted ha resultado lesionado por un conductor imprudente que se distrajo mientras manejaba, <a href=\"contacta con nosotros.html\">contacte al Grupo Legal Flaxman<\/a> para programar una consulta gratuita y sin compromiso para revisar su situaci\u00f3n. Los abogados del Grupo Legal Flaxman cuentan con m\u00e1s de 60 a\u00f1os de experiencia legal y han ayudado exitosamente a miles de demandantes a obtener una compensaci\u00f3n. \u00bfNo merece usted este nivel de experiencia y este historial de \u00e9xito en su caso?  <\/p>\n<\/p><\/div>\n<\/p><\/div>\n","protected":false},"excerpt":{"rendered":"<p>Sin honorarios a menos que ganemos. Llama al 866-352-9626 para una &#8230; <\/p>\n","protected":false},"author":3,"featured_media":0,"parent":0,"menu_order":0,"comment_status":"closed","ping_status":"closed","template":"template-practice-areas.php","meta":{"footnotes":""},"class_list":["post-22474","page","type-page","status-publish","hentry"],"featured_image_src":null,"featured_image_src_square":null,"_links":{"self":[{"href":"https:\/\/flaxmanlaw.com\/es\/wp-json\/wp\/v2\/pages\/22474","targetHints":{"allow":["GET"]}}],"collection":[{"href":"https:\/\/flaxmanlaw.com\/es\/wp-json\/wp\/v2\/pages"}],"about":[{"href":"https:\/\/flaxmanlaw.com\/es\/wp-json\/wp\/v2\/types\/page"}],"author":[{"embeddable":true,"href":"https:\/\/flaxmanlaw.com\/es\/wp-json\/wp\/v2\/users\/3"}],"replies":[{"embeddable":true,"href":"https:\/\/flaxmanlaw.com\/es\/wp-json\/wp\/v2\/comments?post=22474"}],"version-history":[{"count":0,"href":"https:\/\/flaxmanlaw.com\/es\/wp-json\/wp\/v2\/pages\/22474\/revisions"}],"wp:attachment":[{"href":"https:\/\/flaxmanlaw.com\/es\/wp-json\/wp\/v2\/media?parent=22474"}],"curies":[{"name":"wp","href":"https:\/\/api.w.org\/{rel}","templated":true}]}}