{"id":22478,"date":"2024-11-18T12:44:32","date_gmt":"2024-11-18T12:44:32","guid":{"rendered":"https:\/\/flaxmanlaw.wpenginepowered.com\/lesiones-personales-en-hillsboro-beach-abogados-de-accidentes-en-el-condado-de-broward\/"},"modified":"2025-09-12T15:19:01","modified_gmt":"2025-09-12T15:19:01","slug":"lesiones-personales-en-hillsboro-beach-abogados-de-accidentes-en-el-condado-de-broward","status":"publish","type":"page","link":"https:\/\/flaxmanlaw.com\/es\/lesiones-personales-en-hillsboro-beach-abogados-de-accidentes-en-el-condado-de-broward\/","title":{"rendered":"Lesiones Personales en Hillsboro"},"content":{"rendered":"<div class=\"bodytext\">\n<h2>Lesiones personales en Hillsboro Beach<\/h2>\n<div class=\"description\">\n<p><a href=\"https:\/\/flaxmanlaw.com\/hillsboro-beach-personal-injury\/\">Hillsboro Beach<\/a> es famosa por un largo tramo de carretera en la carretera estatal A1A conocido como \u00abmillonaria milla\u00bb o \u00abmilla de Hillsboro\u00bb por las casas acomodadas que all\u00ed se encuentran. Sin embargo, ninguna riqueza puede proteger a los residentes locales de lo inesperado.<\/p>\n<p>El Grupo Legal Flaxman ha tenido la fortuna de trabajar con residentes de Hillsboro Beach que buscan un abogado de lesiones personales en Hillsboro Beach. Como cualquier comunidad, Hillsboro Beach ve su cuota de accidentes graves. Si alguna vez usted resulta gravemente lesionado en el \u00e1rea, le invitamos a contactar al Grupo Legal Flaxman para una consulta gratuita sobre accidentes.<\/p>\n<p><strong class=\"heading4\"> M\u00e1s sobre la playa de Hillsboro <\/strong><\/p>\n<p>Hillsboro Beach se fund\u00f3 sobre concesiones de tierras hechas por el rey de Inglaterra al conde de Hillsborough antes de que EEUU se convirtiera en rep\u00fablica. Hoy, Hillsboro Beach forma parte del condado de Broward, Florida, y alberga muchas atracciones tur\u00edsticas, entre ellas el Faro de Hillsboro. Sigue siendo el faro m\u00e1s potente de la Costa Este y se construy\u00f3 en el Arrecife de Florida en 1907.<\/p>\n<p>El equipo jur\u00eddico del Grupo Legal Flaxman se enorgullece de servir a Hillsboro Beach y a las comunidades circundantes. Si usted se encuentra necesitando un abogado de lesiones personales en Hillsboro Beach, siempre puede contactar al Grupo Legal Flaxman al 866-352-9626 para una <a href=\"contacta con nosotros.html\">consulta inicial gratuita<\/a>. Nuestro equipo jur\u00eddico cuenta con d\u00e9cadas de experiencia y un firme compromiso con la fortaleza y la integridad. Trabajamos contigo y con expertos para ayudarte a obtener la asistencia legal que mereces.<\/p>\n<p><strong class=\"heading4\"> \u00bfQu\u00e9 lesiones personales son frecuentes en Hillsboro Beach? <\/strong><\/p>\n<p>Los tipos de lesiones que pueden ocurrir en cualquier lugar tambi\u00e9n suceden en Hillsboro Beach. El Grupo Legal Flaxman ha trabajado con residentes locales que han sufrido debido a:<\/p>\n<ul class=\"no-spacing-list\">\n<li>Accidentes de tr\u00e1fico<\/li>\n<li>Colisiones de tr\u00e1fico<\/li>\n<li>Negligencia m\u00e9dica<\/li>\n<li>Abuso y negligencia en residencias de ancianos<\/li>\n<li>Cuestiones de responsabilidad civil<\/li>\n<li>Productos peligrosos<\/li>\n<li>Lesiones laborales<\/li>\n<li>Lesiones en obras de construcci\u00f3n<\/li>\n<li>Otros incidentes<\/li>\n<\/ul>\n<p><strong class=\"heading4\"> \u00bfPor qu\u00e9 contactar con el Grupo Legal Flaxman? <\/strong><\/p>\n<p>El Grupo Legal Flaxman es una firma de servicios integrales en Florida, que ofrece una gama de servicios legales para el paciente de lesiones personales en Hillsboro Beach. Ya sea que usted haya sufrido un <a href=\"accidentes-coche.html\">accidente automovil\u00edstico<\/a> en Hillsboro Beach, <a href=\"accidentes-navegantes.html\">un accidente de barco<\/a>, o haya sufrido sus lesiones de alguna otra manera, nuestro equipo jur\u00eddico cuenta con la experiencia en juicios y seguros para ayudarle. Para averiguar lo que el Grupo Legal Flaxman puede hacer por usted, cont\u00e1ctenos al 866-352-9626 para una consulta inicial gratuita y hablar sobre su caso.<\/p>\n<p>El equipo jur\u00eddico <a href=\"sobre nosotros.html\">del Grupo Legal Flaxman<\/a> ha ayudado exitosamente a miles de pacientes de lesiones personales en Florida; nuestra compasi\u00f3n y compromiso han hecho la diferencia en muchos casos. Siempre estamos dispuestos a llegar hasta el final para asegurarnos de que los clientes de lesiones personales en Hillsboro Beach obtengan la justicia y la compensaci\u00f3n a la que tienen derecho seg\u00fan la ley. El equipo jur\u00eddico del Grupo Legal Flaxman est\u00e1 dispuesto a luchar por tus derechos. Si usted ha resultado lesionado, ll\u00e1menos en cualquier momento al 866-352-9626 para averiguar m\u00e1s sobre lo que puede ser posible en su situaci\u00f3n.<\/p>\n<p>Hillsboro Beach, Florida, se localiza a poco m\u00e1s de media hora de las oficinas en Hollywood del Grupo Legal Flaxman. Para visitar al Grupo Legal Flaxman, conduce hacia el sur por A1A N S\/Atlantic Boulevard\/Florida A1A S\/Hillsboro Mile. Sigue por A1A N S\/Florida A1A S y gira a la derecha en E Atlantic Boulevard. A continuaci\u00f3n, gira a la izquierda e incorp\u00f3rate a la I-95 S, en direcci\u00f3n a Miami. Incorp\u00f3rate a FL-820 W\/Hollywood Boulevard tomando la salida 20. Gira a la derecha en Hollywood Boulevard y otra vez a la derecha en N 56th Avenue. Gira a la izquierda en Johnson Street y dir\u00edgete al 5715 de Johnson Street, donde se encuentran las oficinas del Grupo Legal Flaxman.<\/p>\n<\/div>\n<\/div>\n","protected":false},"excerpt":{"rendered":"<p>Sin honorarios a menos que ganemos. Llama al 866-352-9626 para una &#8230; <\/p>\n","protected":false},"author":3,"featured_media":0,"parent":0,"menu_order":0,"comment_status":"closed","ping_status":"closed","template":"template-practice-areas.php","meta":{"footnotes":""},"class_list":["post-22478","page","type-page","status-publish","hentry"],"featured_image_src":null,"featured_image_src_square":null,"_links":{"self":[{"href":"https:\/\/flaxmanlaw.com\/es\/wp-json\/wp\/v2\/pages\/22478","targetHints":{"allow":["GET"]}}],"collection":[{"href":"https:\/\/flaxmanlaw.com\/es\/wp-json\/wp\/v2\/pages"}],"about":[{"href":"https:\/\/flaxmanlaw.com\/es\/wp-json\/wp\/v2\/types\/page"}],"author":[{"embeddable":true,"href":"https:\/\/flaxmanlaw.com\/es\/wp-json\/wp\/v2\/users\/3"}],"replies":[{"embeddable":true,"href":"https:\/\/flaxmanlaw.com\/es\/wp-json\/wp\/v2\/comments?post=22478"}],"version-history":[{"count":0,"href":"https:\/\/flaxmanlaw.com\/es\/wp-json\/wp\/v2\/pages\/22478\/revisions"}],"wp:attachment":[{"href":"https:\/\/flaxmanlaw.com\/es\/wp-json\/wp\/v2\/media?parent=22478"}],"curies":[{"name":"wp","href":"https:\/\/api.w.org\/{rel}","templated":true}]}}