{"id":22479,"date":"2024-11-18T12:44:32","date_gmt":"2024-11-18T12:44:32","guid":{"rendered":"https:\/\/flaxmanlaw.wpenginepowered.com\/accidentes-de-montacargas-hollywood-florida-abogados-de-lesiones-grupo-legal-flaxman\/"},"modified":"2025-12-04T04:09:45","modified_gmt":"2025-12-04T04:09:45","slug":"accidentes-de-montacargas-hollywood-florida-abogados-de-lesiones-grupo-legal-flaxman","status":"publish","type":"page","link":"https:\/\/flaxmanlaw.com\/es\/accidentes-de-montacargas-hollywood-florida-abogados-de-lesiones-grupo-legal-flaxman\/","title":{"rendered":"Accidentes de Montacargas"},"content":{"rendered":"<div class=\"bodytext\">\n<h2>Accidentes con carretillas elevadoras<\/h2>\n<div class=\"description\">\n<p>La Asociaci\u00f3n de Carretillas Industriales informa de que hay unas 855.900 carretillas elevadoras en todo el pa\u00eds, y el 11% de ellas se ver\u00e1n implicadas en un accidente cada a\u00f1o. Seg\u00fan la misma fuente, el 90% de todas las carretillas elevadoras sufrir\u00e1n alg\u00fan tipo de accidente en alg\u00fan momento durante sus a\u00f1os de uso. Cada a\u00f1o se producen 34.900 accidentes graves y 85 mortales debido a las carretillas elevadoras, seg\u00fan la OSHA (Administraci\u00f3n de Seguridad y Salud Ocupacional). El mayor n\u00famero de accidentes mortales con carretillas elevadoras implica el aplastamiento de un conductor bajo una carretilla basculante. A menudo, esto ocurre cuando un conductor intenta saltar de una carretilla basculante. Un gran n\u00famero de accidentes con carretillas elevadoras tambi\u00e9n se producen cuando una v\u00edctima es aplastada entre una carretilla elevadora y un objeto u otro veh\u00edculo. Muchas lesiones se producen cuando las v\u00edctimas son atropelladas por carretillas elevadoras o les cae carga encima desde los veh\u00edculos. Otro tipo frecuente de lesiones por montacargas en Miami y otras comunidades se produce cuando las v\u00edctimas caen de la plataforma del montacargas.<\/p>\n<p><strong class=\"heading4\">Accidentes y lesiones con carretillas elevadoras en Miami y Florida<\/strong><\/p>\n<p>Por desgracia, los accidentes con carretillas elevadoras son un tipo habitual de accidente en obras de construcci\u00f3n en Miami y en toda Florida. Este tipo de accidentes puede provocar lesiones graves, como traumatismos craneoencef\u00e1licos, <a href=\"lesiones de la columna vertebral.html\">lesiones medulares<\/a>, da\u00f1os en \u00f3rganos internos, fracturas, amputaciones y otras lesiones graves. El coste de este tipo de lesiones suele ser bastante elevado, ya que las lesiones asociadas a las carretillas elevadoras suelen ser graves. Si has resultado lesionado en un accidente laboral en Miami o en cualquier otra comunidad de Florida, ponte en contacto con un abogado de lesiones personales en Miami o en tu comunidad para recibir asesor\u00eda legal. El equipo jur\u00eddico <a href=\"index.html\">del Grupo<\/a> Legal <a href=\"index.html\">Flaxman<\/a> ha sido parte de la comunidad de Miami durante d\u00e9cadas y ha visto de primera mano lo costoso y desafiante que es para las v\u00edctimas de accidentes en obras de construcci\u00f3n comenzar a reconstruir su vida despu\u00e9s de un tr\u00e1gico accidente. El equipo jur\u00eddico del Grupo Legal Flaxman ya ha ayudado a miles de v\u00edctimas de <a href=\"lesiones-personales.html\">lesiones personales<\/a> y de accidentes laborales a obtener la justa compensaci\u00f3n que merecen.<\/p>\n<p><strong class=\"heading4\">Prevenci\u00f3n de accidentes con carretillas elevadoras en Miami y en toda Florida<\/strong><\/p>\n<p>Seg\u00fan la OSHA, muchos accidentes con carretillas elevadoras son totalmente evitables. Seg\u00fan la organizaci\u00f3n, una de las principales causas de este tipo de accidentes tiene que ver con la falta de formaci\u00f3n de los conductores. Por ley, s\u00f3lo los conductores debidamente formados pueden manejar una carretilla elevadora. Una formaci\u00f3n adecuada garantiza que los conductores sepan manejar estos veh\u00edculos con seguridad. Adem\u00e1s de la falta de formaci\u00f3n, la falta de gesti\u00f3n y supervisi\u00f3n adecuadas de las carretillas elevadoras es otra causa com\u00fan de accidentes con carretillas elevadoras. Los centros de trabajo tienen la obligaci\u00f3n de asegurarse de que sus trabajadores saben manejar correctamente todo el equipo de la obra. En algunos casos, los accidentes con carretillas elevadoras en Miami y en toda Florida se deben a equipos antiguos o defectuosos. Esto puede deberse a defectos del fabricante o a un mantenimiento incorrecto de las carretillas elevadoras.<\/p>\n<p>Si te has lesionado en un accidente laboral con una carretilla elevadora, tu prioridad inmediata ser\u00e1 recibir atenci\u00f3n m\u00e9dica. Sin embargo, tambi\u00e9n querr\u00e1s <a href=\"contacta con nosotros.html\">contactar<\/a> a un abogado de lesiones personales en Miami o en tu comunidad para obtener asesor\u00eda legal sobre tus opciones. Si has resultado lesionado, contacta al Grupo Legal Flaxman para una consulta gratuita y sin compromiso para hablar sobre tu caso. El costo de tus lesiones puede ser significativo, y obtener una compensaci\u00f3n justa por tus lesiones puede ayudar al menos a reducir la angustia financiera de tu situaci\u00f3n.<\/p>\n<\/div>\n<div class=\"subpageslist\"><\/div>\n<\/div>\n","protected":false},"excerpt":{"rendered":"<p>Sin honorarios a menos que ganemos. Llama al 866-352-9626 para una &#8230; <\/p>\n","protected":false},"author":3,"featured_media":0,"parent":0,"menu_order":0,"comment_status":"closed","ping_status":"closed","template":"template-practice-areas.php","meta":{"footnotes":""},"class_list":["post-22479","page","type-page","status-publish","hentry"],"featured_image_src":null,"featured_image_src_square":null,"_links":{"self":[{"href":"https:\/\/flaxmanlaw.com\/es\/wp-json\/wp\/v2\/pages\/22479","targetHints":{"allow":["GET"]}}],"collection":[{"href":"https:\/\/flaxmanlaw.com\/es\/wp-json\/wp\/v2\/pages"}],"about":[{"href":"https:\/\/flaxmanlaw.com\/es\/wp-json\/wp\/v2\/types\/page"}],"author":[{"embeddable":true,"href":"https:\/\/flaxmanlaw.com\/es\/wp-json\/wp\/v2\/users\/3"}],"replies":[{"embeddable":true,"href":"https:\/\/flaxmanlaw.com\/es\/wp-json\/wp\/v2\/comments?post=22479"}],"version-history":[{"count":0,"href":"https:\/\/flaxmanlaw.com\/es\/wp-json\/wp\/v2\/pages\/22479\/revisions"}],"wp:attachment":[{"href":"https:\/\/flaxmanlaw.com\/es\/wp-json\/wp\/v2\/media?parent=22479"}],"curies":[{"name":"wp","href":"https:\/\/api.w.org\/{rel}","templated":true}]}}