{"id":22480,"date":"2024-11-18T12:44:32","date_gmt":"2024-11-18T12:44:32","guid":{"rendered":"https:\/\/flaxmanlaw.wpenginepowered.com\/accidentes-por-no-ceder-el-paso-en-hialeah-abogados-de-accidentes-de-trafico-del-condado-de-miami-dade\/"},"modified":"2024-11-18T12:44:32","modified_gmt":"2024-11-18T12:44:32","slug":"accidentes-por-no-ceder-el-paso-en-hialeah-abogados-de-accidentes-de-trafico-del-condado-de-miami-dade","status":"publish","type":"page","link":"https:\/\/flaxmanlaw.com\/es\/accidentes-por-no-ceder-el-paso-en-hialeah-abogados-de-accidentes-de-trafico-del-condado-de-miami-dade\/","title":{"rendered":"Accidentes por no ceder el paso en Hialeah | Abogados de accidentes de tr\u00e1fico del condado de Miami-Dade"},"content":{"rendered":"<div class=\"bodytext\">\n<h2>Accidentes por no ceder el paso en Hialeah<\/h1><\/h2>\n<div class=\"description\">\n<p>Los accidentes por no ceder el paso en Hialeah y Florida pueden ser muy complicados. Una cosa que los hace complicados es que el conductor que golpea a otro veh\u00edculo no suele ser el conductor culpable. En la mayor\u00eda de los accidentes de tr\u00e1fico en Florida, la persona que golpea a otro veh\u00edculo se considera el conductor culpable. Por ejemplo, en un accidente en un cruce o por alcance en Florida, el conductor que golpea por detr\u00e1s a otro veh\u00edculo suele considerarse culpable. Los accidentes por no ceder el paso son diferentes. En muchos casos, el conductor culpable es la persona que no ha cedido el paso. Sin embargo, al hacerlo, el otro conductor perjudicado puede golpear inadvertidamente el veh\u00edculo del conductor culpable. En estos casos, es frecuente que el conductor culpable acuse al conductor perjudicado de causar el accidente. Puede ser especialmente desalentador resultar gravemente herido en un accidente de tr\u00e1fico y que te acusen de haber provocado el accidente.        <\/p>\n<p>Si has resultado lesionado, contacta al Grupo Legal Flaxman para una consulta gratuita sobre accidentes. Tanto si te culpan err\u00f3neamente de causar el accidente como si no, deja que los abogados de nuestro bufete de servicios integrales revisen contigo tus opciones legales. <\/p>\n<p><strong class=\"heading4\">Errores comunes tras accidentes de tr\u00e1fico en Hialeah y otras comunidades<\/strong><\/p>\n<p>Si has sufrido una colisi\u00f3n por derecho de paso, es importante que no cometas los siguientes errores:<\/p>\n<p><strong>1) Aceptar la responsabilidad del accidente.<\/strong>  Incluso disculparse por haber golpeado al otro coche puede interpretarse como aceptar la culpa del accidente. C\u00ed\u00f1ete a los hechos, intercambia informaci\u00f3n sobre el seguro y ponte en contacto con tu aseguradora y con un abogado de lesiones personales para dar los siguientes pasos en tu caso. Deja que los profesionales determinen qu\u00e9 caus\u00f3 el accidente.  <\/p>\n<p><strong>2) No recibir atenci\u00f3n m\u00e9dica.<\/strong>  Los pacientes de lesiones cerebrales en Hialeah y Florida no siempre presentan s\u00edntomas de inmediato. Las lesiones de tejidos blandos y otras lesiones tambi\u00e9n pueden tardar alg\u00fan tiempo en presentar s\u00edntomas. Es imprescindible que te examine un profesional m\u00e9dico lo antes posible tras tu accidente. Esto no s\u00f3lo puede ayudarte a salvar la vida, sino que puede garantizar que, si resultaste herido de alg\u00fan modo, puedas obtener pruebas de que el accidente caus\u00f3 tus lesiones.   <\/p>\n<p><strong>3) Aceptar la primera oferta de seguro o de acuerdo.<\/strong>  Si te hacen alg\u00fan tipo de oferta de acuerdo o de seguro, es imprescindible que lo hables con un abogado de lesiones personales de tu comunidad. Cuando te hagan una oferta, puede que ni siquiera conozcas el alcance total de tus lesiones, porque estas ofertas suelen hacerse muy r\u00e1pidamente. Un abogado de lesiones personales puede revisar contigo tus opciones y ayudarte a comprender el probable coste total de tu caso, para que puedas tomar una decisi\u00f3n con conocimiento de causa.  <\/p>\n<p><strong>4) No recibir asistencia jur\u00eddica.<\/strong>  Puedes suponer que no necesitas hablar con un abogado tras una colisi\u00f3n de tr\u00e1fico porque tienes seguro de coche y cobertura m\u00e9dica. Por desgracia, puede ser un error costoso. Que tengas seguro no significa que vayas a recibir todas las prestaciones a las que tienes derecho en virtud de tu p\u00f3liza. Un abogado especializado en lesiones personales puede revisar tu caso y ayudarte a conseguir una indemnizaci\u00f3n completa y justa para que no acabes pagando de tu bolsillo los gastos m\u00e9dicos, la p\u00e9rdida de ingresos y otros gastos.   <\/p>\n<p>Si usted o un ser querido ha resultado lesionado en un choque de tr\u00e1fico, <a href=\"contacta con nosotros.html\">contacte hoy mismo al Grupo Legal Flaxman<\/a>. No hay cargo ni obligaci\u00f3n alguna en una consulta inicial. Nunca ser\u00e1s presionado, as\u00ed que puedes usar tu consulta gratuita sobre accidentes para obtener respuestas y hacer las preguntas que puedas tener despu\u00e9s de tu colisi\u00f3n.  <\/p>\n<\/p><\/div>\n<\/p><\/div>\n","protected":false},"excerpt":{"rendered":"<p>Sin honorarios a menos que ganemos. Llama al 866-352-9626 para una &#8230; <\/p>\n","protected":false},"author":3,"featured_media":0,"parent":0,"menu_order":0,"comment_status":"closed","ping_status":"closed","template":"template-practice-areas.php","meta":{"footnotes":""},"class_list":["post-22480","page","type-page","status-publish","hentry"],"featured_image_src":null,"featured_image_src_square":null,"_links":{"self":[{"href":"https:\/\/flaxmanlaw.com\/es\/wp-json\/wp\/v2\/pages\/22480","targetHints":{"allow":["GET"]}}],"collection":[{"href":"https:\/\/flaxmanlaw.com\/es\/wp-json\/wp\/v2\/pages"}],"about":[{"href":"https:\/\/flaxmanlaw.com\/es\/wp-json\/wp\/v2\/types\/page"}],"author":[{"embeddable":true,"href":"https:\/\/flaxmanlaw.com\/es\/wp-json\/wp\/v2\/users\/3"}],"replies":[{"embeddable":true,"href":"https:\/\/flaxmanlaw.com\/es\/wp-json\/wp\/v2\/comments?post=22480"}],"version-history":[{"count":0,"href":"https:\/\/flaxmanlaw.com\/es\/wp-json\/wp\/v2\/pages\/22480\/revisions"}],"wp:attachment":[{"href":"https:\/\/flaxmanlaw.com\/es\/wp-json\/wp\/v2\/media?parent=22480"}],"curies":[{"name":"wp","href":"https:\/\/api.w.org\/{rel}","templated":true}]}}