{"id":22481,"date":"2024-11-18T12:44:32","date_gmt":"2024-11-18T12:44:32","guid":{"rendered":"https:\/\/flaxmanlaw.wpenginepowered.com\/normas-y-reglamentos-de-fl-para-camiones-intraestatales-abogados-de-accidentes-de-camiones-en-hollywood-florida\/"},"modified":"2025-05-06T10:05:48","modified_gmt":"2025-05-06T10:05:48","slug":"normas-y-reglamentos-de-fl-para-camiones-intraestatales-abogados-de-accidentes-de-camiones-en-hollywood-florida","status":"publish","type":"page","link":"https:\/\/flaxmanlaw.com\/es\/normas-y-reglamentos-de-fl-para-camiones-intraestatales-abogados-de-accidentes-de-camiones-en-hollywood-florida\/","title":{"rendered":"Normas y reglamentos de FL para camiones intraestatales"},"content":{"rendered":"<div class=\"bodytext\">\n<h2>Normas y reglamentos de FL para camiones intraestatales<\/h2>\n<div class=\"description\">\n<p>Las normas de transporte intraestatal afectan a los camiones que permanecen dentro del estado de Florida. Se trata de veh\u00edculos como autobuses escolares, camiones de basura, camiones de bomberos, camiones volquete, camiones de agua, camiones de gas, camiones de cemento y otros veh\u00edculos. Los camiones interestatales -veh\u00edculos que viajan a trav\u00e9s de las fronteras estatales- deben obedecer las normas federales establecidas por el Departamento de Transporte (DOT). Los camiones intraestatales deben seguir las leyes estatales. Si sufres un accidente de cami\u00f3n en Miami, tu reclamaci\u00f3n legal se ver\u00e1 afectada por las leyes estatales si el cami\u00f3n implicado en el accidente era un veh\u00edculo intraestatal.<\/p>\n<p>Si usted ha resultado lesionado en un accidente de cami\u00f3n en Miami, ya sea por un cami\u00f3n comercial interestatal o por un veh\u00edculo intraestatal, querr\u00e1 consultar a un abogado local de lesiones personales. En el equipo jur\u00eddico <a href=\"index.html\">del Grupo Legal Flaxman<\/a>, nuestro dedicado personal legal conoce bien los recursos locales y las leyes locales que afectan a los accidentes de cami\u00f3n. Ll\u00e1menos hoy mismo para averiguar m\u00e1s sobre sus derechos y opciones o utilice el sitio web para concertar una consulta gratuita sobre accidentes y hablar sobre su caso con un abogado de lesiones personales.<\/p>\n<p><strong class=\"heading4\">C\u00f3mo pueden afectar las normas intraestatales a tu reclamaci\u00f3n por accidente de cami\u00f3n en Miami<\/strong><\/p>\n<p>Aunque los camiones intraestatales no est\u00e1n sujetos a la normativa del DOT, muchos estados -entre ellos Florida- adaptan la normativa del DOT al crear sus propias leyes estatales. Todos los veh\u00edculos comerciales de Florida deben cumplir una serie de normas, incluidas las relativas a:<\/p>\n<p><strong>1) Seguro.<\/strong> Los veh\u00edculos comerciales suelen tener que contratar m\u00e1s seguros que los veh\u00edculos privados.<\/p>\n<p><strong>2) Licencia adecuada.<\/strong> Los conductores de veh\u00edculos comerciales intraestatales deben tener un permiso de conducir comercial v\u00e1lido en Florida. El tipo de permiso depender\u00e1 del veh\u00edculo.<\/p>\n<p><strong>3) Tama\u00f1o.<\/strong> Los veh\u00edculos comerciales de Florida est\u00e1n regulados para que no midan m\u00e1s de 102 pulgadas (8,5 pies) de ancho, 576 pulgadas (48 pies) de largo y 162 pulgadas (13,5 pies) de alto, aunque se hacen excepciones para los veh\u00edculos de emergencia, la maquinaria agr\u00edcola y algunos otros veh\u00edculos.<\/p>\n<p><strong>4) Inscripci\u00f3n.<\/strong> La mayor\u00eda de los veh\u00edculos comerciales intraestatales deben matricularse en el Departamento de Transporte de Florida (DOT) y mostrar claramente su n\u00famero de matr\u00edcula.<\/p>\n<p><strong>5) Inspecciones.<\/strong> Se espera que los camiones comerciales de Florida est\u00e9n correctamente mantenidos y est\u00e1n sujetos a inspecciones en estaciones de pesaje en carretera.<\/p>\n<p><strong class=\"heading4\">Cuando los propietarios de camiones no respetan las normas, se producen lesiones<\/strong><\/p>\n<p>Cuando los propietarios de camiones comerciales en Florida incumplen \u00e9stas y otras normas y leyes aplicables, pueden ser considerados responsables si sus camiones causan un accidente que provoque lesiones. Si has sufrido lesiones en un accidente de cami\u00f3n en Miami, es importante que consultes a un abogado local. Un abogado de lesiones personales en Miami estar\u00e1 familiarizado con todas las normas estatales que deben cumplir los camiones intraestatales. Si el cami\u00f3n que caus\u00f3 tus lesiones no cumpl\u00eda estas normas, tu abogado puede pedir una indemnizaci\u00f3n para pagar tus lesiones. Presentar una demanda judicial en estos casos tambi\u00e9n puede obligar a menudo al transportista de camiones a realizar importantes cambios de seguridad que pueden ayudar a evitar futuros accidentes.<\/p>\n<p>Si has resultado lesionado en Miami, <a href=\"contacta con nosotros.html\">contacta<\/a> al Grupo Legal Flaxman. Nunca se cobra por hablar con un abogado de lesiones personales del Grupo Legal Flaxman. Adem\u00e1s, el Grupo Legal Flaxman puede manejar todos los casos en base a honorarios de contingencia, lo que significa que usted no tendr\u00e1 que pagar por adelantado los costos legales y no tendr\u00e1 que pagar hasta que y a menos que el Grupo Legal Flaxman pueda recuperar dinero en su nombre.<\/p>\n<\/div>\n<div class=\"subpageslist\"><\/div>\n<\/div>\n","protected":false},"excerpt":{"rendered":"<p>Sin honorarios a menos que ganemos. Llama al 866-352-9626 para una &#8230; <\/p>\n","protected":false},"author":3,"featured_media":0,"parent":0,"menu_order":0,"comment_status":"closed","ping_status":"closed","template":"template-practice-areas.php","meta":{"footnotes":""},"class_list":["post-22481","page","type-page","status-publish","hentry"],"featured_image_src":null,"featured_image_src_square":null,"_links":{"self":[{"href":"https:\/\/flaxmanlaw.com\/es\/wp-json\/wp\/v2\/pages\/22481","targetHints":{"allow":["GET"]}}],"collection":[{"href":"https:\/\/flaxmanlaw.com\/es\/wp-json\/wp\/v2\/pages"}],"about":[{"href":"https:\/\/flaxmanlaw.com\/es\/wp-json\/wp\/v2\/types\/page"}],"author":[{"embeddable":true,"href":"https:\/\/flaxmanlaw.com\/es\/wp-json\/wp\/v2\/users\/3"}],"replies":[{"embeddable":true,"href":"https:\/\/flaxmanlaw.com\/es\/wp-json\/wp\/v2\/comments?post=22481"}],"version-history":[{"count":0,"href":"https:\/\/flaxmanlaw.com\/es\/wp-json\/wp\/v2\/pages\/22481\/revisions"}],"wp:attachment":[{"href":"https:\/\/flaxmanlaw.com\/es\/wp-json\/wp\/v2\/media?parent=22481"}],"curies":[{"name":"wp","href":"https:\/\/api.w.org\/{rel}","templated":true}]}}