{"id":22483,"date":"2024-11-18T12:44:32","date_gmt":"2024-11-18T12:44:32","guid":{"rendered":"https:\/\/flaxmanlaw.wpenginepowered.com\/caida-de-escombros-hollywood-florida-abogados-de-accidentes-de-camion-grupo-legal-flaxman\/"},"modified":"2025-12-04T03:54:58","modified_gmt":"2025-12-04T03:54:58","slug":"caida-de-escombros-hollywood-florida-abogados-de-accidentes-de-camion-grupo-legal-flaxman","status":"publish","type":"page","link":"https:\/\/flaxmanlaw.com\/es\/caida-de-escombros-hollywood-florida-abogados-de-accidentes-de-camion-grupo-legal-flaxman\/","title":{"rendered":"Ca\u00edda de Escombros en Hollywood"},"content":{"rendered":"<div class=\"bodytext\">\n<h2>Ca\u00edda de escombros<\/h2>\n<div class=\"description\">\n<p>Dependemos de los camiones para transportar mercanc\u00edas a y desde tiendas, hogares y otros lugares. Sin los camiones comerciales, nos resultar\u00eda dif\u00edcil mudarnos de casa, comprar nuestros comestibles favoritos o dirigir un negocio. Sin embargo, tambi\u00e9n es un hecho lamentable que los accidentes de cami\u00f3n causen muchas lesiones en Miami cada a\u00f1o. Una causa frecuente de accidentes de cami\u00f3n es la ca\u00edda de escombros. Cuando la carga del cami\u00f3n se carga incorrectamente, parte de la carga puede desprenderse y caer a la calzada. Cuando esto ocurre, los coches que circulan detr\u00e1s del cami\u00f3n pueden ser golpeados por los escombros o pueden provocar accidentes al dar un volantazo para evitar los escombros.<\/p>\n<p><strong class=\"heading4\">C\u00f3mo afrontar las secuelas de los accidentes de cami\u00f3n<\/strong><\/p>\n<p>Los accidentes de cami\u00f3n causados por la ca\u00edda de escombros son casi siempre evitables, ya que una carga y sujeci\u00f3n correctas pueden contribuir a prevenir la mayor\u00eda de este tipo de accidentes. Un accidente de cami\u00f3n en Miami suele tener resultados devastadores. Dado que estos accidentes suelen implicar a un cami\u00f3n muy comercial y a un veh\u00edculo de pasajeros m\u00e1s peque\u00f1o, los ocupantes del veh\u00edculo m\u00e1s peque\u00f1o suelen sufrir lesiones graves. Las quemaduras, los traumatismos medulares, las lesiones craneales, las fracturas, las lesiones de tejidos blandos, las amputaciones y otros tipos de lesiones graves y potencialmente mortales son frecuentes en este tipo de accidentes de tr\u00e1fico en Miami. Adem\u00e1s, las lesiones mortales tambi\u00e9n son bastante frecuentes en este tipo de accidentes de tr\u00e1fico. Si has sufrido lesiones en un accidente de cami\u00f3n, te conviene consultar a un abogado local especializado en lesiones personales. Si est\u00e1s buscando un abogado local, puedes contactar al <a href=\"index.html\">Grupo Legal Flaxman<\/a> para recibir una evaluaci\u00f3n gratuita de tu caso y hablar sobre \u00e9l.<\/p>\n<p><strong class=\"heading4\">C\u00f3mo afrontar los retos de un accidente de cami\u00f3n en Miami<\/strong><\/p>\n<p>Si has resultado gravemente herido en un accidente de cami\u00f3n en Miami, es normal que est\u00e9s asustado y alterado. Adem\u00e1s del dolor y el sufrimiento y del largo tiempo de recuperaci\u00f3n a los que puedes enfrentarte debido a lesiones catastr\u00f3ficas como amputaciones, huesos rotos, lesiones medulares y otras lesiones, el impacto de un accidente de este tipo tambi\u00e9n puede ser devastador desde el punto de vista econ\u00f3mico. En muchos casos, puedes perder ingresos y tener que sustituir todo tu veh\u00edculo. Adem\u00e1s, los gastos m\u00e9dicos tras un accidente de cami\u00f3n en Miami pueden ser devastadores. Es posible que necesites servicios de urgencias y cirug\u00eda de urgencia, adem\u00e1s de atenci\u00f3n m\u00e9dica durante un largo periodo de recuperaci\u00f3n. Con m\u00faltiples visitas al m\u00e9dico y posiblemente incluso visitas a especialistas, el coste de la atenci\u00f3n m\u00e9dica puede ser significativo. Trabajar con un abogado de lesiones personales en Miami es importante para asegurarte de que obtienes una indemnizaci\u00f3n justa, de modo que puedas pagar estos costes sin tener que pagarlos de tu bolsillo.<\/p>\n<p>Si usted ha sufrido un accidente de cami\u00f3n en Miami o en cualquier comunidad circundante, <a href=\"contacta con nosotros.html\">contacte<\/a> al Grupo Legal Flaxman para programar una consulta gratuita sobre accidentes y hablar sobre su caso. Al recibir su llamada, el Grupo Legal Flaxman puede programar una consulta gratuita sobre accidentes para hablar sobre su accidente y ayudarle a comprender los pasos que puede dar para salvaguardar sus derechos y as\u00ed obtener la compensaci\u00f3n m\u00e1s justa posible. El equipo jur\u00eddico del Grupo Legal Flaxman puede comenzar inmediatamente a investigar tu caso y a buscar una compensaci\u00f3n justa por tus lesiones. El equipo jur\u00eddico del Grupo Legal Flaxman puede tomar casos en base a honorarios de contingencia, lo que significa que es posible que usted no tenga que pagar honorarios legales hasta que y a menos que el equipo jur\u00eddico del Grupo Legal Flaxman recupere una indemnizaci\u00f3n en su nombre.<\/p>\n<\/div>\n<div class=\"subpageslist\"><\/div>\n<\/div>\n","protected":false},"excerpt":{"rendered":"<p>Sin honorarios a menos que ganemos. Llama al 866-352-9626 para una &#8230; <\/p>\n","protected":false},"author":3,"featured_media":0,"parent":0,"menu_order":0,"comment_status":"closed","ping_status":"closed","template":"template-practice-areas.php","meta":{"footnotes":""},"class_list":["post-22483","page","type-page","status-publish","hentry"],"featured_image_src":null,"featured_image_src_square":null,"_links":{"self":[{"href":"https:\/\/flaxmanlaw.com\/es\/wp-json\/wp\/v2\/pages\/22483","targetHints":{"allow":["GET"]}}],"collection":[{"href":"https:\/\/flaxmanlaw.com\/es\/wp-json\/wp\/v2\/pages"}],"about":[{"href":"https:\/\/flaxmanlaw.com\/es\/wp-json\/wp\/v2\/types\/page"}],"author":[{"embeddable":true,"href":"https:\/\/flaxmanlaw.com\/es\/wp-json\/wp\/v2\/users\/3"}],"replies":[{"embeddable":true,"href":"https:\/\/flaxmanlaw.com\/es\/wp-json\/wp\/v2\/comments?post=22483"}],"version-history":[{"count":0,"href":"https:\/\/flaxmanlaw.com\/es\/wp-json\/wp\/v2\/pages\/22483\/revisions"}],"wp:attachment":[{"href":"https:\/\/flaxmanlaw.com\/es\/wp-json\/wp\/v2\/media?parent=22483"}],"curies":[{"name":"wp","href":"https:\/\/api.w.org\/{rel}","templated":true}]}}