{"id":22484,"date":"2024-11-18T12:44:32","date_gmt":"2024-11-18T12:44:32","guid":{"rendered":"https:\/\/flaxmanlaw.wpenginepowered.com\/demandas-por-mordedura-de-perro-en-colorado-denver-co-abogados-litigantes-de-arrendadores-e-inquilinos\/"},"modified":"2024-12-19T13:12:59","modified_gmt":"2024-12-19T13:12:59","slug":"demandas-por-mordedura-de-perro-en-colorado-denver-co-abogados-litigantes-de-arrendadores-e-inquilinos","status":"publish","type":"page","link":"https:\/\/flaxmanlaw.com\/es\/demandas-por-mordedura-de-perro-en-colorado-denver-co-abogados-litigantes-de-arrendadores-e-inquilinos\/","title":{"rendered":"Demandas por mordedura de perro en Colorado | Denver, CO Abogados Litigantes de Arrendadores e Inquilinos"},"content":{"rendered":"<div class=\"bodytext\">\n<h2>Demandas por mordedura de perro en Colorado<\/h1><\/h2>\n<div class=\"description\">\n<p>Los perros no s\u00f3lo son nuestros mejores amigos, sino que tambi\u00e9n son la mascota m\u00e1s popular en todo el pa\u00eds, ya que casi la mitad de los hogares tienen uno. Aunque los compa\u00f1eros caninos pueden ser maravillosos, tambi\u00e9n suponen un riesgo. De hecho, cada a\u00f1o se producen una media de m\u00e1s de 300.000 visitas a urgencias en todo el pa\u00eds por mordeduras de perro.<\/p>\n<p>Si usted o su hijo han resultado lesionados por un perro, sepa que existen opciones para buscar una recuperaci\u00f3n financiera. Si has sido mordido y te gustar\u00eda saber m\u00e1s, contacta con las oficinas en Denver del Grupo Legal Flaxman para una <strong>consulta gratuita y sin<\/strong> compromiso con un abogado de demandas por mordedura de perro. Siempre puedes contactarnos al 970-999-0530 si has resultado lesionado.<\/p>\n<p><strong class=\"heading4\">Los hechos sobre los ataques de perros y las demandas por mordeduras de perro en Colorado<\/strong><\/p>\n<p>Los ataques de animales pueden producirse de varias maneras:<\/p>\n<ul>\n<li><strong>Ataques a mascotas.<\/strong> \u00c9ste es, con mucho, el tipo m\u00e1s com\u00fan de incidente de mordedura de perro. El propietario de un perro puede dejarlo sin correa o no vigilarlo, y el perro puede acabar atacando a alguien.<\/li>\n<li><strong>Ataques de perros a ni\u00f1os.<\/strong> Por desgracia, los ataques de perros suelen afectar a los ni\u00f1os. Los ni\u00f1os son objetivos m\u00e1s peque\u00f1os y pueden no saber c\u00f3mo actuar con los perros, lo que puede convertirlos en un objetivo. Debido a su menor tama\u00f1o, los ni\u00f1os tambi\u00e9n tienen m\u00e1s probabilidades de sufrir lesiones graves, sobre todo alrededor de la cabeza y la cara.<\/li>\n<li><strong>Ataques de perros de las fuerzas del orden. <\/strong>La polic\u00eda y otros organismos utilizan perros como parte de su trabajo. En algunos casos, personas inocentes resultan gravemente heridas por estos canes. Es especialmente dif\u00edcil responsabilizar a los organismos p\u00fablicos de lesiones personales debido a las protecciones de responsabilidad, por lo que necesitar\u00e1s un abogado experto en lesiones personales si te encuentras en esta situaci\u00f3n.<\/li>\n<li><strong>Lesiones laborales con perros. <\/strong>Algunos empleados, como los de servicios p\u00fablicos y los repartidores, tienen que entrar en propiedades como parte de su trabajo. Cuando lo hacen, pueden ser mordidos por perros si los due\u00f1os son negligentes a la hora de mantener a sus mascotas sujetas.<\/li>\n<\/ul>\n<p>En Colorado, cuando se produce un ataque de perro, la parte lesionada puede presentar una demanda judicial contra el propietario del perro para obtener una indemnizaci\u00f3n por asistencia m\u00e9dica, cirug\u00eda reconstructiva, asesoramiento o terapia, p\u00e9rdida de ingresos, p\u00e9rdida de potencial de ingresos y otras p\u00e9rdidas. Seg\u00fan la ley estatal, los propietarios de perros son considerados responsables de su animal, tanto si el perro tiene antecedentes de agresividad como si no.<\/p>\n<p><strong class=\"heading4\">\u00bfTe ha atacado un animal en Denver o en cualquier otro lugar de Colorado? Esto es lo que hay que hacer <\/strong><\/p>\n<p>Hay varias formas de reducir el riesgo de ataque de un perro. La m\u00e1s importante es evitar interacciones con perros que no conoces y familiarizarte con la forma de acercarte a los perros con seguridad. <a href=\"index.html\">Florida Health<\/a> tiene consejos sobre c\u00f3mo puedes prevenir los ataques.<\/p>\n<p>Sin embargo, incluso con todas las precauciones, pueden producirse ataques de perros. Si te ocurren a ti o a tu hijo, esto es lo que debes hacer:<\/p>\n<ul>\n<li><strong>Busca atenci\u00f3n m\u00e9dica. <\/strong>Es posible que necesites vacunas antirr\u00e1bicas, puntos de sutura y otros tratamientos, y cuanto antes recibas este tratamiento, mejor. Incluso si la mordedura parece algo que puedes tratar en casa, obtener una evaluaci\u00f3n m\u00e9dica te ayuda a empezar a documentar tu caso.<\/li>\n<li><strong>Re\u00fane pruebas. <\/strong>Haz fotos de la lesi\u00f3n y del perro, si puedes hacerlo sin peligro. Toma nota de cu\u00e1ndo se produjo el ataque y en qu\u00e9 momento. Necesitar\u00e1s la informaci\u00f3n si presentas una reclamaci\u00f3n contra la p\u00f3liza de seguro del propietario del perro o si trabajas con un abogado para presentar una reclamaci\u00f3n.<\/li>\n<li><strong>Denuncia la mordedura de perro. <\/strong>Es importante que las autoridades locales sepan del ataque para que puedan mantener a salvo a los dem\u00e1s.<\/li>\n<li><strong>Ponte en contacto con un abogado de Colorado especializado en demandas por mordedura de perro. <\/strong>Los costes de una mordedura de perro pueden ser astron\u00f3micos. Puede que tengas que pagar tratamientos continuados, bajas laborales y mucho m\u00e1s. Un abogado experto en demandas por mordedura de perro de Colorado puede ayudarte a determinar si tienes derecho a una <a href=\"demandas por lesiones personales en colorado.html\">demanda por lesiones personales<\/a> y puede buscar una indemnizaci\u00f3n justa para ti, si re\u00fanes los requisitos.<\/li>\n<\/ul>\n<p>\u00bfUsted o su hijo han sido mordidos por un perro? Si es as\u00ed, <a href=\"contacta con nosotros.html\">contacta con<\/a> las <a href=\"colorado.html\">oficinas en Denver<\/a> del Grupo Legal Flaxman en el 970-999-0530 para una consulta gratuita sobre accidentes con un abogado de mordeduras de perro en Colorado. No importa si el perro que te mordi\u00f3 tiene un historial de ataques o no. A\u00fan puedes tener derecho a una indemnizaci\u00f3n. Para saberlo con seguridad, deja que nuestro bufete familiar revise contigo los detalles de tu caso en una <strong>consulta gratuita<\/strong> sobre accidentes.<\/p>\n<\/div>\n<\/div>\n","protected":false},"excerpt":{"rendered":"<p>Sin honorarios a menos que ganemos. Llama al 866-352-9626 para una &#8230; <\/p>\n","protected":false},"author":3,"featured_media":0,"parent":0,"menu_order":0,"comment_status":"closed","ping_status":"closed","template":"template-practice-areas-lt.php","meta":{"footnotes":""},"class_list":["post-22484","page","type-page","status-publish","hentry"],"featured_image_src":null,"featured_image_src_square":null,"_links":{"self":[{"href":"https:\/\/flaxmanlaw.com\/es\/wp-json\/wp\/v2\/pages\/22484","targetHints":{"allow":["GET"]}}],"collection":[{"href":"https:\/\/flaxmanlaw.com\/es\/wp-json\/wp\/v2\/pages"}],"about":[{"href":"https:\/\/flaxmanlaw.com\/es\/wp-json\/wp\/v2\/types\/page"}],"author":[{"embeddable":true,"href":"https:\/\/flaxmanlaw.com\/es\/wp-json\/wp\/v2\/users\/3"}],"replies":[{"embeddable":true,"href":"https:\/\/flaxmanlaw.com\/es\/wp-json\/wp\/v2\/comments?post=22484"}],"version-history":[{"count":0,"href":"https:\/\/flaxmanlaw.com\/es\/wp-json\/wp\/v2\/pages\/22484\/revisions"}],"wp:attachment":[{"href":"https:\/\/flaxmanlaw.com\/es\/wp-json\/wp\/v2\/media?parent=22484"}],"curies":[{"name":"wp","href":"https:\/\/api.w.org\/{rel}","templated":true}]}}