{"id":22487,"date":"2024-11-18T12:44:33","date_gmt":"2024-11-18T12:44:33","guid":{"rendered":"https:\/\/flaxmanlaw.wpenginepowered.com\/llagas-de-cama-hollywood-florida-abogados-de-abuso-en-asilos-grupo-legal-flaxman\/"},"modified":"2024-11-18T12:44:33","modified_gmt":"2024-11-18T12:44:33","slug":"llagas-de-cama-hollywood-florida-abogados-de-abuso-en-asilos-grupo-legal-flaxman","status":"publish","type":"page","link":"https:\/\/flaxmanlaw.com\/es\/llagas-de-cama-hollywood-florida-abogados-de-abuso-en-asilos-grupo-legal-flaxman\/","title":{"rendered":"Llagas de Cama | Hollywood, Florida Abogados de Abuso en Asilos Grupo Legal Flaxman"},"content":{"rendered":"<div class=\"bodytext\">\n<h2>\u00dalceras por presi\u00f3n<\/h1><\/h2>\n<div class=\"description\">\n<p>Las escaras son una lesi\u00f3n frecuente y totalmente evitable que puede afectar a cualquier persona con movilidad limitada. Las escaras surgen en zonas donde el cuerpo de una persona est\u00e1 en contacto constante con una cama o una silla. A menudo se ven afectados puntos como tobillos, rodillas, caderas, rabadillas y codos. Las llagas se desarrollan en estas y otras zonas. En el caso de los residentes en residencias de ancianos de Hollywood y otras localidades, estas lesiones pueden producirse si no se les proporciona el apoyo y la ayuda a la movilidad adecuados.    <\/p>\n<p>Dado que esta lesi\u00f3n cut\u00e1nea es totalmente evitable, si observas esta lesi\u00f3n puedes consultar a un abogado especializado en abusos y negligencias en residencias de ancianos del sur de Florida o de Hollywood para obtener asesoramiento jur\u00eddico. Es posible que tengas una reclamaci\u00f3n contra la residencia de ancianos y que puedas pedir una indemnizaci\u00f3n para asegurarte de que tu ser querido recibe el tratamiento m\u00e9dico y el apoyo que necesita. Si deseas hablar con un abogado, contacta al Grupo Legal Flaxman en l\u00ednea o al 866-352-9626 para una consulta gratuita sobre accidentes.  <\/p>\n<p><strong class=\"heading4\">El peligro de las \u00falceras de dec\u00fabito<\/strong><\/p>\n<p>Las escaras pueden llegar a ser graves, sobre todo para los ancianos. Adem\u00e1s de ser dolorosas, las escaras pueden infectarse y provocar complicaciones graves. Pueden incluso provocar afecciones potencialmente mortales, como sepsis o carcinoma de c\u00e9lulas escamosas. En algunos casos, pueden provocar la p\u00e9rdida de movilidad o sensibilidad en la zona afectada.   <\/p>\n<p><strong class=\"heading4\">El v\u00ednculo con el personal de las residencias de ancianos<\/strong><\/p>\n<p>Aunque los problemas de la falta de personal y las \u00falceras por presi\u00f3n parecen no tener relaci\u00f3n, en realidad est\u00e1n estrechamente relacionados. Cuando una <a href=\"negligencia en residencias de ancianos.html\">residencia de ancianos<\/a> de Hollywood o Florida tiene demasiado poco personal, puede que no se traslade a los pacientes con la frecuencia suficiente. Por tanto, puede que no se traslade lo suficiente a una persona incapacitada para evitar las escaras. Adem\u00e1s, el personal con exceso de trabajo puede ser menos propenso a notar signos de escaras o infecci\u00f3n, lo que agrava el problema.   <\/p>\n<p>El personal de una residencia de ancianos est\u00e1 bajo presi\u00f3n porque tiene demasiado trabajo y poco tiempo. Es m\u00e1s probable que esta situaci\u00f3n lleve a la negligencia o incluso a la sobremedicaci\u00f3n de los pacientes para mantenerlos conformes. Por desgracia, la negligencia y el exceso de medicaci\u00f3n pueden hacer que los residentes se muevan menos, lo que les expone a un mayor riesgo de lesiones, como las \u00falceras de dec\u00fabito.  <\/p>\n<p><strong class=\"heading4\">Qu\u00e9 hacer si notas escaras<\/strong><\/p>\n<p>Las escaras son una se\u00f1al de alarma de negligencia, porque se pueden evitar. Si observas la presencia de escaras, aseg\u00farate de que tu ser querido anciano recibe atenci\u00f3n m\u00e9dica inmediata y es evaluado para evitar infecciones. Pide tambi\u00e9n que se investigue a fondo por qu\u00e9 se produjeron las escaras.  <\/p>\n<p>Tambi\u00e9n querr\u00e1s ponerte en contacto con un abogado especializado en abusos y negligencias en residencias de ancianos de Hollywood para que te asesore legalmente sobre tu situaci\u00f3n. Interponer una demanda civil puede ayudar a garantizar que la residencia de ancianos haga cambios para evitar lesiones a otras personas. Una demanda civil tambi\u00e9n puede ayudarte a conseguir una indemnizaci\u00f3n para que puedas pagar los cuidados de un ser querido y un tratamiento de calidad para la lesi\u00f3n.  <\/p>\n<p>Usted puede contactar a un abogado de abuso y negligencia en asilos de ancianos contactando a las oficinas de Hollywood, Miami u Homestead del Grupo Legal Flaxman al 866-352-9626. Nuestro equipo jur\u00eddico cuenta con m\u00e1s de sesenta a\u00f1os de experiencia combinada y hemos ayudado a miles de personas lesionadas y familias afectadas a buscar compensaci\u00f3n y justicia por sus p\u00e9rdidas. <a href=\"contacta con nosotros.html\">Cont\u00e1ctanos<\/a> hoy mismo para una consulta gratuita y sin compromiso. <\/p>\n<\/p><\/div>\n<div class=\"subpageslist\">\n<ul>\n<li><a href=\"tipos de \u00falceras de dec\u00fabito.html\">Tipos de \u00falceras por presi\u00f3n<\/a><\/li>\n<li><a href=\"escaras-causas.html\">Causas de las \u00falceras por presi\u00f3n<\/a><\/li>\n<li><a href=\"tratamiento de las escaras.html\">Tratamiento de las \u00falceras por presi\u00f3n<\/a><\/li>\n<li><a href=\"escaras-casos.html\">Casos de \u00falceras por presi\u00f3n<\/a><\/li>\n<\/ul><\/div>\n<\/p><\/div>\n","protected":false},"excerpt":{"rendered":"<p>Sin honorarios a menos que ganemos. Llama al 866-352-9626 para una &#8230; <\/p>\n","protected":false},"author":3,"featured_media":0,"parent":0,"menu_order":0,"comment_status":"closed","ping_status":"closed","template":"template-practice-areas.php","meta":{"footnotes":""},"class_list":["post-22487","page","type-page","status-publish","hentry"],"featured_image_src":null,"featured_image_src_square":null,"_links":{"self":[{"href":"https:\/\/flaxmanlaw.com\/es\/wp-json\/wp\/v2\/pages\/22487","targetHints":{"allow":["GET"]}}],"collection":[{"href":"https:\/\/flaxmanlaw.com\/es\/wp-json\/wp\/v2\/pages"}],"about":[{"href":"https:\/\/flaxmanlaw.com\/es\/wp-json\/wp\/v2\/types\/page"}],"author":[{"embeddable":true,"href":"https:\/\/flaxmanlaw.com\/es\/wp-json\/wp\/v2\/users\/3"}],"replies":[{"embeddable":true,"href":"https:\/\/flaxmanlaw.com\/es\/wp-json\/wp\/v2\/comments?post=22487"}],"version-history":[{"count":0,"href":"https:\/\/flaxmanlaw.com\/es\/wp-json\/wp\/v2\/pages\/22487\/revisions"}],"wp:attachment":[{"href":"https:\/\/flaxmanlaw.com\/es\/wp-json\/wp\/v2\/media?parent=22487"}],"curies":[{"name":"wp","href":"https:\/\/api.w.org\/{rel}","templated":true}]}}