{"id":22488,"date":"2024-11-18T12:44:33","date_gmt":"2024-11-18T12:44:33","guid":{"rendered":"https:\/\/flaxmanlaw.wpenginepowered.com\/accidentes-por-volcadura-hollywood-florida-abogados-de-lesiones-automovilisticas-grupo-legal-flaxman\/"},"modified":"2025-12-04T04:08:32","modified_gmt":"2025-12-04T04:08:32","slug":"accidentes-por-volcadura-hollywood-florida-abogados-de-lesiones-automovilisticas-grupo-legal-flaxman","status":"publish","type":"page","link":"https:\/\/flaxmanlaw.com\/es\/accidentes-por-volcadura-hollywood-florida-abogados-de-lesiones-automovilisticas-grupo-legal-flaxman\/","title":{"rendered":"Accidentes por Volcadura en Hollywood"},"content":{"rendered":"<div class=\"bodytext\">\n<h2>Accidentes por alcance<\/h2>\n<div class=\"description\">\n<p>Los accidentes de tr\u00e1fico por alcance, como su nombre indica, se producen cuando un motorista da marcha atr\u00e1s y su veh\u00edculo colisiona con un peat\u00f3n, un ciclista u otra v\u00edctima. Aunque este tipo de colisiones suelen producirse a baja velocidad, causan lesiones catastr\u00f3ficas. En muchos casos, el conductor no se da cuenta de que ha atropellado a alguien y puede arrastrar al peat\u00f3n o al ciclista varios metros antes de detenerse. A menudo, la persona atropellada es un peat\u00f3n o un ciclista y no tiene ninguna barrera que le proteja de la colisi\u00f3n.<\/p>\n<p>Si te has visto implicado en este tipo de accidente de coche o en cualquier accidente de tr\u00e1fico, es importante que consultes a un abogado cualificado especializado en casos de colisi\u00f3n de coches. Un abogado puede investigar el accidente, encontrar a todas las partes responsables y llevar tu caso ante la justicia. <a href=\"index.html\">El Grupo Legal Flaxman<\/a> es un bufete de abogados con sede en el \u00e1rea de Miami. El equipo jur\u00eddico del bufete cuenta con m\u00e1s de 25 a\u00f1os de experiencia en casos de accidentes de coche, accidentes de cami\u00f3n y una gran variedad de demandas por lesiones personales. Si necesitas un abogado de lesiones personales en Miami o en cualquier parte de Florida del Sur, no dudes en contactar al Grupo Legal Flaxman para recibir asesor\u00eda inmediata y compasiva.<\/p>\n<p><strong class=\"heading4\"> \u00bfPor qu\u00e9 se producen los accidentes de tr\u00e1fico por alcance? <\/strong><\/p>\n<p>En muchos casos, este tipo de accidentes se producen porque un conductor no se da cuenta de que hay un peat\u00f3n, un motorista u otra v\u00edctima. Tr\u00e1gicamente, muchos de estos tipos de colisiones se producen cuando un ni\u00f1o peque\u00f1o est\u00e1 detr\u00e1s de un veh\u00edculo y el automovilista no se da cuenta a tiempo. Muchas colisiones por alcance se producen en aparcamientos y entradas de veh\u00edculos, y suelen implicar a coches m\u00e1s grandes, como todoterrenos y camionetas. Estos coches m\u00e1s grandes tienen m\u00e1s \u00e1ngulos muertos, lo que aumenta la probabilidad de este tipo de accidentes. En otros casos, los conductores simplemente no comprueban adecuadamente sus \u00e1ngulos muertos antes de dar marcha atr\u00e1s para salir de una plaza de aparcamiento o de un camino de entrada. Los expertos creen que instalar dispositivos que permitan a los conductores ver con mayor claridad detr\u00e1s del veh\u00edculo puede ayudar a evitar muchos de estos tipos de incidentes.<\/p>\n<p><strong class=\"heading4\"> \u00bfQu\u00e9 tipos de lesiones son frecuentes en este tipo de accidente? <\/strong><\/p>\n<p>Dado que estas colisiones suelen implicar a un ciclista o a un peat\u00f3n, los traumatismos craneoencef\u00e1licos son una lesi\u00f3n frecuente en este tipo de choques. Los ciclistas y peatones suelen ser atropellados y, en algunos casos, pueden ser arrollados por el veh\u00edculo. En algunos casos, las v\u00edctimas son arrastradas y sufren fracturas, laceraciones graves, lesiones cut\u00e1neas, lesiones medulares y otras lesiones graves. Por desgracia, las muertes son frecuentes en los atropellos por alcance.<\/p>\n<p><strong class=\"heading4\"> \u00bfQu\u00e9 puedo hacer si he resultado herido en un accidente por alcance? <\/strong><\/p>\n<p>Si te has lesionado en Miami, es importante que consultes a un abogado local especializado en lesiones personales. Este abogado debe estar familiarizado con las leyes locales, as\u00ed como con las estatales, y debe tener experiencia en demandas por accidentes de coche. Si est\u00e1s buscando un abogado experimentado, puedes <a href=\"contacta con nosotros.html\">contactar<\/a> al Grupo Legal Flaxman para una evaluaci\u00f3n gratuita de tu caso. El Grupo Legal Flaxman es una firma de servicios integrales con experiencia en el manejo de una variedad de demandas por accidentes automovil\u00edsticos y lesiones personales. El equipo legal tiene acceso a investigadores privados, testigos expertos, y otros recursos para ayudar a levantar tu demanda.<\/p>\n<\/div>\n<div class=\"subpageslist\"><\/div>\n<\/div>\n","protected":false},"excerpt":{"rendered":"<p>Sin honorarios a menos que ganemos. Llama al 866-352-9626 para una &#8230; <\/p>\n","protected":false},"author":3,"featured_media":0,"parent":0,"menu_order":0,"comment_status":"closed","ping_status":"closed","template":"template-practice-areas.php","meta":{"footnotes":""},"class_list":["post-22488","page","type-page","status-publish","hentry"],"featured_image_src":null,"featured_image_src_square":null,"_links":{"self":[{"href":"https:\/\/flaxmanlaw.com\/es\/wp-json\/wp\/v2\/pages\/22488","targetHints":{"allow":["GET"]}}],"collection":[{"href":"https:\/\/flaxmanlaw.com\/es\/wp-json\/wp\/v2\/pages"}],"about":[{"href":"https:\/\/flaxmanlaw.com\/es\/wp-json\/wp\/v2\/types\/page"}],"author":[{"embeddable":true,"href":"https:\/\/flaxmanlaw.com\/es\/wp-json\/wp\/v2\/users\/3"}],"replies":[{"embeddable":true,"href":"https:\/\/flaxmanlaw.com\/es\/wp-json\/wp\/v2\/comments?post=22488"}],"version-history":[{"count":0,"href":"https:\/\/flaxmanlaw.com\/es\/wp-json\/wp\/v2\/pages\/22488\/revisions"}],"wp:attachment":[{"href":"https:\/\/flaxmanlaw.com\/es\/wp-json\/wp\/v2\/media?parent=22488"}],"curies":[{"name":"wp","href":"https:\/\/api.w.org\/{rel}","templated":true}]}}