{"id":22489,"date":"2024-11-18T12:44:33","date_gmt":"2024-11-18T12:44:33","guid":{"rendered":"https:\/\/flaxmanlaw.wpenginepowered.com\/tratamiento-de-las-ulceras-por-presion-abogados-de-abusos-en-residencias-de-ancianos-de-hollywood-florida\/"},"modified":"2024-11-18T12:44:33","modified_gmt":"2024-11-18T12:44:33","slug":"tratamiento-de-las-ulceras-por-presion-abogados-de-abusos-en-residencias-de-ancianos-de-hollywood-florida","status":"publish","type":"page","link":"https:\/\/flaxmanlaw.com\/es\/tratamiento-de-las-ulceras-por-presion-abogados-de-abusos-en-residencias-de-ancianos-de-hollywood-florida\/","title":{"rendered":"Tratamiento de las \u00falceras por presi\u00f3n | Abogados de abusos en residencias de ancianos de Hollywood, Florida"},"content":{"rendered":"<div class=\"bodytext\">\n<h2>Tratamiento de las \u00falceras por presi\u00f3n<\/h1><\/h2>\n<div class=\"description\">\n<p>Si las \u00falceras de dec\u00fabito afectan a un ser querido anciano en una residencia de ancianos, querr\u00e1s ponerte en contacto con un abogado especializado en abusos y negligencias en residencias de ancianos de Hollywood, Homestead, Miami o tu comunidad para que te asesore. Las \u00falceras de dec\u00fabito son una grave lesi\u00f3n cut\u00e1nea totalmente evitable, por lo que suelen ser signos de negligencia. <\/p>\n<p>Si deseas hablar con un abogado de <a href=\"negligencia en residencias de ancianos.html\">abuso<\/a> y negligencia <a href=\"negligencia en residencias de ancianos.html\">en asilos de ancianos<\/a> en Florida del Sur o en Hollywood, puedes contactar al Grupo Legal Flaxman al 866-352-9626 para una consulta gratuita y sin compromiso.<\/p>\n<p><strong class=\"heading4\">Tratamiento de las escaras<\/strong><\/p>\n<p>Adem\u00e1s de ponerte en contacto con un abogado especializado en abusos y negligencias en residencias de ancianos de Hollywood, querr\u00e1s asegurarte de que tu ser querido recibe tratamiento para las \u00falceras de dec\u00fabito. El tratamiento puede incluir: <\/p>\n<ul>\n<li>Detecci\u00f3n. Cuanto antes se descubran las \u00falceras de dec\u00fabito, antes podr\u00e1n curarse, antes de que se vean afectados los tejidos y aparezcan complicaciones graves. <\/li>\n<li>Vigilancia. Hay que vigilar las escaras para asegurarse de que no se infectan y hay que vigilar al residente para asegurarse de que no se desarrollan nuevas escaras. <\/li>\n<li>Reposicionamiento regular. Los pacientes encamados deben cambiar de posici\u00f3n cada dos horas, y los pacientes en silla de ruedas cada quince minutos. Esto puede ser preocupante en una residencia de ancianos que ya ha dejado que se desarrollen algunas escaras.  <\/li>\n<li>Reducci\u00f3n de la presi\u00f3n. Pueden utilizarse almohadas y cojines para mantener las zonas afectadas alejadas de cualquier presi\u00f3n que pueda empeorar las escaras. <\/li>\n<li>Limpieza. Una limpieza adecuada de las escaras puede reducir el riesgo de infecci\u00f3n. <\/li>\n<li>Cuidado de las heridas. Los vendajes de las escaras deben fijarse correctamente y cambiarse con regularidad para evitar infecciones. <\/li>\n<li>Medicaci\u00f3n. Las escaras pueden ser dolorosas, por lo que puede ser necesario tomar analg\u00e9sicos. Los medicamentos t\u00f3picos tambi\u00e9n pueden ayudar a tratar el dolor en el lugar. Algunos m\u00e9dicos tambi\u00e9n recetan antibi\u00f3ticos para prevenir o tratar la infecci\u00f3n. Es importante que los residentes con escaras sean evaluados por un m\u00e9dico.    <\/li>\n<li>Eliminaci\u00f3n del tejido. Cuando las \u00falceras de dec\u00fabito no se han detectado y tratado a tiempo, el tejido que las rodea puede empezar a morir. Puede ser necesario eliminarlo, bien utilizando agua o mediante m\u00e9todos quir\u00fargicos. A veces ser\u00e1 necesario recurrir a la cirug\u00eda para cubrir la zona afectada con piel y tejido de otra parte del cuerpo.   <\/li>\n<li>Terapia de presi\u00f3n negativa. En esta terapia, se utiliza un dispositivo especial de vac\u00edo para limpiar la \u00falcera de dec\u00fabito. <\/li>\n<li>Asesoramiento o terapia. Las \u00falceras de dec\u00fabito pueden ser una enfermedad dolorosa y dif\u00edcil, que a veces provoca depresi\u00f3n, ansiedad, aislamiento y otros problemas. El asesoramiento o el apoyo de la salud mental pueden ayudar.  <\/li>\n<\/ul>\n<p>Si las \u00falceras de dec\u00fabito han afectado a un familiar anciano en una residencia, ponte en contacto con un abogado especializado en abusos y negligencias en residencias de ancianos en Hollywood, Homestead, Miami o tu comunidad para una consulta. Es posible que tengas derecho a reclamar una indemnizaci\u00f3n para poder pagar un tratamiento m\u00e9dico de calidad. El tratamiento de las \u00falceras de dec\u00fabito puede ser muy caro, sobre todo si tu ser querido necesita una terapia considerable. La indemnizaci\u00f3n de una reclamaci\u00f3n puede ayudarte a pagar los mejores cuidados y tratamientos.   <\/p>\n<p><strong>Si usted desea saber si tiene una demanda, <a href=\"contacta con nosotros.html\">contacte<\/a> al Grupo Legal Flaxman al 866-352-9626 para una consulta gratuita de accidentes con un abogado de abuso y negligencia en asilos de ancianos en Hollywood.<\/strong> Nuestras oficinas en Homestead, Hollywood, y Miami sirven a toda el \u00e1rea de Florida del Sur.<\/p>\n<\/p><\/div>\n<div class=\"subpageslist\">\n<ul> <\/ul>\n<\/p><\/div>\n<\/p><\/div>\n","protected":false},"excerpt":{"rendered":"<p>Sin honorarios a menos que ganemos. Llama al 866-352-9626 para una &#8230; <\/p>\n","protected":false},"author":3,"featured_media":0,"parent":0,"menu_order":0,"comment_status":"closed","ping_status":"closed","template":"template-practice-areas.php","meta":{"footnotes":""},"class_list":["post-22489","page","type-page","status-publish","hentry"],"featured_image_src":null,"featured_image_src_square":null,"_links":{"self":[{"href":"https:\/\/flaxmanlaw.com\/es\/wp-json\/wp\/v2\/pages\/22489","targetHints":{"allow":["GET"]}}],"collection":[{"href":"https:\/\/flaxmanlaw.com\/es\/wp-json\/wp\/v2\/pages"}],"about":[{"href":"https:\/\/flaxmanlaw.com\/es\/wp-json\/wp\/v2\/types\/page"}],"author":[{"embeddable":true,"href":"https:\/\/flaxmanlaw.com\/es\/wp-json\/wp\/v2\/users\/3"}],"replies":[{"embeddable":true,"href":"https:\/\/flaxmanlaw.com\/es\/wp-json\/wp\/v2\/comments?post=22489"}],"version-history":[{"count":0,"href":"https:\/\/flaxmanlaw.com\/es\/wp-json\/wp\/v2\/pages\/22489\/revisions"}],"wp:attachment":[{"href":"https:\/\/flaxmanlaw.com\/es\/wp-json\/wp\/v2\/media?parent=22489"}],"curies":[{"name":"wp","href":"https:\/\/api.w.org\/{rel}","templated":true}]}}