{"id":22490,"date":"2024-11-18T12:44:33","date_gmt":"2024-11-18T12:44:33","guid":{"rendered":"https:\/\/flaxmanlaw.wpenginepowered.com\/las-lesiones-de-espalda-y-de-medula-espinal-son-lesiones-laborales-comunes-en-colorado\/"},"modified":"2025-12-04T03:56:07","modified_gmt":"2025-12-04T03:56:07","slug":"las-lesiones-de-espalda-y-de-medula-espinal-son-lesiones-laborales-comunes-en-colorado","status":"publish","type":"page","link":"https:\/\/flaxmanlaw.com\/es\/las-lesiones-de-espalda-y-de-medula-espinal-son-lesiones-laborales-comunes-en-colorado\/","title":{"rendered":"Lesiones de Espalda Laborales en CO"},"content":{"rendered":"<div class=\"bodytext\">\n<h2>Las lesiones de espalda y de m\u00e9dula espinal son lesiones laborales comunes en Colorado<\/h2>\n<div class=\"description\">\n<p>En casi todos los lugares de trabajo de Denver y de todo el estado de Colorado, los trabajadores corren el riesgo de sufrir lesiones de espalda y de columna vertebral. Aunque las obras de construcci\u00f3n y los lugares de trabajo industriales pueden presentar m\u00e1s peligros, este tipo de lesiones tambi\u00e9n pueden producirse en oficinas y otros lugares aparentemente \u00abseguros\u00bb.<\/p>\n<p>Las lesiones en la espalda y en la columna vertebral son lesiones laborales comunes en Colorado, y se encuentran entre las lesiones m\u00e1s devastadoras y costosas. Si usted ha resultado lesionado en el trabajo, puede contactar a las oficinas en Denver del Grupo Legal Flaxman para una consulta de su caso completamente gratuita con un abogado de compensaci\u00f3n al trabajador. S\u00f3lo ll\u00e1manos al 970-999-0530 para tu cita gratuita.<\/p>\n<p><strong class=\"heading4\">Comprender las lesiones de espalda y de m\u00e9dula espinal en Denver y Colorado<\/strong><\/p>\n<p>Las lesiones medulares y de espalda son frecuentes en los lugares de trabajo en Denver y en todo Colorado. Suelen producirse por los siguientes motivos<\/p>\n<ul>\n<li><strong>Levantar objetos pesados:<\/strong> Las t\u00e9cnicas de levantamiento inadecuadas o las cargas pesadas pueden causar esguinces, hernias discales y otras lesiones de espalda.<\/li>\n<li><strong>Accidentes por ca\u00eddas:<\/strong> Las ca\u00eddas en el lugar de trabajo pueden provocar lesiones medulares y fracturas, tanto si el incidente fue un resbal\u00f3n o una ca\u00edda desde altura.<\/li>\n<li><strong>Movimientos repetitivos:<\/strong> Ciertos trabajos requieren movimientos repetitivos, como agacharse o girar, que pueden provocar dolor de espalda cr\u00f3nico y problemas de columna.<\/li>\n<li><strong>Accidentes de tr\u00e1fico:<\/strong> Los accidentes de coche, cami\u00f3n y otros veh\u00edculos pueden causar graves lesiones medulares, e incluso paraplejia.<\/li>\n<li><strong>Violencia en el lugar de trabajo:<\/strong> Las agresiones pueden provocar ca\u00eddas de los trabajadores y causar graves da\u00f1os en la espalda y la m\u00e9dula espinal.<\/li>\n<\/ul>\n<p><strong class=\"heading4\">C\u00f3mo pueden ayudar los abogados de indemnizaci\u00f3n laboral de Colorado<\/strong><\/p>\n<p>El <a href=\"indemnizaci\u00f3n-obrera-en-colorado.html\">sistema de indemnizaci\u00f3n de los trabajadores de Colorado<\/a> est\u00e1 dise\u00f1ado para garantizar que los trabajadores lesionados dispongan de las prestaciones que necesitan para mantenerse mientras est\u00e1n lesionados. Lo ideal ser\u00eda que los trabajadores simplemente solicitaran las prestaciones y obtuvieran lo que necesitan. La realidad es muy distinta, sobre todo con las lesiones medulares y de espalda.<\/p>\n<p>En las lesiones medulares y de espalda, los empresarios y sus compa\u00f1\u00edas de seguros pueden alegar que hab\u00eda un problema de espalda preexistente, para intentar minimizar la lesi\u00f3n. Los gastos m\u00e9dicos de estas lesiones tambi\u00e9n pueden ser continuos y considerables, lo que significa que las aseguradoras tienen un motivo econ\u00f3mico para intentar minimizar o denegar las reclamaciones. Con su elevado coste, es especialmente importante que los trabajadores lesionados obtengan una indemnizaci\u00f3n justa, para que no se encuentren en apuros econ\u00f3micos debido a su lesi\u00f3n laboral.<\/p>\n<p>Por todas estas razones, muchos trabajadores lesionados de Colorado con lesiones de m\u00e9dula espinal y espalda acuden a abogados expertos en indemnizaci\u00f3n laboral en busca de ayuda. Los abogados de indemnizaci\u00f3n por accidente laboral pueden investigar las circunstancias de tu lesi\u00f3n y reunir todas las pruebas que demuestren el motivo de tu lesi\u00f3n medular y su repercusi\u00f3n en tu vida y en tu capacidad laboral. Los abogados expertos en indemnizaci\u00f3n por accidente de trabajo tambi\u00e9n tienen la experiencia jur\u00eddica y negociadora necesaria para hablar con las compa\u00f1\u00edas de seguros o llevar tu caso a los tribunales, lo que sea necesario para conseguirte <a href=\"tipos-de-prestaciones-de-trabajadores-en-colorado.html\">prestaciones de indemnizaci\u00f3n por accidente de trabajo<\/a> o una compensaci\u00f3n por tus gastos m\u00e9dicos, salarios perdidos y otras p\u00e9rdidas.<\/p>\n<p>Las lesiones en la espalda y en la m\u00e9dula espinal son lesiones laborales comunes en Colorado, pero existen beneficios que pueden ayudarte en tu camino de curaci\u00f3n. Si usted ha resultado lesionado y le gustar\u00eda saber m\u00e1s, <a href=\"contacta con nosotros.html\">contacte<\/a> hoy mismo al <a href=\"contacta con nosotros.html\">Grupo Legal Flaxman<\/a> en nuestras oficinas de Denver al 970-999-0530 para una consulta confidencial y gratuita sobre accidentes con un abogado de compensaci\u00f3n al trabajador. Nuestro compasivo equipo de derecho familiar est\u00e1 aqu\u00ed para usted.<\/p>\n<\/div>\n<\/div>\n","protected":false},"excerpt":{"rendered":"<p>Sin honorarios a menos que ganemos. Llama al 866-352-9626 para una &#8230; <\/p>\n","protected":false},"author":3,"featured_media":0,"parent":0,"menu_order":0,"comment_status":"closed","ping_status":"closed","template":"template-practice-areas.php","meta":{"footnotes":""},"class_list":["post-22490","page","type-page","status-publish","hentry"],"featured_image_src":null,"featured_image_src_square":null,"_links":{"self":[{"href":"https:\/\/flaxmanlaw.com\/es\/wp-json\/wp\/v2\/pages\/22490","targetHints":{"allow":["GET"]}}],"collection":[{"href":"https:\/\/flaxmanlaw.com\/es\/wp-json\/wp\/v2\/pages"}],"about":[{"href":"https:\/\/flaxmanlaw.com\/es\/wp-json\/wp\/v2\/types\/page"}],"author":[{"embeddable":true,"href":"https:\/\/flaxmanlaw.com\/es\/wp-json\/wp\/v2\/users\/3"}],"replies":[{"embeddable":true,"href":"https:\/\/flaxmanlaw.com\/es\/wp-json\/wp\/v2\/comments?post=22490"}],"version-history":[{"count":0,"href":"https:\/\/flaxmanlaw.com\/es\/wp-json\/wp\/v2\/pages\/22490\/revisions"}],"wp:attachment":[{"href":"https:\/\/flaxmanlaw.com\/es\/wp-json\/wp\/v2\/media?parent=22490"}],"curies":[{"name":"wp","href":"https:\/\/api.w.org\/{rel}","templated":true}]}}