{"id":22491,"date":"2024-11-18T12:44:33","date_gmt":"2024-11-18T12:44:33","guid":{"rendered":"https:\/\/flaxmanlaw.wpenginepowered.com\/causas-de-las-ulceras-por-presion-abogados-de-abusos-en-residencias-de-ancianos-de-hollywood-florida\/"},"modified":"2024-11-18T12:44:33","modified_gmt":"2024-11-18T12:44:33","slug":"causas-de-las-ulceras-por-presion-abogados-de-abusos-en-residencias-de-ancianos-de-hollywood-florida","status":"publish","type":"page","link":"https:\/\/flaxmanlaw.com\/es\/causas-de-las-ulceras-por-presion-abogados-de-abusos-en-residencias-de-ancianos-de-hollywood-florida\/","title":{"rendered":"Causas de las \u00falceras por presi\u00f3n | Abogados de abusos en residencias de ancianos de Hollywood, Florida"},"content":{"rendered":"<div class=\"bodytext\">\n<h2>Causas de las \u00falceras por presi\u00f3n<\/h1><\/h2>\n<div class=\"description\">\n<p>Las escaras, en su nivel m\u00e1s b\u00e1sico, est\u00e1n causadas por un contacto prolongado e inalterado con una superficie s\u00f3lida. Las escaras suelen aparecer cuando un paciente permanece tumbado en la misma posici\u00f3n en una cama. Los problemas de movilidad del paciente en una residencia de ancianos de Hollywood o del sur de Florida pueden permitir que se desarrollen escaras si el personal no tiene cuidado. Las escaras pueden desarrollarse sobre todo en las rodillas, los codos, los tobillos, la nuca y otras zonas en contacto con el colch\u00f3n.   <\/p>\n<p>Si tu ser querido anciano ha sufrido escaras en una residencia de ancianos del sur de Florida, consulta a un abogado especializado en <a href=\"negligencia en residencias de ancianos.html\">abusos<\/a> y negligencias en <a href=\"negligencia en residencias de ancianos.html\">residencias de ancianos<\/a> de Hollywood, Homestead, Miami o tu comunidad. Puede que tengas una demanda. Para averiguarlo, contacta al Grupo Legal Flaxman en l\u00ednea o al 866-352-9626 para una consulta gratuita sobre accidentes con un abogado.  <\/p>\n<p><strong class=\"heading4\">\u00bfPor qu\u00e9 se producen las escaras?<\/strong><\/p>\n<p>Las \u00falceras por presi\u00f3n en las residencias de ancianos suelen estar causadas por negligencia, porque este tipo de lesi\u00f3n es totalmente evitable. Las escaras suelen estar causadas por: <\/p>\n<ul>\n<li>Falta de personal. Cuando hay muy pocos miembros del personal, es posible que no puedan mover a los pacientes con tanta frecuencia, lo que puede aumentar el riesgo de escaras. Cuando hay demasiado poco personal, es posible que \u00e9ste no pueda obtener ayuda de otro miembro del personal cuando tenga que trasladar a un paciente m\u00e1s grande.  <\/li>\n<li>Personal poco formado. El personal que recibe una formaci\u00f3n adecuada entiende qu\u00e9 son las escaras, c\u00f3mo identificarlas y c\u00f3mo tratarlas en sus primeras fases. El personal que no recibe una formaci\u00f3n adecuada puede no comprender la importancia de mover a un paciente o no entender los riesgos de las escaras y c\u00f3mo prevenirlas.  <\/li>\n<li>Negligencia. Algunos miembros del personal comprenden la importancia de mover a un paciente con movilidad limitada, pero pueden no hacerlo por indiferencia. En algunos casos, las residencias de ancianos pueden no tener pol\u00edticas de personal dise\u00f1adas para garantizar el movimiento adecuado de los residentes. Este tipo de negligencia contribuye con frecuencia a la aparici\u00f3n de escaras.  <\/li>\n<li>Sobremedicaci\u00f3n. Cuando los pacientes est\u00e1n sobremedicados, es posible que no puedan moverse mucho, y esto aumentar\u00e1 el riesgo de escaras, sobre todo si el personal de la residencia no los mueve con regularidad. Por desgracia, la falta de personal y el exceso de medicaci\u00f3n suelen ir de la mano. El personal que est\u00e1 desbordado puede medicar en exceso a los residentes para mantenerlos conformes y evitar que ocupen demasiados recursos. Cuando esto ocurre, puede que tampoco dispongan del personal necesario para mover a un residente con regularidad, lo que provoca escaras.    <\/li>\n<li>Limpieza incorrecta. Cuando las \u00falceras de dec\u00fabito est\u00e1n en sus primeras fases, es importante un cuidado adecuado de las heridas para evitar que empeoren y asegurar su curaci\u00f3n. La limpieza incorrecta y la negligencia en el cuidado de las escaras pueden hacer que \u00e9stas empeoren e incluso se infecten.  <\/li>\n<\/ul>\n<p>Si observas alguna de estas causas de escaras en la residencia de ancianos de tu ser querido, ponte en contacto inmediatamente con un abogado especializado en abusos y negligencias en residencias de ancianos de Hollywood para que te ayude. Un abogado puede investigar las causas de las \u00falceras de dec\u00fabito y preparar un caso para ti si decides emprender acciones legales. <\/p>\n<p><strong>Si usted est\u00e1 buscando un abogado de abuso y negligencia en asilos de ancianos en Hollywood, Homestead, Miami, o cualquier comunidad circundante en Florida del Sur, <a href=\"contacta con nosotros.html\">contacte<\/a> al Grupo Legal Flaxman al 866-352-9626 para una consulta gratuita y sin compromiso.<\/strong> Nuestro equipo jur\u00eddico tiene experiencia en casos de asilos para ancianos. Hemos negociado a favor de familias en estos casos y los hemos llevado a juicio. Cont\u00e1ctanos si deseas saber si tienes una demanda.  <\/p>\n<\/p><\/div>\n<div class=\"subpageslist\">\n<ul> <\/ul>\n<\/p><\/div>\n<\/p><\/div>\n","protected":false},"excerpt":{"rendered":"<p>Sin honorarios a menos que ganemos. Llama al 866-352-9626 para una &#8230; <\/p>\n","protected":false},"author":3,"featured_media":0,"parent":0,"menu_order":0,"comment_status":"closed","ping_status":"closed","template":"template-practice-areas.php","meta":{"footnotes":""},"class_list":["post-22491","page","type-page","status-publish","hentry"],"featured_image_src":null,"featured_image_src_square":null,"_links":{"self":[{"href":"https:\/\/flaxmanlaw.com\/es\/wp-json\/wp\/v2\/pages\/22491","targetHints":{"allow":["GET"]}}],"collection":[{"href":"https:\/\/flaxmanlaw.com\/es\/wp-json\/wp\/v2\/pages"}],"about":[{"href":"https:\/\/flaxmanlaw.com\/es\/wp-json\/wp\/v2\/types\/page"}],"author":[{"embeddable":true,"href":"https:\/\/flaxmanlaw.com\/es\/wp-json\/wp\/v2\/users\/3"}],"replies":[{"embeddable":true,"href":"https:\/\/flaxmanlaw.com\/es\/wp-json\/wp\/v2\/comments?post=22491"}],"version-history":[{"count":0,"href":"https:\/\/flaxmanlaw.com\/es\/wp-json\/wp\/v2\/pages\/22491\/revisions"}],"wp:attachment":[{"href":"https:\/\/flaxmanlaw.com\/es\/wp-json\/wp\/v2\/media?parent=22491"}],"curies":[{"name":"wp","href":"https:\/\/api.w.org\/{rel}","templated":true}]}}