{"id":22492,"date":"2024-11-18T12:44:33","date_gmt":"2024-11-18T12:44:33","guid":{"rendered":"https:\/\/flaxmanlaw.wpenginepowered.com\/accidente-de-camion-en-aventura-abogados-de-lesiones-de-camion-en-el-condado-de-miami-dade\/"},"modified":"2025-12-04T04:06:58","modified_gmt":"2025-12-04T04:06:58","slug":"accidente-de-camion-en-aventura-abogados-de-lesiones-de-camion-en-el-condado-de-miami-dade","status":"publish","type":"page","link":"https:\/\/flaxmanlaw.com\/es\/accidente-de-camion-en-aventura-abogados-de-lesiones-de-camion-en-el-condado-de-miami-dade\/","title":{"rendered":"Accidente de cami\u00f3n en Aventura"},"content":{"rendered":"<div class=\"bodytext\">\n<h2>Accidente de cami\u00f3n en Aventura<\/h2>\n<div class=\"description\">\n<p>Aventura es una comunidad suburbana conocida por sus calles limpias y seguras y su Parque de los Fundadores, as\u00ed como por su gran centro comercial. Es un lugar estupendo para ir de compras y a cenar, y es un gran lugar para criar una familia. Como est\u00e1 situada justo en el condado de Miami-Dade, es un lugar muy popular entre los residentes de Florida que eligen vivir cuando quieren un desplazamiento corto a Miami, pero quieren disfrutar de una comunidad segura a un ritmo m\u00e1s suave.<\/p>\n<p>Aunque Aventura es una comunidad segura, <a href=\"accidentes-de-cami\u00f3n.html\">los accidentes de cami\u00f3n<\/a> pueden ocurrir aqu\u00ed y de hecho ocurren en la comunidad cada a\u00f1o. El Grupo Legal Flaxman ha estado trabajando con demandantes y v\u00edctimas de accidentes de cami\u00f3n en Aventura durante d\u00e9cadas y un triste hecho que el equipo legal ha visto una y otra vez es que las cantidades bajas de las demandas no siempre cubren los costos de un accidente de cami\u00f3n. Aunque puede ser tentador aceptar una cantidad de reclamaci\u00f3n de una aseguradora para conseguir dinero r\u00e1pidamente, la realidad es que estas ofertas iniciales a menudo no cubren todos los gastos m\u00e9dicos, reparaciones del coche, p\u00e9rdida de ingresos y costes incidentales de la lesi\u00f3n. Las v\u00edctimas con lesiones permanentes o de larga duraci\u00f3n tras un accidente de cami\u00f3n en Aventura, especialmente, a veces se ven abocadas a la quiebra y a otros problemas econ\u00f3micos porque no se han cubierto adecuadamente los costes de sus da\u00f1os. Cuando la mayor\u00eda de las v\u00edctimas se dan cuenta de esto, ya es demasiado tarde. El momento de llamar al Grupo Legal Flaxman es inmediatamente despu\u00e9s de tu accidente de cami\u00f3n en Aventura. El Grupo Legal Flaxman puede programar una consulta gratuita y sin compromiso para que usted pueda comprender los costos totales de sus lesiones, as\u00ed como sus derechos y opciones. Antes de renunciar a sus derechos, llame al Grupo Legal Flaxman para una consulta gratuita sobre accidentes que pueda ayudarle a tomar una decisi\u00f3n informada en su caso.<\/p>\n<p>Tras un accidente de cami\u00f3n en Aventura, la ley de Florida limita el tiempo de que dispones para presentar una reclamaci\u00f3n legal. Adem\u00e1s, una vez que firmas los documentos con la compa\u00f1\u00eda de seguros y aceptas la primera oferta de acuerdo, normalmente habr\u00e1s renunciado a muchos de tus derechos a presentar una demanda judicial. Esto significa que, si como muchas v\u00edctimas de accidentes de cami\u00f3n en el sur de Florida, descubres que la cantidad inicial de la compa\u00f1\u00eda de seguros no cubre en absoluto tus gastos m\u00e9dicos y la p\u00e9rdida de ingresos, tendr\u00e1s muy limitados los medios para obtener una reparaci\u00f3n legal. Por esta raz\u00f3n, es importante <a href=\"contacta con nosotros.html\">contactar con<\/a> el Grupo Legal Flaxman inmediatamente despu\u00e9s de tu accidente para concertar una consulta gratuita sobre accidentes y hablar sobre tu caso. Es importante actuar ahora y <a href=\"contacta con nosotros.html\">contactar<\/a> al Grupo Legal Flaxman. Alguien est\u00e1 disponible en nuestro n\u00famero telef\u00f3nico las 24 horas del d\u00eda para atender inmediatamente tus preocupaciones y preguntas. Nuestro experimentado equipo jur\u00eddico cuenta con d\u00e9cadas de experiencia y ya ha ayudado a miles de demandantes de Florida del Sur a obtener los acuerdos que merecen. \u00bfNo mereces tener a alguien con ese tipo de experiencia velando por tus derechos?<\/p>\n<p>Aventura est\u00e1 a s\u00f3lo unos 18 minutos de las oficinas en Hollywood del Grupo Legal Flaxman. Para llegar, toma Aventura Blvd y gira a la derecha en US-1 N\/Biscayne Blvd. Gira a la izquierda en FL-858 W\/E Hallandale Beach Blvd y a la derecha en FL-7 N\/US-441 N. Gira a la derecha en Johnson St, donde se encuentran las oficinas del Grupo Legal Flaxman, en el 5715 de Johnson Street.<\/p>\n<\/div>\n<\/div>\n","protected":false},"excerpt":{"rendered":"<p>Sin honorarios a menos que ganemos. Llama al 866-352-9626 para una &#8230; <\/p>\n","protected":false},"author":3,"featured_media":0,"parent":0,"menu_order":0,"comment_status":"closed","ping_status":"closed","template":"template-practice-areas.php","meta":{"footnotes":""},"class_list":["post-22492","page","type-page","status-publish","hentry"],"featured_image_src":null,"featured_image_src_square":null,"_links":{"self":[{"href":"https:\/\/flaxmanlaw.com\/es\/wp-json\/wp\/v2\/pages\/22492","targetHints":{"allow":["GET"]}}],"collection":[{"href":"https:\/\/flaxmanlaw.com\/es\/wp-json\/wp\/v2\/pages"}],"about":[{"href":"https:\/\/flaxmanlaw.com\/es\/wp-json\/wp\/v2\/types\/page"}],"author":[{"embeddable":true,"href":"https:\/\/flaxmanlaw.com\/es\/wp-json\/wp\/v2\/users\/3"}],"replies":[{"embeddable":true,"href":"https:\/\/flaxmanlaw.com\/es\/wp-json\/wp\/v2\/comments?post=22492"}],"version-history":[{"count":0,"href":"https:\/\/flaxmanlaw.com\/es\/wp-json\/wp\/v2\/pages\/22492\/revisions"}],"wp:attachment":[{"href":"https:\/\/flaxmanlaw.com\/es\/wp-json\/wp\/v2\/media?parent=22492"}],"curies":[{"name":"wp","href":"https:\/\/api.w.org\/{rel}","templated":true}]}}