{"id":22493,"date":"2024-11-18T12:44:33","date_gmt":"2024-11-18T12:44:33","guid":{"rendered":"https:\/\/flaxmanlaw.wpenginepowered.com\/casos-de-ulceras-por-presion-abogados-de-abusos-en-residencias-de-ancianos-de-hollywood-florida\/"},"modified":"2024-11-18T12:44:33","modified_gmt":"2024-11-18T12:44:33","slug":"casos-de-ulceras-por-presion-abogados-de-abusos-en-residencias-de-ancianos-de-hollywood-florida","status":"publish","type":"page","link":"https:\/\/flaxmanlaw.com\/es\/casos-de-ulceras-por-presion-abogados-de-abusos-en-residencias-de-ancianos-de-hollywood-florida\/","title":{"rendered":"Casos de \u00falceras por presi\u00f3n | Abogados de abusos en residencias de ancianos de Hollywood, Florida"},"content":{"rendered":"<div class=\"bodytext\">\n<h2>Casos de \u00falceras por presi\u00f3n<\/h1><\/h2>\n<div class=\"description\">\n<p>Los casos de escaras pueden producirse en residencias de ancianos en diversas situaciones. En la mayor\u00eda de los casos, afectan a pacientes con movilidad limitada, pero cada incidente es diferente. Si tu ser querido anciano se ha visto afectado por \u00falceras de dec\u00fabito, ponte en contacto con un abogado especializado en <a href=\"negligencia en residencias de ancianos.html\">abusos<\/a> y negligencias en <a href=\"negligencia en residencias de ancianos.html\">residencias de ancianos<\/a> de Hollywood, Homestead, Miami o tu comunidad para que te asesore legalmente. Las \u00falceras de dec\u00fabito suelen ser el resultado de una negligencia y, como se pueden prevenir, es posible que tengas derecho a reclamar.   <\/p>\n<p><strong class=\"heading4\">  \u00bfQu\u00e9 necesito para un caso de escaras en Hollywood o el sur de Florida?  <\/strong><\/p>\n<p>Puedes tener un caso si t\u00fa o un ser querido anciano hab\u00e9is resultado heridos por \u00falceras de dec\u00fabito y hab\u00e9is sufrido p\u00e9rdidas a consecuencia de ello. Por ejemplo, si tu ser querido necesit\u00f3 asesoramiento, cirug\u00eda, visitas al m\u00e9dico y otros tratamientos costosos, puedes tener una reclamaci\u00f3n. <\/p>\n<p>Para presentar una reclamaci\u00f3n, debes poder demostrar que la residencia fue negligente o actu\u00f3 deliberadamente en contra de los intereses de tu ser querido. Si la residencia ten\u00eda un exceso de personal, aplicaba pol\u00edticas deficientes o no se percat\u00f3 de la existencia de una \u00falcera de dec\u00fabito, es posible que tengas derecho a reclamar. <\/p>\n<p>La mejor forma de evaluar si tienes derecho a reclamar es hablar con un abogado especializado en abusos y negligencias en residencias de ancianos de Hollywood. Un abogado que haya llevado casos de \u00falceras de dec\u00fabito en Hollywood, Homestead, Miami o tu comunidad puede ayudarte en cada fase del proceso y puede indicarte la solidez de tu caso. <\/p>\n<p>Si necesitas un abogado, contacta con el Grupo Legal Flaxman en el 866-352-9626. Tu primera consulta con nosotros es gratuita y sin compromiso. Tienes la oportunidad de hablar con nuestros abogados, revisar tu caso y obtener consejos sobre tu situaci\u00f3n.  <\/p>\n<p><strong class=\"heading4\">  \u00bfQu\u00e9 puedo esperar de mi caso de escaras?  <\/strong><\/p>\n<p>Si tienes una reclamaci\u00f3n legal, puedes pedir una indemnizaci\u00f3n por los da\u00f1os que ha sufrido tu ser querido anciano. Sin embargo, las residencias de ancianos tienen abogados y \u00e9stos defender\u00e1n a la residencia, por muy atroces que sean sus actos. Por ejemplo, pueden restar importancia a la gravedad de las escaras.  <\/p>\n<p>Un buen abogado de abusos y negligencias en residencias de ancianos de Hollywood puede ayudarte en este proceso. Un abogado puede trabajar con los investigadores para encontrar pruebas de mala conducta y negligencia. Un abogado puede negociar con los abogados de la residencia de ancianos y puede buscar un acuerdo extrajudicial o puede estar preparado para ir a juicio en tu caso. En cada fase del proceso, habr\u00e1 decisiones que tomar y un abogado cualificado puede ayudarte a explorar esas opciones para que elijas las adecuadas para ti y tu familia.   <\/p>\n<p><strong class=\"heading4\">\u00bfDebo llevar un caso de escaras?<\/strong><\/p>\n<p>Es una elecci\u00f3n profundamente personal, pero llevar un caso tiene varias ventajas:<\/p>\n<ul>\n<li>Responsabiliza a la residencia de ancianos y puede ayudar a alertar a otras familias de los abusos, para que otros no tengan que sufrir lo que sufri\u00f3 tu familiar.<\/li>\n<li>Te ayuda a buscar una indemnizaci\u00f3n para que puedas ayudar a pagar el mejor tratamiento y los mejores cuidados para tu familiar anciano<\/li>\n<li>Te ayuda a buscar justicia, para que otros ancianos vulnerables no tengan que sufrir<\/li>\n<\/ul>\n<p>Puede ser \u00fatil al menos explorar tus opciones, para que puedas tomar la decisi\u00f3n correcta para ti. <strong>Si desea hablar con un abogado de abuso y negligencia en asilos de ancianos en Hollywood en una consulta gratuita, confidencial y sin compromiso, <a href=\"contacta con nosotros.html\">contacte<\/a> al Grupo Legal Flaxman en l\u00ednea o al 866-352-9626 para hablar con un abogado experimentado y compasivo de nuestra firma legal.<\/strong><\/p>\n<\/p><\/div>\n<div class=\"subpageslist\">\n<ul> <\/ul>\n<\/p><\/div>\n<\/p><\/div>\n","protected":false},"excerpt":{"rendered":"<p>Sin honorarios a menos que ganemos. Llama al 866-352-9626 para una &#8230; <\/p>\n","protected":false},"author":3,"featured_media":0,"parent":0,"menu_order":0,"comment_status":"closed","ping_status":"closed","template":"template-practice-areas.php","meta":{"footnotes":""},"class_list":["post-22493","page","type-page","status-publish","hentry"],"featured_image_src":null,"featured_image_src_square":null,"_links":{"self":[{"href":"https:\/\/flaxmanlaw.com\/es\/wp-json\/wp\/v2\/pages\/22493","targetHints":{"allow":["GET"]}}],"collection":[{"href":"https:\/\/flaxmanlaw.com\/es\/wp-json\/wp\/v2\/pages"}],"about":[{"href":"https:\/\/flaxmanlaw.com\/es\/wp-json\/wp\/v2\/types\/page"}],"author":[{"embeddable":true,"href":"https:\/\/flaxmanlaw.com\/es\/wp-json\/wp\/v2\/users\/3"}],"replies":[{"embeddable":true,"href":"https:\/\/flaxmanlaw.com\/es\/wp-json\/wp\/v2\/comments?post=22493"}],"version-history":[{"count":0,"href":"https:\/\/flaxmanlaw.com\/es\/wp-json\/wp\/v2\/pages\/22493\/revisions"}],"wp:attachment":[{"href":"https:\/\/flaxmanlaw.com\/es\/wp-json\/wp\/v2\/media?parent=22493"}],"curies":[{"name":"wp","href":"https:\/\/api.w.org\/{rel}","templated":true}]}}