{"id":22495,"date":"2024-11-18T12:44:33","date_gmt":"2024-11-18T12:44:33","guid":{"rendered":"https:\/\/flaxmanlaw.wpenginepowered.com\/aventura-resbalones-y-caidas-abogados-de-responsabilidad-de-locales-del-condado-de-miami-dade\/"},"modified":"2025-05-06T10:02:54","modified_gmt":"2025-05-06T10:02:54","slug":"aventura-resbalones-y-caidas-abogados-de-responsabilidad-de-locales-del-condado-de-miami-dade","status":"publish","type":"page","link":"https:\/\/flaxmanlaw.com\/es\/aventura-resbalones-y-caidas-abogados-de-responsabilidad-de-locales-del-condado-de-miami-dade\/","title":{"rendered":"Resbal\u00f3n y ca\u00edda en Aventura"},"content":{"rendered":"<div class=\"bodytext\">\n<h2>Resbal\u00f3n y ca\u00edda en Aventura<\/h2>\n<div class=\"description\">\n<p>Aventura, Florida, est\u00e1 situada cerca de Fort Lauderdale y Miami. Llamada as\u00ed por la palabra espa\u00f1ola \u00abaventura\u00bb, la comunidad est\u00e1 planificada y es conocida por su gran centro comercial. Situada en el condado de Miami-Dade (Florida), Aventura goza de un clima estupendo, as\u00ed como de una gran belleza natural, que destaca por los numerosos espacios verdes y parques de la regi\u00f3n.<\/p>\n<p>Sin embargo, un <a href=\"accidentes por resbalones y ca\u00eddas.html\">accidente por resbal\u00f3n y ca\u00edda<\/a> en Aventura puede cambiar tu vida en una fracci\u00f3n de segundo. Estos accidentes, muy frecuentes en todo Florida y EE.UU., pueden provocar fracturas \u00f3seas, problemas de espalda, traumatismos craneales, huesos rotos y otras lesiones. Caerse sobre asfalto, hormig\u00f3n, baldosas u otra superficie dura, en el exterior o en el interior, puede provocar una dolorosa recuperaci\u00f3n, elevadas facturas hospitalarias y meses de p\u00e9rdida de trabajo e ingresos. Por estas razones, si has sufrido un accidente de resbal\u00f3n y ca\u00edda en Aventura, es importante que llames a un abogado experimentado en lesiones personales en Aventura, como el equipo legal del Grupo Legal Flaxman, para recibir orientaci\u00f3n y asesor\u00eda.<\/p>\n<p>Muchos casos de resbalones y ca\u00eddas en Florida tienen plazos muy cortos. Las pruebas de derrames e incluso de suelos o aceras irregulares pueden desaparecer r\u00e1pidamente. Adem\u00e1s, las v\u00edctimas <a href=\"lesiones cerebrales.html\">de lesiones cerebrales<\/a> en Aventura y otros pacientes que han sufrido una lesi\u00f3n debido a su ca\u00edda, s\u00f3lo tienen un tiempo limitado para presentar una demanda. Entre m\u00e1s r\u00e1pido contacte al Grupo Legal Flaxman sobre su caso de resbal\u00f3n y ca\u00edda en Aventura, m\u00e1s r\u00e1pido se le informar\u00e1 de sus derechos y se podr\u00e1n asegurar las pruebas. Su consulta inicial con el Grupo Legal Flaxman no tiene costo alguno y no le pone bajo ninguna obligaci\u00f3n, as\u00ed que es una manera inteligente de enterarse de sus derechos y opciones antes de tomar cualquier decisi\u00f3n en su caso.<\/p>\n<p>Charles Flaxman, abogado fundador del Grupo Legal Flaxman, ha trabajado con muchas v\u00edctimas de resbal\u00f3n y ca\u00edda en Aventura y, de hecho, con miles de v\u00edctimas de lesiones personales en Florida. Con m\u00e1s de 25 a\u00f1os de experiencia en litigios por lesiones personales, as\u00ed como diez a\u00f1os de experiencia en la industria de los seguros, Charles Flaxman cuenta con la extensa experiencia que puede ser una ventaja en su caso. Charles Flaxman habla tanto espa\u00f1ol como ingl\u00e9s y es miembro del Colegio de Abogados de Florida, de la Academia de Abogados Litigantes de Florida, y de la Asociaci\u00f3n de Abogados Litigantes de Am\u00e9rica.<\/p>\n<p>Si usted ha sufrido un accidente de resbal\u00f3n y ca\u00edda en Aventura, <a href=\"contacta con nosotros.html\">contacte<\/a> hoy mismo al Grupo Legal Flaxman para programar una consulta inicial gratuita y hablar sobre su caso. Siempre puede localizar a alguien en nuestro n\u00famero gratuito 866-352-9626. El trayecto de Aventura a nuestras oficinas en Hollywood es de s\u00f3lo 18 minutos. S\u00f3lo tienes que conducir por Aventura Blvd y girar a la derecha en US-1 N, luego a la izquierda en FL-858 W. Gira a la derecha en FL-7 N y otra vez a la derecha en Johnson St, donde se encuentran nuestras oficinas.<\/p>\n<\/div>\n<\/div>\n","protected":false},"excerpt":{"rendered":"<p>Sin honorarios a menos que ganemos. Llama al 866-352-9626 para una &#8230; <\/p>\n","protected":false},"author":3,"featured_media":0,"parent":0,"menu_order":0,"comment_status":"closed","ping_status":"closed","template":"template-practice-areas.php","meta":{"footnotes":""},"class_list":["post-22495","page","type-page","status-publish","hentry"],"featured_image_src":null,"featured_image_src_square":null,"_links":{"self":[{"href":"https:\/\/flaxmanlaw.com\/es\/wp-json\/wp\/v2\/pages\/22495","targetHints":{"allow":["GET"]}}],"collection":[{"href":"https:\/\/flaxmanlaw.com\/es\/wp-json\/wp\/v2\/pages"}],"about":[{"href":"https:\/\/flaxmanlaw.com\/es\/wp-json\/wp\/v2\/types\/page"}],"author":[{"embeddable":true,"href":"https:\/\/flaxmanlaw.com\/es\/wp-json\/wp\/v2\/users\/3"}],"replies":[{"embeddable":true,"href":"https:\/\/flaxmanlaw.com\/es\/wp-json\/wp\/v2\/comments?post=22495"}],"version-history":[{"count":0,"href":"https:\/\/flaxmanlaw.com\/es\/wp-json\/wp\/v2\/pages\/22495\/revisions"}],"wp:attachment":[{"href":"https:\/\/flaxmanlaw.com\/es\/wp-json\/wp\/v2\/media?parent=22495"}],"curies":[{"name":"wp","href":"https:\/\/api.w.org\/{rel}","templated":true}]}}