{"id":22498,"date":"2024-11-18T12:44:33","date_gmt":"2024-11-18T12:44:33","guid":{"rendered":"https:\/\/flaxmanlaw.wpenginepowered.com\/accidente-de-motocicleta-en-aventura-abogados-de-lesiones-de-motocicleta-en-el-condado-de-miami-dade\/"},"modified":"2024-11-18T12:44:33","modified_gmt":"2024-11-18T12:44:33","slug":"accidente-de-motocicleta-en-aventura-abogados-de-lesiones-de-motocicleta-en-el-condado-de-miami-dade","status":"publish","type":"page","link":"https:\/\/flaxmanlaw.com\/es\/accidente-de-motocicleta-en-aventura-abogados-de-lesiones-de-motocicleta-en-el-condado-de-miami-dade\/","title":{"rendered":"Accidente de Motocicleta en Aventura | Abogados de Lesiones de Motocicleta en el Condado de Miami-Dade"},"content":{"rendered":"<div class=\"bodytext\">\n<h2>Accidente de moto en Aventura<\/h1><\/h2>\n<div class=\"description\">\n<p>Aventura es una comunidad suburbana conocida por sus calles limpias, grandes tiendas, un enorme centro comercial y muchos espacios verdes, entre ellos el impresionante Parque de los Fundadores. Es un lugar estupendo para aprovechar las oportunidades recreativas, ir de compras, explorar nuevas comidas en los numerosos restaurantes de la zona, o simplemente dar largos paseos. Con un clima estupendo, una comunidad acogedora y muchas cosas que ver y hacer, Aventura hace realmente honor a su nombre, que deriva de la palabra espa\u00f1ola \u00abaventura\u00bb.  <\/p>\n<p>Si has tenido un accidente de moto en Aventura, las leyes de Florida te protegen. Tienes derecho a recuperar los ingresos perdidos, los gastos m\u00e9dicos, los da\u00f1os materiales y otros gastos de las partes responsables. En muchos accidentes de moto en Aventura, hay varias partes responsables. Por ejemplo, el fabricante de tu motocicleta puede ser responsable si existe un defecto en la motocicleta que haya causado o contribuido al accidente. Un turismo puede ser responsable si el conductor estaba distra\u00eddo, borracho o se comport\u00f3 de otro modo imprudente para causar el accidente. Otras partes pueden ser responsables del estado de las carreteras y de otros factores que contribuyeron al accidente. Determinar qu\u00e9 leyes te protegen y qui\u00e9nes son las partes responsables de tu accidente suele ser un proceso muy complejo. Por eso es importante ponerse en contacto con el experimentado equipo jur\u00eddico del Grupo Legal Flaxman para obtener ayuda y asesoramiento adicionales antes de tomar una decisi\u00f3n sobre tu caso.       <\/p>\n<p><a href=\"index.html\">El Grupo Legal Flaxman<\/a> es una firma de servicios integrales, que ofrece una gama completa de servicios a las v\u00edctimas de lesiones personales en Aventura. Despu\u00e9s de su accidente de motocicleta en Florida, podemos proporcionarle asistencia telef\u00f3nica inmediata para ayudarle a obtener asistencia m\u00e9dica, as\u00ed como reparaciones para su motocicleta. Tambi\u00e9n podemos concertar una consulta gratuita sobre accidentes con nuestro equipo jur\u00eddico, para que puedas discutir los pormenores de tu caso con un abogado litigante experimentado. Podemos ocuparnos de tu caso desde la llamada inicial hasta el juicio, si decides llevar tu caso ante los tribunales. Nos ocupamos de los detalles, para que puedas centrarte en recuperarte y mejorar.    <\/p>\n<p>El Grupo Legal Flaxman tambi\u00e9n est\u00e1 dispuesto a trabajar en base a honorarios de contingencia. Si usted ha sufrido un accidente de motocicleta en Aventura, lo \u00faltimo de lo que necesita preocuparse es de facturas legales adicionales. Si usted siente que tiene un caso pero no quiere gastar miles de d\u00f3lares en honorarios legales por adelantado, un arreglo de honorarios de contingencia le permite trabajar con nuestro equipo jur\u00eddico sin pagar los costos legales por adelantado. De hecho, una base de contingencia garantiza que el Grupo Legal Flaxman asume todos los riesgos de tu caso. Si el Grupo Legal Flaxman no gana tu caso y no recupera dinero para ti a trav\u00e9s de un acuerdo, no deber\u00e1s nada. Cuando se trabaja sobre una base de contingencia, el Grupo Legal Flaxman s\u00f3lo cobrar\u00e1 si y cuando aseguremos una recuperaci\u00f3n en su nombre.     <\/p>\n<p>Las oficinas del Grupo Legal Flaxman en Hollywood est\u00e1n a s\u00f3lo 18 minutos de Aventura. Simplemente toma Aventura Blvd, gira a la derecha en US-1 N, y a la izquierda en FL-858 W. Gira a la derecha en FL-7 N y a la derecha en Johnson St, donde se encuentran las oficinas. <\/p>\n<\/p><\/div>\n<\/p><\/div>\n","protected":false},"excerpt":{"rendered":"<p>Sin honorarios a menos que ganemos. Llama al 866-352-9626 para una &#8230; <\/p>\n","protected":false},"author":3,"featured_media":0,"parent":0,"menu_order":0,"comment_status":"closed","ping_status":"closed","template":"template-practice-areas.php","meta":{"footnotes":""},"class_list":["post-22498","page","type-page","status-publish","hentry"],"featured_image_src":null,"featured_image_src_square":null,"_links":{"self":[{"href":"https:\/\/flaxmanlaw.com\/es\/wp-json\/wp\/v2\/pages\/22498","targetHints":{"allow":["GET"]}}],"collection":[{"href":"https:\/\/flaxmanlaw.com\/es\/wp-json\/wp\/v2\/pages"}],"about":[{"href":"https:\/\/flaxmanlaw.com\/es\/wp-json\/wp\/v2\/types\/page"}],"author":[{"embeddable":true,"href":"https:\/\/flaxmanlaw.com\/es\/wp-json\/wp\/v2\/users\/3"}],"replies":[{"embeddable":true,"href":"https:\/\/flaxmanlaw.com\/es\/wp-json\/wp\/v2\/comments?post=22498"}],"version-history":[{"count":0,"href":"https:\/\/flaxmanlaw.com\/es\/wp-json\/wp\/v2\/pages\/22498\/revisions"}],"wp:attachment":[{"href":"https:\/\/flaxmanlaw.com\/es\/wp-json\/wp\/v2\/media?parent=22498"}],"curies":[{"name":"wp","href":"https:\/\/api.w.org\/{rel}","templated":true}]}}