{"id":22499,"date":"2024-11-18T12:44:33","date_gmt":"2024-11-18T12:44:33","guid":{"rendered":"https:\/\/flaxmanlaw.wpenginepowered.com\/accidentes-automovilisticos-hollywood-florida-abogados-de-lesiones-automovilisticas-grupo-legal-flaxman\/"},"modified":"2025-05-06T10:00:36","modified_gmt":"2025-05-06T10:00:36","slug":"accidentes-automovilisticos-hollywood-florida-abogados-de-lesiones-automovilisticas-grupo-legal-flaxman","status":"publish","type":"page","link":"https:\/\/flaxmanlaw.com\/es\/accidentes-automovilisticos-hollywood-florida-abogados-de-lesiones-automovilisticas-grupo-legal-flaxman\/","title":{"rendered":"Accidentes Automovil\u00edsticos en Hollywood"},"content":{"rendered":"<div class=\"bodytext\">\n<h2>Accidentes de tr\u00e1fico<\/h2>\n<div class=\"description\">\n<p>Si sufres lesiones por un accidente de coche, es importante que conozcas tus derechos. Por desgracia, los accidentes de coche son un hecho de la vida, y aunque las caracter\u00edsticas de seguridad mejoradas de los coches de \u00faltimo modelo ayudan a reducir el riesgo de lesiones, a\u00fan pueden causar mucho m\u00e1s que da\u00f1os en el autom\u00f3vil. En 2009, la Administraci\u00f3n Nacional de Seguridad del Tr\u00e1fico en Carretera (NHTSA) inform\u00f3 de 2558 accidentes mortales en las carreteras de Florida; sin embargo, incluso un accidente de coche no mortal puede provocar una lesi\u00f3n que puede ser igual de devastadora para una persona o una familia, sobre todo si se trata de una lesi\u00f3n para la que la recuperaci\u00f3n total puede llevar semanas o incluso meses, o cuando la lesi\u00f3n provoca una incapacidad permanente, como <a href=\"\/brain-injury\">una lesi\u00f3n cerebral<\/a> o <a href=\"\/spinal-cord-injuries\">una lesi\u00f3n medular<\/a>. Adem\u00e1s, una lesi\u00f3n por accidente de coche puede dar lugar a una costosa atenci\u00f3n de urgencia y a una larga estancia en el hospital. Un accidente tambi\u00e9n puede tener repercusiones econ\u00f3micas adicionales o a largo plazo, como dificultar tu capacidad para desempe\u00f1ar tu trabajo, requerir costosos cuidados a domicilio por parte de un cuidador profesional, o crear la necesidad de dispositivos m\u00e9dicos o terapia de recuperaci\u00f3n. Hablar con un abogado de accidentes de coche en Hollywood despu\u00e9s del accidente es esencial para proteger tus derechos. <strong class=\"heading4\"> Por qu\u00e9 es importante un abogado tras tu colisi\u00f3n de coche en el sur de Florida <\/strong> Si has tenido un accidente de coche y has sufrido lesiones, es fundamental que puedas evaluar tus derechos, responsabilidades y recursos, para asegurarte de que obtienes lo que necesitas para recuperarte plenamente, tanto m\u00e9dica como econ\u00f3micamente. Esto es especialmente importante porque es posible que no puedas evaluar detenida e inmediatamente c\u00f3mo se produjo el accidente de coche, recabar informaci\u00f3n, hablar e identificar a los testigos y otros conductores implicados, o hablar con el personal de urgencias en el lugar del siniestro. Aqu\u00ed es donde un abogado de accidentes automovil\u00edsticos en los despachos de Miami, Homestead o Hollywood del Grupo Legal Flaxman puede ayudarte. Si usted ha sufrido lesiones en un accidente automovil\u00edstico en Florida del Sur, nuestros abogados est\u00e1n preparados para manejar todas sus preocupaciones, incluyendo la evaluaci\u00f3n e investigaci\u00f3n de asuntos tales como qui\u00e9n estuvo involucrado y qui\u00e9n tiene la culpa, la cantidad de cobertura ofrecida por las p\u00f3lizas de seguro de la parte o partes involucradas, y el c\u00e1lculo de sus gastos de bolsillo por da\u00f1os a la propiedad y atenci\u00f3n m\u00e9dica inmediata. Pero quiz\u00e1 lo m\u00e1s importante sea que nuestros profesionales pueden ayudarte a evaluar consecuencias m\u00e1s complicadas que pueden derivarse de tu lesi\u00f3n en accidente de tr\u00e1fico, como tu p\u00e9rdida real y potencial por dolor y sufrimiento o angustia mental, tu p\u00e9rdida real y potencial de salario, p\u00e9rdida de capacidad de ganancia y p\u00e9rdida de consorcio. <iframe src=\"https:\/\/www.youtube.com\/embed\/nxQPGb6CH8Y?rel=0&amp;showinfo=0&amp;autohide=1&amp;modestbranding=1\" width=\"430\" height=\"242\" frameborder=\"0\" allowfullscreen=\"allowfullscreen\"> <strong class=\"heading4\"> Trabajar con un Abogado de Accidentes Automovil\u00edsticos en Hollywood del Grupo Legal Flaxman <\/strong><img decoding=\"async\" src=\"photos\/drunkdriving.jpg\" alt=\"accidente de coche\" class=\"leftphoto\" \/>El Grupo Legal Flaxman cuenta con muchos a\u00f1os de experiencia en el manejo de todas las demandas relacionadas con accidentes automovil\u00edsticos , incluyendo accidentes que pueden involucrar a <a href=\"accidentes por conducir ebrio.html\">conductores ebrios<\/a>, <a href=\"accidentes-autob\u00fas.html\">autobuses<\/a>, <a href=\"accidentes-motos.html\">motocicletas<\/a>, <a href=\"accidentes-de-cami\u00f3n.html\">camiones<\/a> y <a href=\"accidentes-peatones.html\">peatones<\/a>, as\u00ed como aquellos que pueden ser causados o parcialmente causados por <a href=\"accidentes-volcaduras-de-furgonetas-suv.html\">veh\u00edculos defectuosos<\/a> o partes defectuosas, como <a href=\"accidentes-volcaduras-de-furgonetas-suv.html\">llantas defectuosas<\/a>. Nuestro dedicado equipo de abogados especializados en lesiones personales ha ayudado a muchas v\u00edctimas de lesiones por accidente de coche a obtener los recursos que necesitan para conseguir una verdadera recuperaci\u00f3n total, tanto f\u00edsica como econ\u00f3mica. Adem\u00e1s, nuestros abogados pueden ayudar no s\u00f3lo a los conductores, sino tambi\u00e9n a los pasajeros (incluyendo menores y ni\u00f1os) cuyas lesiones pueden crear tr\u00e1gicamente necesidades m\u00e9dicas hasta bien entrado su futuro, y donde es mucho m\u00e1s dif\u00edcil medir los impactos en cuestiones como la capacidad de ingresos futuros y la angustia mental.El Grupo Legal Flaxman ofrece una consulta sin compromiso y sin costo con un abogado de accidentes automovil\u00edsticos en Hollywood o en su comunidad para hablar sobre su situaci\u00f3n. Esto te permite conocer todas tus opciones antes de decidir qu\u00e9 hacer. Si aceptamos ayudarte, no hay costos ocultos y no tendr\u00e1s que pagar nada al Grupo Legal Flaxman si no ganamos tu caso u obtenemos un acuerdo extrajudicial. Podemos reunirnos en su habitaci\u00f3n del hospital, oficina, o casa para una consulta gratuita sin compromiso. Tambi\u00e9n puedes reunirte con nosotros en nuestras oficinas de Hollywood, Homestead o Miami. Puedes hablar con uno de nuestros cualificados abogados de lesiones por accidente de coche en el sur de Florida siempre que lo necesites: todos los d\u00edas de la semana, las 24 horas del d\u00eda.         <strong>S\u00f3lo tienes que <a href=\"contacta con nosotros.html\">ponerte en contacto con nosotros por Internet<\/a> o llamarnos al 866-352-9626 para concertar tu primera consulta gratuita o hablar con un abogado de inmediato. Podemos darte las respuestas que necesitas. <\/strong><\/p>\n<div class=\"subpageslist\">\n<ul>\n<li><a href=\"causas-de-los-accidentes-de-coche.html\">Causas de los accidentes de tr\u00e1fico<\/a><\/li>\n<li><a href=\"tipos-de-accidentes-de-coche.html\">Tipos de accidentes de tr\u00e1fico<\/a><\/li>\n<li><a href=\"lesiones-comunes.html\">Lesiones comunes<\/a><\/li>\n<li><a href=\"recursos-\u00e1cido-coche.html\">Recursos sobre accidentes de tr\u00e1fico<\/a><\/li>\n<li><a href=\"preguntas-accidente-coche.html\">Preguntas frecuentes sobre accidentes de tr\u00e1fico<\/a><\/li>\n<\/ul>\n<\/div>\n<p>&nbsp;<\/p>\n<p>&nbsp;<\/p>\n<p>&nbsp;<\/p>\n<p><\/iframe><\/p>\n<\/div>\n<\/div>\n","protected":false},"excerpt":{"rendered":"<p>Sin honorarios a menos que ganemos. Llama al 866-352-9626 para una &#8230; <\/p>\n","protected":false},"author":3,"featured_media":0,"parent":0,"menu_order":0,"comment_status":"closed","ping_status":"closed","template":"template-practice-areas.php","meta":{"footnotes":""},"class_list":["post-22499","page","type-page","status-publish","hentry"],"featured_image_src":null,"featured_image_src_square":null,"_links":{"self":[{"href":"https:\/\/flaxmanlaw.com\/es\/wp-json\/wp\/v2\/pages\/22499","targetHints":{"allow":["GET"]}}],"collection":[{"href":"https:\/\/flaxmanlaw.com\/es\/wp-json\/wp\/v2\/pages"}],"about":[{"href":"https:\/\/flaxmanlaw.com\/es\/wp-json\/wp\/v2\/types\/page"}],"author":[{"embeddable":true,"href":"https:\/\/flaxmanlaw.com\/es\/wp-json\/wp\/v2\/users\/3"}],"replies":[{"embeddable":true,"href":"https:\/\/flaxmanlaw.com\/es\/wp-json\/wp\/v2\/comments?post=22499"}],"version-history":[{"count":0,"href":"https:\/\/flaxmanlaw.com\/es\/wp-json\/wp\/v2\/pages\/22499\/revisions"}],"wp:attachment":[{"href":"https:\/\/flaxmanlaw.com\/es\/wp-json\/wp\/v2\/media?parent=22499"}],"curies":[{"name":"wp","href":"https:\/\/api.w.org\/{rel}","templated":true}]}}