{"id":22500,"date":"2024-11-18T12:44:33","date_gmt":"2024-11-18T12:44:33","guid":{"rendered":"https:\/\/flaxmanlaw.wpenginepowered.com\/accidente-de-coche-en-aventura-abogados-de-lesiones-de-coche-en-el-condado-de-miami-dade\/"},"modified":"2025-12-04T04:06:52","modified_gmt":"2025-12-04T04:06:52","slug":"accidente-de-coche-en-aventura-abogados-de-lesiones-de-coche-en-el-condado-de-miami-dade","status":"publish","type":"page","link":"https:\/\/flaxmanlaw.com\/es\/accidente-de-coche-en-aventura-abogados-de-lesiones-de-coche-en-el-condado-de-miami-dade\/","title":{"rendered":"Accidente de coche en Aventura"},"content":{"rendered":"<div class=\"bodytext\">\n<h2>Accidente de coche en Aventura<\/h2>\n<div class=\"description\">\n<p>Aventura, en el <a href=\"miami-dade-condado-lesiones-personales.html\">condado de Miami-Dade<\/a> de Florida, es un conocido lugar de viaje y una popular comunidad residencial suburbana. Con grandes tiendas en el centro comercial Aventura Mall y calles limpias y seguras, Aventura es un para\u00edso tanto para residentes como para viajeros. La comunidad tambi\u00e9n es conocida por el Parque Founders y por el cercano Parque del R\u00edo Oleta, que ofrece actividades recreativas al aire libre como pirag\u00fcismo y ciclismo. Aunque Aventura, Florida, es una comunidad segura, sin embargo, como muchas comunidades de Florida, tiene un alto \u00edndice de accidentes de tr\u00e1fico.<\/p>\n<p>Si has sufrido un accidente de <a href=\"accidentes-coche.html\">coche<\/a> en Aventura, es posible que est\u00e9s muy preocupado por las elevadas facturas m\u00e9dicas, los da\u00f1os materiales y otros gastos asociados al accidente. Por desgracia, los accidentes de coche en Aventura pueden suponer p\u00e9rdida de ingresos, tiempo de ausencia del trabajo y gastos considerables. Un accidente de coche tambi\u00e9n puede dejar tu coche destrozado, lo que puede dificultarte ir a trabajar o incluso hacer los recados cotidianos.<\/p>\n<p>El experimentado y compasivo equipo legal del Grupo Legal Flaxman est\u00e1 comprometido a quitarle la preocupaci\u00f3n de los da\u00f1os a la propiedad, las cuentas m\u00e9dicas, y otros altos gastos de un accidente automovil\u00edstico en Aventura. El equipo jur\u00eddico del Grupo Legal Flaxman est\u00e1 comprometido a negociar la m\u00e1xima cantidad posible para su recuperaci\u00f3n, asegur\u00e1ndose de que la mayor\u00eda de sus cuentas queden cubiertas, para que usted no tenga que pagar de su bolsillo los costos de su accidente automovil\u00edstico. El compasivo y experimentado equipo jur\u00eddico y el Grupo Legal Flaxman ha trabajado exitosamente con miles de v\u00edctimas de lesiones personales en Aventura y puede ayudarle con el abogado litigante experimentado que usted necesita para llevar agresivamente su caso ante los tribunales o mediante un acuerdo.<\/p>\n<p>El equipo jur\u00eddico de accidentes automovil\u00edsticos del Grupo Legal Flaxman cuenta con m\u00e1s de 30 a\u00f1os de exitosa experiencia en litigios. Charles Flaxman, del Grupo Legal Flaxman, tiene m\u00e1s de 30 a\u00f1os de experiencia en juicios, as\u00ed como 10 a\u00f1os de experiencia como ajustador de demandas en una compa\u00f1\u00eda aseguradora. Comprende la frustraci\u00f3n y el miedo por los que pasan las v\u00edctimas de accidentes automovil\u00edsticos. Y lo que es m\u00e1s importante, entiende exactamente c\u00f3mo trabajan las compa\u00f1\u00edas de seguros, y exactamente qu\u00e9 deben hacer los demandantes para obtener la indemnizaci\u00f3n que merecen. Charles Flaxman se gradu\u00f3 entre el 1% de los mejores de su escuela de leyes y ha estado comprometido a ayudar a los demandantes de Aventura desde entonces. Llame hoy mismo al Grupo Legal Flaxman para una consulta gratuita y sin compromiso para hablar sobre su caso y obtener asesor\u00eda y ayuda legal inmediata y confiable.<\/p>\n<p>Ya que el Grupo Legal Flaxman est\u00e1 comprometido a ayudar a todo Florida del Sur, el Grupo Legal Flaxman cuenta con tres oficinas para servirle. Nuestro despacho en Hollywood est\u00e1 ubicado en el 5715 de Johnson Street en Hollywood, Florida y nuestro despacho en Miami est\u00e1 en el 6303 de Blue Lagoon Drive #400 en Miami, Florida. Nuestra oficina de Homestead se encuentra en 123 North Krome Avenue #101 en Homestead, Florida. Desde Aventura, nuestro despacho m\u00e1s cercano es el de Hollywood. Este despacho del Grupo Legal Flaxman est\u00e1 a s\u00f3lo 18 minutos manejando desde Aventura. Puedes llegar al despacho tomando Aventura Blvd, US-1 N\/Biscayne Blvd, FL-858 W\/E Hallandale Beach Blvd y FL-7 N\/US-441 N. hasta Johnson St, donde se encuentran nuestras oficinas. Tambi\u00e9n puedes ponerte en contacto con nosotros por tel\u00e9fono, fax (954 987 3251), m\u00f3vil (954 830 2123) o a trav\u00e9s de <a href=\"contacta con nosotros.html\">nuestro sitio web<\/a>.<\/p>\n<\/div>\n<\/div>\n","protected":false},"excerpt":{"rendered":"<p>Sin honorarios a menos que ganemos. Llama al 866-352-9626 para una &#8230; <\/p>\n","protected":false},"author":3,"featured_media":0,"parent":0,"menu_order":0,"comment_status":"closed","ping_status":"closed","template":"template-practice-areas.php","meta":{"footnotes":""},"class_list":["post-22500","page","type-page","status-publish","hentry"],"featured_image_src":null,"featured_image_src_square":null,"_links":{"self":[{"href":"https:\/\/flaxmanlaw.com\/es\/wp-json\/wp\/v2\/pages\/22500","targetHints":{"allow":["GET"]}}],"collection":[{"href":"https:\/\/flaxmanlaw.com\/es\/wp-json\/wp\/v2\/pages"}],"about":[{"href":"https:\/\/flaxmanlaw.com\/es\/wp-json\/wp\/v2\/types\/page"}],"author":[{"embeddable":true,"href":"https:\/\/flaxmanlaw.com\/es\/wp-json\/wp\/v2\/users\/3"}],"replies":[{"embeddable":true,"href":"https:\/\/flaxmanlaw.com\/es\/wp-json\/wp\/v2\/comments?post=22500"}],"version-history":[{"count":0,"href":"https:\/\/flaxmanlaw.com\/es\/wp-json\/wp\/v2\/pages\/22500\/revisions"}],"wp:attachment":[{"href":"https:\/\/flaxmanlaw.com\/es\/wp-json\/wp\/v2\/media?parent=22500"}],"curies":[{"name":"wp","href":"https:\/\/api.w.org\/{rel}","templated":true}]}}