{"id":22501,"date":"2024-11-18T12:44:33","date_gmt":"2024-11-18T12:44:33","guid":{"rendered":"https:\/\/flaxmanlaw.wpenginepowered.com\/accidente-de-coche-causado-por-negligencia-hollywood-florida-abogados-de-lesiones-de-auto\/"},"modified":"2025-12-04T03:55:04","modified_gmt":"2025-12-04T03:55:04","slug":"accidente-de-coche-causado-por-negligencia-hollywood-florida-abogados-de-lesiones-de-auto","status":"publish","type":"page","link":"https:\/\/flaxmanlaw.com\/es\/accidente-de-coche-causado-por-negligencia-hollywood-florida-abogados-de-lesiones-de-auto\/","title":{"rendered":"Accidente de Coche por Negligencia"},"content":{"rendered":"<div class=\"bodytext\">\n<h2>Accidente de coche causado por negligencia<\/h2>\n<div class=\"description\">\n<p>Muchos accidentes de coche en Miami se producen por negligencia. Eso significa que el conductor culpable no actu\u00f3 de una manera determinada o actu\u00f3 de forma imprudente, lo que provoc\u00f3 lesiones. Si un accidente de coche se debe a una negligencia, la legislaci\u00f3n de Florida permite a las v\u00edctimas que hayan sufrido lesiones emprender acciones legales contra el conductor culpable y su compa\u00f1\u00eda de seguros para obtener una indemnizaci\u00f3n por p\u00e9rdida de ingresos, gastos m\u00e9dicos y otros da\u00f1os.<\/p>\n<p>Si has resultado herido en un accidente de coche en Miami, puede ser dif\u00edcil determinar si una negligencia ha causado el accidente. Por esta raz\u00f3n, quiz\u00e1 desees contactar a un abogado local de lesiones personales con experiencia en casos de accidentes automovil\u00edsticos. <a href=\"index.html\">El Grupo Legal Flaxman<\/a> es una firma de servicios integrales con un dedicado personal jur\u00eddico que cuenta con m\u00e1s de 25 a\u00f1os de experiencia en casos de accidentes automovil\u00edsticos y de lesiones personales. El Grupo Legal Flaxman est\u00e1 feliz de aceptar nuevos clientes y ofrece una consulta gratuita sobre accidentes que puede ayudarle a entender m\u00e1s sobre lo que la firma puede hacer por usted.<\/p>\n<p><strong class=\"heading4\"> Determinar la negligencia tras un accidente <\/strong><\/p>\n<p>Tras un accidente de coche, la v\u00edctima y su abogado tendr\u00e1n que determinar si una negligencia ha causado de hecho el accidente y las lesiones subsiguientes. Para ello, un abogado de lesiones personales suele trabajar con investigadores privados y otros profesionales para determinar exactamente qu\u00e9 ha causado el accidente. Adem\u00e1s, el abogado intentar\u00e1 demostrar:<\/p>\n<p><strong>1) Que el conductor culpable no tuvo un cuidado razonable al conducir.<\/strong> Los conductores tienen un \u00abdeber de diligencia razonable\u00bb, lo que significa que se espera de ellos que se comporten de forma razonablemente cuidadosa con los dem\u00e1s conductores, peatones, ciclistas y otras personas que comparten la carretera. Un abogado de lesiones personales puede intentar demostrar que un conductor culpable fue negligente e incumpli\u00f3 su deber de diligencia. Por ejemplo, un abogado puede demostrar que un conductor hablaba por el m\u00f3vil, conduc\u00eda ebrio, con exceso de velocidad o participaba en otra actividad imprudente en el momento del accidente.<\/p>\n<p><strong>2) Que las acciones y la negligencia del conductor culpable provocaron directamente las lesiones sufridas por la v\u00edctima.<\/strong> Un abogado de lesiones personales tambi\u00e9n debe poder demostrar que las acciones imprudentes o negligentes de un conductor provocaron directamente las lesiones y da\u00f1os de la v\u00edctima. Para ello puede ser necesario recurrir a testigos expertos y a documentos m\u00e9dicos que demuestren que determinadas afecciones -incluidas las lesiones permanentes y de larga duraci\u00f3n- fueron consecuencia directa de las acciones del conductor culpable.<\/p>\n<p><strong>3) Que la v\u00edctima haya sufrido lesiones graves como consecuencia del accidente.<\/strong> Un abogado de lesiones personales calcular\u00e1 y documentar\u00e1 cuidadosamente los costes totales previstos de una lesi\u00f3n tras un accidente de coche. Esto puede significar contabilizar la cantidad total de tiempo de trabajo (y, por tanto, de ingresos) perdido, las facturas m\u00e9dicas que el paciente puede tener que pagar, los da\u00f1os del coche y otros gastos en que haya incurrido la v\u00edctima. Adem\u00e1s, un abogado local especializado en lesiones personales puede tener que proyectar tambi\u00e9n el coste previsto a largo plazo de la lesi\u00f3n permanente, incluidos los cuidados a domicilio, las caracter\u00edsticas de accesibilidad de la vivienda, toda una vida de tratamiento y cuidados m\u00e9dicos, etc.<\/p>\n<p><strong class=\"heading4\"> Qu\u00e9 hacer si has tenido un accidente de coche en Miami <\/strong><\/p>\n<p>Si has sufrido lesiones como resultado de la negligencia de alguien, no hay raz\u00f3n para sufrir las consecuencias financieras de la imprudencia de alguien. Durante los \u00faltimos 25 a\u00f1os, el equipo jur\u00eddico del Grupo Legal Flaxman se ha dedicado a ayudar a las v\u00edctimas de lesiones personales a obtener la asistencia y representaci\u00f3n legal que necesitan. El equipo jur\u00eddico del Grupo Legal Flaxman ya ha ayudado a miles de v\u00edctimas de lesiones personales en Miami y en todo Florida del Sur a recuperar m\u00e1s de 25 millones de d\u00f3lares por sus lesiones. No dude en <a href=\"contacta con nosotros.html\">contactar<\/a> al Grupo Legal Flaxman si tiene preguntas o necesita asesor\u00eda despu\u00e9s de sufrir una lesi\u00f3n.<\/p>\n<\/div>\n<div class=\"subpageslist\"><\/div>\n<\/div>\n","protected":false},"excerpt":{"rendered":"<p>Sin honorarios a menos que ganemos. Llama al 866-352-9626 para una &#8230; <\/p>\n","protected":false},"author":3,"featured_media":0,"parent":0,"menu_order":0,"comment_status":"closed","ping_status":"closed","template":"template-practice-areas.php","meta":{"footnotes":""},"class_list":["post-22501","page","type-page","status-publish","hentry"],"featured_image_src":null,"featured_image_src_square":null,"_links":{"self":[{"href":"https:\/\/flaxmanlaw.com\/es\/wp-json\/wp\/v2\/pages\/22501","targetHints":{"allow":["GET"]}}],"collection":[{"href":"https:\/\/flaxmanlaw.com\/es\/wp-json\/wp\/v2\/pages"}],"about":[{"href":"https:\/\/flaxmanlaw.com\/es\/wp-json\/wp\/v2\/types\/page"}],"author":[{"embeddable":true,"href":"https:\/\/flaxmanlaw.com\/es\/wp-json\/wp\/v2\/users\/3"}],"replies":[{"embeddable":true,"href":"https:\/\/flaxmanlaw.com\/es\/wp-json\/wp\/v2\/comments?post=22501"}],"version-history":[{"count":0,"href":"https:\/\/flaxmanlaw.com\/es\/wp-json\/wp\/v2\/pages\/22501\/revisions"}],"wp:attachment":[{"href":"https:\/\/flaxmanlaw.com\/es\/wp-json\/wp\/v2\/media?parent=22501"}],"curies":[{"name":"wp","href":"https:\/\/api.w.org\/{rel}","templated":true}]}}