{"id":22503,"date":"2024-11-18T12:44:33","date_gmt":"2024-11-18T12:44:33","guid":{"rendered":"https:\/\/flaxmanlaw.wpenginepowered.com\/como-arrendador-en-colorado-cuando-puedo-retener-parte-de-la-fianza\/"},"modified":"2024-11-18T12:44:33","modified_gmt":"2024-11-18T12:44:33","slug":"como-arrendador-en-colorado-cuando-puedo-retener-parte-de-la-fianza","status":"publish","type":"page","link":"https:\/\/flaxmanlaw.com\/es\/como-arrendador-en-colorado-cuando-puedo-retener-parte-de-la-fianza\/","title":{"rendered":"Como arrendador en Colorado \u00bfCu\u00e1ndo puedo retener parte de la fianza?"},"content":{"rendered":"<div class=\"bodytext\">\n<h2>Como arrendador en Colorado \u00bfCu\u00e1ndo puedo retener parte de la fianza?<\/h1><\/h2>\n<div class=\"description\">\n<p>Si alquilas una vivienda en Denver, Colorado Springs o cualquier otra comunidad de Colorado, es probable que tomes medidas para protegerte como propietario. Puede que investigues cuidadosamente a los inquilinos, contrates un seguro para tu propiedad y realices inspecciones de la misma entre inquilino e inquilino. <\/p>\n<p>Un recurso que tienen los caseros de Colorado es la fianza. Se trata de una cantidad de dinero que puedes pedir a un inquilino antes de que se mude, para cubrir posibles da\u00f1os o p\u00e9rdidas. Puede protegerte, pero existen leyes en Colorado sobre la retenci\u00f3n de dinero de un dep\u00f3sito de seguridad, aunque tengas una causa justificada. Tampoco es infrecuente que en Colorado se produzcan disputas entre arrendadores y arrendatarios en torno a los dep\u00f3sitos de seguridad. A veces, propietarios e inquilinos discrepan sobre lo que es o no razonable.    <\/p>\n<p>Si necesitas ayuda de un abogado en Colorado por tu situaci\u00f3n, siempre puedes contactar al Grupo Legal Flaxman en Denver al <strong>970-999-0530<\/strong><strong> para una consulta<\/strong> con un abogado de disputas entre arrendadores y arrendatarios en Colorado. Nuestras oficinas en Denver sirven a todo el estado y siempre nos complace revisar cu\u00e1les podr\u00edan ser sus opciones legales. <\/p>\n<p><strong class=\"heading4\">Conoce tus derechos<\/strong><\/p>\n<p>En Colorado, no hay l\u00edmite estatal sobre la cantidad que puedes cobrar en concepto de fianza, pero algunos municipios s\u00ed ponen un tope a las fianzas de los alquileres residenciales, as\u00ed que comprueba la normativa de tu condado y ciudad.<\/p>\n<p><strong class=\"heading4\">\u00bfCu\u00e1ndo puedo retener parte de la fianza como arrendador en Colorado?<\/strong><\/p>\n<p>Puedes retener parte de la fianza para cubrir el impago del alquiler, el impago de los servicios p\u00fablicos y para cubrir cualquier responsabilidad indicada en el contrato de alquiler.<\/p>\n<p>Una de las razones m\u00e1s comunes por las que los propietarios de Colorado Springs, Denver y otras comunidades retienen la fianza es por los da\u00f1os sufridos por la vivienda alquilada. Por desgracia, \u00e9sta es tambi\u00e9n una situaci\u00f3n en la que pueden producirse desacuerdos. <\/p>\n<p>Seg\u00fan la ley de Colorado, t\u00fa, como arrendador, no puedes retener ninguna parte de la fianza por desgaste normal, pero puedes retener una parte de la fianza o incluso toda la fianza por da\u00f1os graves. El problema es que puede haber confusi\u00f3n sobre lo que es desgaste normal. <\/p>\n<p>En general, no puedes retener parte de la fianza por el deterioro normal de un inmueble que se produce con el uso habitual. Por ejemplo, si las alfombras se ponen ra\u00eddas o hay peque\u00f1as rozaduras en las puertas, eso es desgaste normal y es responsabilidad tuya como propietario. <\/p>\n<p>Sin embargo, puedes retener parte de la fianza cuando los inquilinos, por negligencia o voluntariamente, causen da\u00f1os importantes a la propiedad. Esto puede incluir <\/p>\n<ul>\n<li>Ventanas o puertas rotas<\/li>\n<li>Agujeros en las paredes<\/li>\n<li>Manchas o da\u00f1os por quemaduras en las alfombras<\/li>\n<li>Faltan luminarias u otros componentes importantes del alquiler<\/li>\n<li>Condiciones insalubres<\/li>\n<li>Exceso de escombros u objetos grandes abandonados, que te obliguen a encargar la retirada de trastos viejos<\/li>\n<li>Aparatos que faltan<\/li>\n<li>Aparatos da\u00f1ados<\/li>\n<li>Da\u00f1os en la fontaner\u00eda, las instalaciones u otras partes del alquiler<\/li>\n<li>Modificaciones no autorizadas, como pintar las paredes o alicatar el suelo sin autorizaci\u00f3n<\/li>\n<\/ul>\n<p>Uno de los problemas de este tipo de da\u00f1os es que repararlos puede costar mucho m\u00e1s de lo que puede cubrir la fianza. En estos casos, puedes pedir a los inquilinos que paguen cargos adicionales o presentar una reclamaci\u00f3n para recuperar tus p\u00e9rdidas. Si la fianza no cubre las p\u00e9rdidas, ponte r\u00e1pidamente en contacto con un abogado de Colorado especializado en disputas entre propietarios e inquilinos. Querr\u00e1s asesoramiento jur\u00eddico para proteger tu inversi\u00f3n.   <\/p>\n<p><strong class=\"heading4\">\u00bfC\u00f3mo puedo retener una fianza en Colorado?  <\/strong><\/p>\n<p>Retendr\u00e1s la fianza cuando el inquilino se mude, y querr\u00e1s reducir el riesgo de que el asunto se convierta en una disputa. He aqu\u00ed c\u00f3mo puedes hacerlo: <\/p>\n<ul>\n<li>Realiza inspecciones de entrada y salida para que puedas evaluar los da\u00f1os y los problemas.<\/li>\n<li>Haz fotograf\u00edas y v\u00eddeos del estado de la vivienda antes y despu\u00e9s de que se muden los inquilinos, para que puedas demostrar cu\u00e1ndo se produjo cualquier da\u00f1o.<\/li>\n<li>Guarda copias de todas las comunicaciones escritas con tu inquilino y registros detallados de cu\u00e1ndo se pag\u00f3 la renta.<\/li>\n<li>Documenta cualquier reparaci\u00f3n o mantenimiento que hayas realizado en la propiedad.<\/li>\n<li>Responde con prontitud a las solicitudes de reparaci\u00f3n de los inquilinos.<\/li>\n<li>Si hay desperfectos en el alquiler y piensas retener la fianza, pide presupuestos de reparaci\u00f3n a unos cuantos contratistas para tener una estimaci\u00f3n exacta de lo que podr\u00edan costar las reparaciones.<\/li>\n<\/ul>\n<p>Los propietarios de Colorado tienen un mes para devolver la fianza a los inquilinos, a menos que el contrato de alquiler les conceda m\u00e1s tiempo (no m\u00e1s de 60 d\u00edas). Si descubres que tienes que retener parte de la fianza, debes facilitar una lista detallada que explique los cargos. <\/p>\n<p><strong class=\"heading4\">Como arrendador en Colorado \u00bfCu\u00e1ndo puedo retener parte de la fianza y cu\u00e1ndo debo ponerme en contacto con un abogado?<\/strong><\/p>\n<p>Como propietario en Colorado, puedes retener parte del alquiler de un inquilino por da\u00f1os a la propiedad, impago del alquiler o de los servicios p\u00fablicos, o incumplimiento del contrato de alquiler.<\/p>\n<p>Si el dep\u00f3sito no cubrir\u00e1 tus p\u00e9rdidas o si t\u00fa y tu inquilino no pueden ponerse de acuerdo sobre lo que es razonable retener, puedes llamar al Grupo Legal Flaxman al <strong>970-999-0530 para una consulta<\/strong> con un abogado de Colorado especializado en disputas entre propietarios e inquilinos en Denver. Podemos revisar tus derechos y posibles opciones. <\/p>\n<\/p><\/div>\n<\/p><\/div>\n","protected":false},"excerpt":{"rendered":"<p>Sin honorarios a menos que ganemos. Llama al 866-352-9626 para una &#8230; <\/p>\n","protected":false},"author":3,"featured_media":0,"parent":0,"menu_order":0,"comment_status":"closed","ping_status":"closed","template":"template-practice-areas.php","meta":{"footnotes":""},"class_list":["post-22503","page","type-page","status-publish","hentry"],"featured_image_src":null,"featured_image_src_square":null,"_links":{"self":[{"href":"https:\/\/flaxmanlaw.com\/es\/wp-json\/wp\/v2\/pages\/22503","targetHints":{"allow":["GET"]}}],"collection":[{"href":"https:\/\/flaxmanlaw.com\/es\/wp-json\/wp\/v2\/pages"}],"about":[{"href":"https:\/\/flaxmanlaw.com\/es\/wp-json\/wp\/v2\/types\/page"}],"author":[{"embeddable":true,"href":"https:\/\/flaxmanlaw.com\/es\/wp-json\/wp\/v2\/users\/3"}],"replies":[{"embeddable":true,"href":"https:\/\/flaxmanlaw.com\/es\/wp-json\/wp\/v2\/comments?post=22503"}],"version-history":[{"count":0,"href":"https:\/\/flaxmanlaw.com\/es\/wp-json\/wp\/v2\/pages\/22503\/revisions"}],"wp:attachment":[{"href":"https:\/\/flaxmanlaw.com\/es\/wp-json\/wp\/v2\/media?parent=22503"}],"curies":[{"name":"wp","href":"https:\/\/api.w.org\/{rel}","templated":true}]}}