{"id":22504,"date":"2024-11-18T12:44:33","date_gmt":"2024-11-18T12:44:33","guid":{"rendered":"https:\/\/flaxmanlaw.wpenginepowered.com\/accidentes-de-barco-hollywood-florida-abogados-de-lesiones-de-barco-grupo-legal-flaxman\/"},"modified":"2025-12-04T04:06:23","modified_gmt":"2025-12-04T04:06:23","slug":"accidentes-de-barco-hollywood-florida-abogados-de-lesiones-de-barco-grupo-legal-flaxman","status":"publish","type":"page","link":"https:\/\/flaxmanlaw.com\/es\/accidentes-de-barco-hollywood-florida-abogados-de-lesiones-de-barco-grupo-legal-flaxman\/","title":{"rendered":"Accidentes de navegaci\u00f3n"},"content":{"rendered":"<div class=\"bodytext\">\n<h2>Accidentes de navegaci\u00f3n<\/h2>\n<div class=\"description\">\n<p>Seg\u00fan la Guardia Costera de Estados Unidos, en 2003 se produjeron 5705 accidentes de embarcaciones de recreo, 703 muertes por accidentes de navegaci\u00f3n y 3888 lesiones por accidentes de embarcaciones. Ese mismo a\u00f1o, m\u00e1s de 10.984 embarcaciones se vieron implicadas en colisiones y accidentes en todo el pa\u00eds. Aunque muchas personas recurren a embarcaciones como motos acu\u00e1ticas, embarcaciones de propiedad privada, embarcaciones comerciales y otras embarcaciones para transportar mercanc\u00edas o para disfrutar de un rato en el agua, los accidentes de navegaci\u00f3n pueden hacer que las excursiones a lagos u oc\u00e9anos resulten mortales. Si t\u00fa o un ser querido hab\u00e9is resultado heridos en un accidente de navegaci\u00f3n o si hab\u00e9is perdido a un ser querido en una colisi\u00f3n de navegaci\u00f3n, ponte en contacto con el Grupo Legal Flaxman, una Firma de Abogados de Accidentes de Navegaci\u00f3n de Florida del Sur. Hemos representado con \u00e9xito a supervivientes y familiares de v\u00edctimas de accidentes de navegaci\u00f3n y les hemos ayudado a obtener la asistencia y la ayuda que necesitaban para recuperarse del accidente.<\/p>\n<p>Por desgracia, la inmensa mayor\u00eda de los accidentes de navegaci\u00f3n son totalmente evitables. Muchas colisiones y accidentes de motos acu\u00e1ticas y otras embarcaciones se producen por negligencia, intoxicaci\u00f3n, fallo del equipo, formaci\u00f3n inadecuada o condiciones meteorol\u00f3gicas y del agua. La inexperiencia o los errores de la persona que maneja la embarcaci\u00f3n tambi\u00e9n provocan colisiones. Seg\u00fan la legislaci\u00f3n de Florida, los operadores y propietarios de embarcaciones deben mostrar una gran responsabilidad y cuidado para garantizar que los ba\u00f1istas, otras embarcaciones, los pasajeros de la embarcaci\u00f3n y otras personas no mueran o resulten heridos.<\/p>\n<p>Si has sufrido lesiones o has perdido a un ser querido a causa de una colisi\u00f3n o un accidente mar\u00edtimo, llama hoy mismo a nuestros experimentados y cualificados abogados del sur de Florida. Nuestros abogados de lesiones personales de Florida te ayudar\u00e1n a comprender tus opciones legales y podr\u00e1n hablarte de tu caso concreto, para que sepas qu\u00e9 puedes esperar. Tambi\u00e9n podemos trabajar con las compa\u00f1\u00edas de seguros y otras personas implicadas en tu situaci\u00f3n concreta. Esto puede garantizar que recibas una atenci\u00f3n m\u00e9dica y unos cuidados excelentes de forma r\u00e1pida y eficaz.<\/p>\n<p>El Grupo Legal Flaxman tiene una extensa experiencia en el manejo de casos de accidentes de barco. Pudimos ayudar a un sobreviviente de un accidente mar\u00edtimo a obtener un veredicto de $1.2 millones de d\u00f3lares en un caso de colisi\u00f3n mar\u00edtima. En esa situaci\u00f3n, la v\u00edctima del accidente navegaba en su peque\u00f1o velero por la bah\u00eda de Biscayne cuando sufri\u00f3 una fractura de pelvis despu\u00e9s de que una lancha motora chocara contra su embarcaci\u00f3n. Si usted ha resultado lesionado o ha perdido a un ser querido en una colisi\u00f3n n\u00e1utica, el Grupo Legal Flaxman tambi\u00e9n puede ayudarle a obtener la compensaci\u00f3n que merece. Con la ayuda legal correcta, puedes obtener asistencia para pagar tus facturas m\u00e9dicas, pagar la reparaci\u00f3n o sustituci\u00f3n de tu embarcaci\u00f3n, y pagar cualquier dolor y sufrimiento que hayas sufrido como resultado de tu accidente.<\/p>\n<p>Trabajamos en r\u00e9gimen de contingencia, lo que significa que no pagas hasta que ganemos tu caso o lleguemos a un acuerdo extrajudicial. Adem\u00e1s, estamos dispuestos a ofrecerte una consulta gratuita y sin compromiso para que puedas hacer cualquier pregunta y obtener un asesoramiento real por adelantado. <strong>S\u00f3lo tienes que <a href=\"contacta con nosotros.html\">ponerte en contacto con nosotros por Internet<\/a> o llamarnos al 866-352-9626 para concertar una consulta GRATUITA sobre accidentes y hablar de tus opciones legales. <\/strong><\/p>\n<p>&nbsp;<\/p>\n<\/div>\n<div class=\"subpageslist\"><\/div>\n<\/div>\n","protected":false},"excerpt":{"rendered":"<p>Sin honorarios a menos que ganemos. Llama al 866-352-9626 para una &#8230; <\/p>\n","protected":false},"author":3,"featured_media":0,"parent":0,"menu_order":0,"comment_status":"closed","ping_status":"closed","template":"template-practice-areas.php","meta":{"footnotes":""},"class_list":["post-22504","page","type-page","status-publish","hentry"],"featured_image_src":null,"featured_image_src_square":null,"_links":{"self":[{"href":"https:\/\/flaxmanlaw.com\/es\/wp-json\/wp\/v2\/pages\/22504","targetHints":{"allow":["GET"]}}],"collection":[{"href":"https:\/\/flaxmanlaw.com\/es\/wp-json\/wp\/v2\/pages"}],"about":[{"href":"https:\/\/flaxmanlaw.com\/es\/wp-json\/wp\/v2\/types\/page"}],"author":[{"embeddable":true,"href":"https:\/\/flaxmanlaw.com\/es\/wp-json\/wp\/v2\/users\/3"}],"replies":[{"embeddable":true,"href":"https:\/\/flaxmanlaw.com\/es\/wp-json\/wp\/v2\/comments?post=22504"}],"version-history":[{"count":0,"href":"https:\/\/flaxmanlaw.com\/es\/wp-json\/wp\/v2\/pages\/22504\/revisions"}],"wp:attachment":[{"href":"https:\/\/flaxmanlaw.com\/es\/wp-json\/wp\/v2\/media?parent=22504"}],"curies":[{"name":"wp","href":"https:\/\/api.w.org\/{rel}","templated":true}]}}