{"id":22505,"date":"2024-11-18T12:44:33","date_gmt":"2024-11-18T12:44:33","guid":{"rendered":"https:\/\/flaxmanlaw.wpenginepowered.com\/lesiones-de-nacimiento-hollywood-florida-abogados-de-negligencia-medica\/"},"modified":"2025-12-04T03:51:36","modified_gmt":"2025-12-04T03:51:36","slug":"lesiones-de-nacimiento-hollywood-florida-abogados-de-negligencia-medica","status":"publish","type":"page","link":"https:\/\/flaxmanlaw.com\/es\/lesiones-de-nacimiento-hollywood-florida-abogados-de-negligencia-medica\/","title":{"rendered":"Lesiones de Nacimiento"},"content":{"rendered":"<div class=\"bodytext\">\n<h2>Lesiones en el parto<\/h2>\n<div class=\"description\">\n<p>A nivel nacional, se producen entre seis y ocho lesiones en el parto por cada mil nacidos vivos. Las lesiones se producen por varias razones. A menudo se producen porque el personal m\u00e9dico no vigila cuidadosamente el estado del ni\u00f1o y de la madre, lo que hace que el cerebro del ni\u00f1o no reciba suficiente ox\u00edgeno. En algunos casos, los extractores de vac\u00edo o los f\u00f3rceps se utilizan incorrectamente o las ces\u00e1reas no se realizan correctamente, lo que provoca lesiones graves.<\/p>\n<p>Tener un hijo deber\u00eda ser un acontecimiento alegre, pero las lesiones en el parto en Miami y en toda Florida privan a las familias de esta alegr\u00eda todos los d\u00edas. Si las lesiones en el parto de tu hijo fueron causadas por negligencia del personal m\u00e9dico, puedes tener una demanda por lesiones personales en Miami o en tu comunidad. Para averiguar qu\u00e9 ley le protege a usted y al futuro de su hijo, contacte al Grupo Legal Flaxman para una evaluaci\u00f3n gratuita de su caso.<\/p>\n<p><strong class=\"heading4\">Las lesiones en el parto en Miami y Florida provocan complicaciones de por vida<\/strong><\/p>\n<p>Las lesiones en el parto pueden provocar:<\/p>\n<ul>\n<li>Da\u00f1o cerebral<\/li>\n<li>Par\u00e1lisis cerebral<\/li>\n<li>Distocia de hombro<\/li>\n<li>Par\u00e1lisis de Erb<\/li>\n<li>Lesi\u00f3n medular<\/li>\n<li>Lesiones del plexo braquial<\/li>\n<li>Ictericia no tratada<\/li>\n<li>Infecciones<\/li>\n<li>Aspiraci\u00f3n de meconio<\/li>\n<li>Convulsiones<\/li>\n<li>Hemorragia excesiva (en la madre)<\/li>\n<li>Fracturas<\/li>\n<li>Hemorragia intracraneal<\/li>\n<li>Espasticidad<\/li>\n<li>Par\u00e1lisis<\/li>\n<li>Mortinato<\/li>\n<\/ul>\n<p>En muchos casos, las lesiones en el parto provocan lesiones mortales para el ni\u00f1o o la madre, o provocan lesiones permanentes para el ni\u00f1o. En los casos en que un beb\u00e9 nace con lesiones permanentes o da\u00f1os cerebrales, el coste de proporcionarle cuidados las 24 horas del d\u00eda durante toda su vida puede ascender a muchos millones de d\u00f3lares. En estos casos, es importante que los padres exploren todas sus opciones legales para asegurarse de que disponen de los recursos econ\u00f3micos necesarios para mantener a su hijo lo m\u00e1s plenamente posible.<\/p>\n<p><strong class=\"heading4\">Qu\u00e9 hacer si crees que tienes una demanda por negligencia m\u00e9dica en Miami o en tu comunidad<\/strong><\/p>\n<p>Si crees que puedes tener una demanda por negligencia en una sala de urgencias de Miami o de tu comunidad, u otro tipo de demanda por lesiones en el parto, es importante que hables con un abogado especializado en lesiones personales. Tanto si tu hijo ha sufrido una lesi\u00f3n cerebral, una lesi\u00f3n de tejidos blandos, una fractura u otra lesi\u00f3n, el primer paso es obtener respuestas. Un abogado experto en lesiones personales puede revisar los historiales m\u00e9dicos y otra informaci\u00f3n, o incluso puede iniciar una investigaci\u00f3n para averiguar exactamente qu\u00e9 ha causado una lesi\u00f3n.<\/p>\n<p>Una vez que se sepa m\u00e1s sobre tu situaci\u00f3n, un abogado especializado en lesiones personales puede aconsejarte sobre todas tus opciones. Puede que quieras negociar con el hospital un acuerdo justo o que quieras presentar una demanda judicial. Hay varias opciones disponibles, y un abogado de lesiones personales puede representarte o ayudarte con la opci\u00f3n que elijas. Si decides presentar una demanda por negligencia m\u00e9dica en Miami o en tu comunidad, un abogado de lesiones personales puede representarte, puede conseguir peritos m\u00e9dicos en tu nombre y puede ocuparse de cada paso del proceso para que puedas centrarte en ti y en tu familia.<\/p>\n<p>El Grupo Legal Flaxman es una firma de servicios integrales que ha ayudado a muchas familias a recuperar una compensaci\u00f3n por lesiones sufridas debido a la negligencia del personal m\u00e9dico. Si desea averiguar lo que el Grupo Legal Flaxman puede hacer por usted, <a href=\"contacta con nosotros.html\">contacte<\/a> hoy mismo a <a href=\"contacta con nosotros.html\">la firma<\/a> para una consulta gratuita y sin compromiso.<\/p>\n<\/div>\n<div class=\"subpageslist\"><\/div>\n<\/div>\n","protected":false},"excerpt":{"rendered":"<p>Sin honorarios a menos que ganemos. Llama al 866-352-9626 para una &#8230; <\/p>\n","protected":false},"author":3,"featured_media":0,"parent":0,"menu_order":0,"comment_status":"closed","ping_status":"closed","template":"template-practice-areas.php","meta":{"footnotes":""},"class_list":["post-22505","page","type-page","status-publish","hentry"],"featured_image_src":null,"featured_image_src_square":null,"_links":{"self":[{"href":"https:\/\/flaxmanlaw.com\/es\/wp-json\/wp\/v2\/pages\/22505","targetHints":{"allow":["GET"]}}],"collection":[{"href":"https:\/\/flaxmanlaw.com\/es\/wp-json\/wp\/v2\/pages"}],"about":[{"href":"https:\/\/flaxmanlaw.com\/es\/wp-json\/wp\/v2\/types\/page"}],"author":[{"embeddable":true,"href":"https:\/\/flaxmanlaw.com\/es\/wp-json\/wp\/v2\/users\/3"}],"replies":[{"embeddable":true,"href":"https:\/\/flaxmanlaw.com\/es\/wp-json\/wp\/v2\/comments?post=22505"}],"version-history":[{"count":0,"href":"https:\/\/flaxmanlaw.com\/es\/wp-json\/wp\/v2\/pages\/22505\/revisions"}],"wp:attachment":[{"href":"https:\/\/flaxmanlaw.com\/es\/wp-json\/wp\/v2\/media?parent=22505"}],"curies":[{"name":"wp","href":"https:\/\/api.w.org\/{rel}","templated":true}]}}