{"id":22506,"date":"2024-11-18T12:44:33","date_gmt":"2024-11-18T12:44:33","guid":{"rendered":"https:\/\/flaxmanlaw.wpenginepowered.com\/accidentes-de-bicicleta-hollywood-florida-abogados-de-lesiones-de-bicicleta-grupo-legal-flaxman\/"},"modified":"2025-12-04T03:59:04","modified_gmt":"2025-12-04T03:59:04","slug":"accidentes-de-bicicleta-hollywood-florida-abogados-de-lesiones-de-bicicleta-grupo-legal-flaxman","status":"publish","type":"page","link":"https:\/\/flaxmanlaw.com\/es\/accidentes-de-bicicleta-hollywood-florida-abogados-de-lesiones-de-bicicleta-grupo-legal-flaxman\/","title":{"rendered":"Accidentes de Bicicleta en Hollywood"},"content":{"rendered":"<div class=\"bodytext\">\n<h2>Accidentes de bicicleta<\/h2>\n<div class=\"description\">\n<p>Ya sea que los accidentes de bicicleta sean causados por <strong>bicicletas y productos defectuosos<\/strong>, mal clima, un conductor imprudente, o por otros factores, los sobrevivientes lesionados merecen conocer sus derechos y tener la oportunidad de buscar cualquier compensaci\u00f3n a la que tengan derecho. Si usted o un ser querido han resultado lesionados en un accidente de bicicleta en el Sur de Florida, consulte sin costo alguno a un abogado de accidentes de bicicleta en Hollywood del Grupo Legal Flaxman. Averigua si tienes una demanda y obt\u00e9n apoyo para presentarla si eres elegible. El equipo jur\u00eddico del Grupo Legal Flaxman incluye miembros de la familia Flaxman, incluyendo un equipo de abogados padre-hijo. Hemos representado exitosamente a miles de clientes, asegurando victorias judiciales y arreglos para que las personas lesionadas y sus familias puedan pagar la atenci\u00f3n m\u00e9dica y otros gastos. <iframe src=\"https:\/\/www.youtube.com\/embed\/CVbXW6n2Zm8?rel=0&amp;showinfo=0&amp;autohide=1&amp;modestbranding=1\" width=\"430\" height=\"242\" frameborder=\"0\" allowfullscreen=\"allowfullscreen\"><strong class=\"heading4\">Lesiones frecuentes en accidentes de bicicletaLas<\/strong>colisiones de bicicletas var\u00edan mucho, de leves a catastr\u00f3ficas, y las lesiones pueden incluir:<\/p>\n<ul>\n<li>Lesiones cervicales y craneales, incluidas las lesiones graves que causan <a href=\"lesiones cerebrales.html\"><strong>lesiones cerebrales<\/strong><\/a> o incluso la muerte.<\/li>\n<li>Huesos rotos.<\/li>\n<li><a href=\"lesiones de la columna vertebral.html\"><strong>Lesiones medulares<\/strong><\/a> y lesiones nerviosas.<\/li>\n<li>Cicatrices y quemaduras de carretera.<\/li>\n<li>Lesiones de tejidos blandos.<\/li>\n<li>Lesiones faciales, incluidas las que afectan a los ojos y los dientes.<\/li>\n<\/ul>\n<p><img decoding=\"async\" src=\"photos\/bicyle.jpg\" alt=\"Accidente de bicicleta\" class=\"leftphoto\" \/>Incluso una lesi\u00f3n aparentemente sencilla, como la rotura de un diente, puede acabar costando m\u00e1s de lo que esperas, y muchos supervivientes subestiman los costes de por vida de las lesiones catastr\u00f3ficas y permanentes. Sea cual sea tu lesi\u00f3n, es posible que tengas que pagar intervenciones quir\u00fargicas, tratamiento m\u00e9dico continuado, bajas laborales, cuidados a domicilio, gastos de transporte a las citas y mucho m\u00e1s. Aunque tengas una p\u00f3liza de seguro excelente, no puedes sentarte y dar por sentado que tus gastos est\u00e1n cubiertos. Las compa\u00f1\u00edas de seguros tienen sus propios equipos de abogados, y esos abogados velan por los intereses de la aseguradora, no por los tuyos. Un abogado de reclamaciones por accidente de bicicleta en Hollywood o en tu comunidad vela por ti y por tus necesidades futuras. Por ejemplo, un abogado de Hollywood especializado en reclamaciones por accidentes de bicicleta puede explicarte si tienes derecho a recibir hasta 10.000 $ en concepto de prestaciones de Protecci\u00f3n de Lesiones Personales (PIP) de tu propia p\u00f3liza de seguro de autom\u00f3vil o de la del conductor culpable. Un abogado puede explicarte c\u00f3mo puedes solicitar la m\u00e1xima PIP posible y si puedes tener otras opciones en tu situaci\u00f3n, de modo que puedas solicitar una indemnizaci\u00f3n suficiente para reponer los ingresos perdidos, cubrir los gastos m\u00e9dicos, pagar la reparaci\u00f3n o sustituci\u00f3n de la bicicleta y hacer frente a los muchos otros gastos de tu accidente de bicicleta. <strong class=\"heading4\">Ponte en contacto hoy mismo con un abogado de accidentes en el sur de Florida<\/strong> Hay muchas partes implicadas en tu caso de accidente de bicicleta en Hollywood. Puede haber compa\u00f1\u00edas de seguros, un conductor culpable, un propietario y otras personas implicadas. Un abogado de demandas por accidente de bicicleta en Hollywood puede trabajar con todas estas partes para asegurarse de que tus intereses no se pierdan en el camino. Tu abogado trabaja para buscar la indemnizaci\u00f3n que necesitas para que puedas rehacer tu vida y volver a la normalidad tras tus lesiones. Si has perdido a un ser querido en un accidente de bicicleta o has sufrido lesiones t\u00fa mismo en un accidente de bicicleta, las oficinas del Grupo Legal Flaxman est\u00e1n disponibles para ti hoy mismo.            <a href=\"contacta con nosotros.html\"><strong>Contacta con nosotros<\/strong><\/a><strong>  o ll\u00e1manos al 866-352-9626. Podemos concertar una consulta GRATUITA SIN OBLIGACI\u00d3N con un abogado especializado en accidentes de bicicleta en nuestras oficinas de Miami, Homestead o Hollywood, o en tu casa, oficina o habitaci\u00f3n de hospital. <\/strong>  Nuestro equipo, basado en la familia, atiende a clientes de toda el \u00e1rea del sur de Florida y estaremos encantados de responder a tus preguntas y discutir los detalles de tu caso contigo para que entiendas c\u00f3mo puedes seguir adelante.<\/p>\n<div class=\"subpageslist\">\n<ul><\/ul>\n<\/div>\n<p>&nbsp;<\/p>\n<p>&nbsp;<\/p>\n<p>&nbsp;<\/p>\n<p>&nbsp;<\/p>\n<p>&nbsp;<\/p>\n<p>&nbsp;<\/p>\n<p><\/iframe><\/p>\n<\/div>\n<\/div>\n","protected":false},"excerpt":{"rendered":"<p>Sin honorarios a menos que ganemos. Llama al 866-352-9626 para una &#8230; <\/p>\n","protected":false},"author":3,"featured_media":0,"parent":0,"menu_order":0,"comment_status":"closed","ping_status":"closed","template":"template-practice-areas.php","meta":{"footnotes":""},"class_list":["post-22506","page","type-page","status-publish","hentry"],"featured_image_src":null,"featured_image_src_square":null,"_links":{"self":[{"href":"https:\/\/flaxmanlaw.com\/es\/wp-json\/wp\/v2\/pages\/22506","targetHints":{"allow":["GET"]}}],"collection":[{"href":"https:\/\/flaxmanlaw.com\/es\/wp-json\/wp\/v2\/pages"}],"about":[{"href":"https:\/\/flaxmanlaw.com\/es\/wp-json\/wp\/v2\/types\/page"}],"author":[{"embeddable":true,"href":"https:\/\/flaxmanlaw.com\/es\/wp-json\/wp\/v2\/users\/3"}],"replies":[{"embeddable":true,"href":"https:\/\/flaxmanlaw.com\/es\/wp-json\/wp\/v2\/comments?post=22506"}],"version-history":[{"count":0,"href":"https:\/\/flaxmanlaw.com\/es\/wp-json\/wp\/v2\/pages\/22506\/revisions"}],"wp:attachment":[{"href":"https:\/\/flaxmanlaw.com\/es\/wp-json\/wp\/v2\/media?parent=22506"}],"curies":[{"name":"wp","href":"https:\/\/api.w.org\/{rel}","templated":true}]}}