{"id":22507,"date":"2024-11-18T12:44:33","date_gmt":"2024-11-18T12:44:33","guid":{"rendered":"https:\/\/flaxmanlaw.wpenginepowered.com\/preguntas-frecuentes-sobre-accidentes-nauticos-abogados-de-lesiones-nauticas-en-miami-grupo-legal-flaxman\/"},"modified":"2024-11-18T12:44:33","modified_gmt":"2024-11-18T12:44:33","slug":"preguntas-frecuentes-sobre-accidentes-nauticos-abogados-de-lesiones-nauticas-en-miami-grupo-legal-flaxman","status":"publish","type":"page","link":"https:\/\/flaxmanlaw.com\/es\/preguntas-frecuentes-sobre-accidentes-nauticos-abogados-de-lesiones-nauticas-en-miami-grupo-legal-flaxman\/","title":{"rendered":"Preguntas Frecuentes sobre Accidentes N\u00e1uticos | Abogados de Lesiones N\u00e1uticas en Miami Grupo Legal Flaxman"},"content":{"rendered":"<div class=\"bodytext\">\n<h2>Preguntas frecuentes sobre accidentes de navegaci\u00f3n<\/h1><\/h2>\n<div class=\"description\">\n<ul id=\"top\">\n<li><a href=\"accidentes-navegantes-faq.html#Q1\">\u00bfQu\u00e9 es un accidente de navegaci\u00f3n?<\/a><\/li>\n<li><a href=\"navegaci\u00f3n-accidente-faq.html#Q2\">\u00bfQu\u00e9 tipos de accidentes de navegaci\u00f3n pueden ocurrir?<\/a><\/li>\n<li><a href=\"navegaci\u00f3n-accidente-faq.html#Q3\">\u00bfPor qu\u00e9 suelen ocurrir los accidentes de navegaci\u00f3n?<\/a><\/li>\n<li><a href=\"navegaci\u00f3n-accidente-faq.html#Q4\">\u00bfQu\u00e9 tipos de lesiones se producen en los accidentes de navegaci\u00f3n?<\/a><\/li>\n<li><a href=\"navegaci\u00f3n-accidente-faq.html#Q5\">\u00bfD\u00f3nde ocurren la mayor\u00eda de los accidentes de navegaci\u00f3n?<\/a><\/li>\n<li><a href=\"accidente-barco-faq.html#Q6\">\u00bfQu\u00e9 es lo primero que debo hacer despu\u00e9s de un accidente?<\/a><\/li>\n<li><a href=\"accidente-barco-faq.html#Q7\">\u00bfQui\u00e9n tiene la culpa en mi caso?<\/a><\/li>\n<li><a href=\"navegaci\u00f3n-accidente-faq.html#Q8\">\u00bfTengo derecho a reclamar tras un accidente de navegaci\u00f3n?<\/a><\/li>\n<li><a href=\"navegaci\u00f3n-accidente-faq.html#Q9\">\u00bfTengo derecho a reclamar si me he lesionado en un crucero, excursi\u00f3n en barco o barco fletado?<\/a><\/li>\n<li><a href=\"navegaci\u00f3n-accidente-faq.html#Q10\">\u00bfNecesito un abogado de accidentes de navegaci\u00f3n?<\/a><\/li>\n<li><a href=\"navegaci\u00f3n-accidente-faq.html#Q11\">\u00bfA cu\u00e1nto podr\u00eda ascender la indemnizaci\u00f3n?<\/a><\/li>\n<li><a href=\"navegaci\u00f3n-accidente-faq.html#Q12\">\u00bfTienes m\u00e1s preguntas?<\/a><\/li>\n<\/ul>\n<p>Florida es uno de los lugares m\u00e1s atractivos del mundo para los navegantes, con un clima suave, acceso al mar y muchas v\u00edas navegables, incluidos lagos y r\u00edos, que admiten muchos tipos de embarcaciones. A los navegantes les encanta el estado, pero cada a\u00f1o los accidentes relacionados con el agua y los accidentes de embarcaci\u00f3n provocan muertos y heridos. <\/p>\n<p>Si has resultado lesionado, los abogados de accidentes de barco del Grupo Legal Flaxman han reunido estas Preguntas Frecuentes para ayudarte a comprender lo que podr\u00edas querer hacer a continuaci\u00f3n.<\/p>\n<p><strong class=\"heading4\" id=\"Q1\">\u00bfQu\u00e9 es un accidente de navegaci\u00f3n?<\/strong><\/p>\n<p>Un accidente de navegaci\u00f3n se produce cuando una embarcaci\u00f3n vuelca, choca con un ba\u00f1ista u otra embarcaci\u00f3n, o colisiona con la orilla. Siempre que se produce un incidente en el que resultan heridos los ocupantes de la embarcaci\u00f3n u otras personas, se trata de un accidente de navegaci\u00f3n. <\/p>\n<p><strong class=\"heading4\" id=\"Q2\">\u00bfQu\u00e9 tipos de accidentes de navegaci\u00f3n pueden ocurrir?<\/strong><\/p>\n<p>Hay muchos tipos de accidentes que pueden ocurrir con embarcaciones:<\/p>\n<ul>\n<li><a href=\"accidentes por resbalones y ca\u00eddas.html\">Accidentes por resbalones y ca\u00eddas<\/a> en barcos<\/li>\n<li>La embarcaci\u00f3n colisiona con otra embarcaci\u00f3n, moto acu\u00e1tica, con la orilla o con objetos en el agua<\/li>\n<li>Hundimientos<\/li>\n<li>Incidentes de persona al agua y ahogamiento<\/li>\n<li>Embarcaciones perdidas o desapariciones de sus ocupantes<\/li>\n<li>Los accidentes de barco pueden ocurrir con cualquier tipo de embarcaci\u00f3n, incluidas canoas, yates, lanchas r\u00e1pidas, kayaks y otras embarcaciones.<\/li>\n<\/ul>\n<p><strong class=\"heading4\" id=\"Q3\">\u00bfPor qu\u00e9 suelen ocurrir los accidentes de navegaci\u00f3n?<\/strong><\/p>\n<p>Los accidentes de barco pueden ocurrir por algunas de las mismas razones que los accidentes de coche. Sin embargo, el agua y el tiempo pueden plantear factores de riesgo adicionales a los que los conductores no tienen que enfrentarse tanto. Entre los motivos habituales de los accidentes de barco en el sur de Florida figuran:  <\/p>\n<ul class=\"no-spacing-list\">\n<li>Navegaci\u00f3n distra\u00edda<\/li>\n<li>Navegar bajo los efectos del alcohol o las drogas<\/li>\n<li>Operadores de embarcaciones inexpertos<\/li>\n<li>Navegar durante condiciones meteorol\u00f3gicas peligrosas, como tormentas<\/li>\n<li>No llevar chalecos salvavidas o tomar otras precauciones<\/li>\n<li>Manejo imprudente o negligente de una embarcaci\u00f3n<\/li>\n<li>Sobrecargar la embarcaci\u00f3n con demasiada carga o demasiadas personas<\/li>\n<li>Falta de equipo de seguridad adecuado a bordo<\/li>\n<li>No ajustar el funcionamiento de la embarcaci\u00f3n a las condiciones meteorol\u00f3gicas que se produzcan o no vigilar las condiciones meteorol\u00f3gicas desde la embarcaci\u00f3n.<\/li>\n<li>Advertencias de seguridad deficientes<\/li>\n<li>Mal tiempo inesperado<\/li>\n<li>Aver\u00eda mec\u00e1nica del barco<\/li>\n<li>Asumir riesgos en el agua<\/li>\n<li>Exceso de velocidad (en motos acu\u00e1ticas)<\/li>\n<li>Incendio a bordo de la moto acu\u00e1tica<\/li>\n<\/ul>\n<p><strong class=\"heading4\" id=\"Q4\">\u00bfQu\u00e9 tipos de lesiones se producen en los accidentes de navegaci\u00f3n?<\/strong><\/p>\n<p>Uno de los mayores peligros en una embarcaci\u00f3n es el riesgo de ahogamiento, que puede producirse si la embarcaci\u00f3n vuelca o si una persona cae por la borda. Sin embargo, tambi\u00e9n hay otras lesiones que pueden sufrir los navegantes, como: <\/p>\n<ul class=\"no-spacing-list\">\n<li>Hipotermia y exposici\u00f3n<\/li>\n<li>Quemaduras<\/li>\n<li>Laceraciones, cortes y cicatrices<\/li>\n<li>Amputaciones<\/li>\n<li>Fracturas<\/li>\n<li>Lesiones internas<\/li>\n<li>Latigazo cervical y lesiones de tejidos blandos<\/li>\n<li>Lesi\u00f3n medular<\/li>\n<li>Traumatismo craneal<\/li>\n<li><a href=\"muertes-causadas-por-accidentes-de-navegaci\u00f3n.html\">Fallecidos<\/a><\/li>\n<\/ul>\n<p><strong class=\"heading4\" id=\"Q5\">\u00bfD\u00f3nde ocurren la mayor\u00eda de los accidentes de navegaci\u00f3n?<\/strong><\/p>\n<p>Los accidentes de navegaci\u00f3n son m\u00e1s probables en vacaciones y durante el verano, que es cuando muchos propietarios de embarcaciones salen al agua. La noche tambi\u00e9n puede aumentar el riesgo de colisi\u00f3n, debido a la escasa visibilidad. <\/p>\n<p>En Florida, las zonas del oc\u00e9ano y la bah\u00eda son el lugar donde se producen la mayor\u00eda de los accidentes de navegaci\u00f3n graves. Puede ser m\u00e1s dif\u00edcil para los operadores de embarcaciones llegar r\u00e1pidamente a la orilla, como pueden hacerlo en r\u00edos o lagos. <\/p>\n<p><strong class=\"heading4\" id=\"Q6\">\u00bfQu\u00e9 es lo primero que debo hacer despu\u00e9s de un accidente?<\/strong><\/p>\n<p>Si te has lesionado a bordo de una embarcaci\u00f3n, es esencial que pidas ayuda, sobre todo si alguien est\u00e1 gravemente herido o se ha perdido por la borda. Si est\u00e1s en el agua despu\u00e9s de haber sido arrojado de la embarcaci\u00f3n, mantente visible para el operador de la embarcaci\u00f3n, dir\u00edgete a una zona segura del agua y espera a que te ayuden. Si puedes, nada hasta la orilla y llega a tierra firme. Tu principal prioridad es salir del agua antes de que aparezca la hipotermia o la exposici\u00f3n, o antes de que tengas un encuentro con la fauna salvaje.   <\/p>\n<p>Una vez que te hayas puesto a salvo o hayas conseguido ayuda de emergencia para cualquier persona gravemente herida en el accidente, ponte en contacto con la polic\u00eda si la causa del accidente puede haber sido un delito. Si es posible, consigue toda la documentaci\u00f3n que puedas sobre el accidente, incluidas fotos del lugar del accidente. Querr\u00e1s ponerte en contacto con la compa\u00f1\u00eda de seguros, si se trata de tu moto acu\u00e1tica, y puede que quieras contactar con un abogado especializado en reclamaciones por lesiones en accidentes de navegaci\u00f3n, si has resultado herido. Haz estas llamadas lo antes posible para iniciar el proceso de reclamaci\u00f3n.   <\/p>\n<p><strong class=\"heading4\" id=\"Q7\">\u00bfQui\u00e9n tiene la culpa en mi caso?<\/strong><\/p>\n<p>Puede haber m\u00faltiples partes responsables, como el operador de la embarcaci\u00f3n, la persona responsable del mantenimiento de la embarcaci\u00f3n, el fabricante de la embarcaci\u00f3n o de los componentes de la embarcaci\u00f3n, la empresa que alquil\u00f3 o era propietaria de la embarcaci\u00f3n, otros operadores de embarcaciones en el agua y otras partes responsables. Tu abogado buscar\u00e1 cuidadosamente a los responsables de tus lesiones. <\/p>\n<p><strong class=\"heading4\" id=\"Q8\">\u00bfTengo derecho a reclamar tras un accidente de navegaci\u00f3n?<\/strong><\/p>\n<p>Es posible que tengas derecho a reclamar una indemnizaci\u00f3n tras un accidente de navegaci\u00f3n si<\/p>\n<p>Has sufrido lesiones como consecuencia del accidente<\/p>\n<p>Estas lesiones causaron p\u00e9rdidas, incluidos da\u00f1os materiales, facturas m\u00e9dicas, p\u00e9rdida de ingresos y otras p\u00e9rdidas<\/p>\n<p>Tus lesiones fueron causadas por la negligencia de alguien<\/p>\n<p>Determinar si tienes derecho a reclamar puede ser dif\u00edcil, por eso es \u00fatil hablar con un abogado. Un abogado experto en accidentes de navegaci\u00f3n puede revisar tu situaci\u00f3n y determinar si tienes derecho a reclamar. <\/p>\n<p><strong class=\"heading4\" id=\"Q9\">\u00bfTengo derecho a reclamar si me he lesionado en un crucero, excursi\u00f3n en barco o barco fletado?<\/strong><\/p>\n<p>S\u00ed. Si has sufrido lesiones y \u00e9stas han sido causadas por la negligencia de alguien, puedes tener derecho a reclamar. En estas situaciones, puedes tener una reclamaci\u00f3n contra la empresa propietaria y operadora de la embarcaci\u00f3n, que puede no haber seguido los protocolos de seguridad adecuados.  <\/p>\n<p><strong class=\"heading4\" id=\"Q10\">\u00bfNecesito un abogado de accidentes de navegaci\u00f3n?<\/strong><\/p>\n<p>La ley no te obliga a contratar a un abogado. Puedes solicitar una indemnizaci\u00f3n mediante una reclamaci\u00f3n al seguro o incluso una demanda civil tras sufrir lesiones en un accidente de navegaci\u00f3n sin abogado. Sin embargo, un abogado con experiencia puede marcar una gran diferencia en el resultado de tu caso, porque tiene la experiencia y el conocimiento de la ley para valorar adecuadamente tu caso, investigar las causas de tu accidente, negociar y asegurarse de que tu reclamaci\u00f3n se presenta correctamente. Un abogado puede ayudarte a evitar errores que pueden costarte la indemnizaci\u00f3n a la que puedes tener derecho.   <\/p>\n<p><strong class=\"heading4\" id=\"Q11\">\u00bfA cu\u00e1nto podr\u00eda ascender la indemnizaci\u00f3n?<\/strong><\/p>\n<p>Un abogado puede ayudarte a determinar exactamente a cu\u00e1nta indemnizaci\u00f3n puedes tener derecho. En Florida, puedes solicitar una indemnizaci\u00f3n econ\u00f3mica por: <\/p>\n<ul>\n<li>Facturas m\u00e9dicas, incluidos los gastos m\u00e9dicos actuales y los previstos para el futuro relacionados con tu lesi\u00f3n<\/li>\n<li>Salarios perdidos relacionados con tu lesi\u00f3n, incluida la p\u00e9rdida de ingresos prevista en el futuro<\/li>\n<li>Da\u00f1os materiales<\/li>\n<li>Dolor y sufrimiento<\/li>\n<li>Costes incidentales, como los costes de necesitar ayuda en casa a causa de tu lesi\u00f3n<\/li>\n<li>En general, cuanto m\u00e1s grave sea tu lesi\u00f3n y m\u00e1s repercuta en tu vida y en tu econom\u00eda, mayor ser\u00e1 la indemnizaci\u00f3n que puedas solicitar.<\/li>\n<\/ul>\n<p><strong class=\"heading4\" id=\"Q12\">\u00bfTienes m\u00e1s preguntas?<\/strong><\/p>\n<p>Si tienes preguntas adicionales despu\u00e9s de sufrir lesiones en un accidente de barco, llama al Grupo Legal Flaxman al 866-352-9626 para programar una consulta gratuita y sin compromiso con un abogado que atienda tus preguntas. Tambi\u00e9n puede <a href=\"contacta con nosotros.html\">contactarnos en l\u00ednea<\/a> si ha resultado lesionado y desea una evaluaci\u00f3n de su caso. Nuestro equipo legal se enorgullece de servir a la zona del sur de Florida. Contamos con m\u00e1s de 60 a\u00f1os de experiencia combinada y hemos ayudado a nuestros clientes a recuperar m\u00e1s de 100 millones de d\u00f3lares en indemnizaciones hasta la fecha.   <\/p>\n<\/p><\/div>\n<\/p><\/div>\n","protected":false},"excerpt":{"rendered":"<p>Sin honorarios a menos que ganemos. Llama al 866-352-9626 para una &#8230; <\/p>\n","protected":false},"author":3,"featured_media":0,"parent":0,"menu_order":0,"comment_status":"closed","ping_status":"closed","template":"template-practice-areas.php","meta":{"footnotes":""},"class_list":["post-22507","page","type-page","status-publish","hentry"],"featured_image_src":null,"featured_image_src_square":null,"_links":{"self":[{"href":"https:\/\/flaxmanlaw.com\/es\/wp-json\/wp\/v2\/pages\/22507","targetHints":{"allow":["GET"]}}],"collection":[{"href":"https:\/\/flaxmanlaw.com\/es\/wp-json\/wp\/v2\/pages"}],"about":[{"href":"https:\/\/flaxmanlaw.com\/es\/wp-json\/wp\/v2\/types\/page"}],"author":[{"embeddable":true,"href":"https:\/\/flaxmanlaw.com\/es\/wp-json\/wp\/v2\/users\/3"}],"replies":[{"embeddable":true,"href":"https:\/\/flaxmanlaw.com\/es\/wp-json\/wp\/v2\/comments?post=22507"}],"version-history":[{"count":0,"href":"https:\/\/flaxmanlaw.com\/es\/wp-json\/wp\/v2\/pages\/22507\/revisions"}],"wp:attachment":[{"href":"https:\/\/flaxmanlaw.com\/es\/wp-json\/wp\/v2\/media?parent=22507"}],"curies":[{"name":"wp","href":"https:\/\/api.w.org\/{rel}","templated":true}]}}