{"id":22508,"date":"2024-11-18T12:44:33","date_gmt":"2024-11-18T12:44:33","guid":{"rendered":"https:\/\/flaxmanlaw.wpenginepowered.com\/puntos-ciegos-hollywood-florida-abogados-de-accidentes-de-camion-grupo-legal-flaxman\/"},"modified":"2025-12-04T03:55:24","modified_gmt":"2025-12-04T03:55:24","slug":"puntos-ciegos-hollywood-florida-abogados-de-accidentes-de-camion-grupo-legal-flaxman","status":"publish","type":"page","link":"https:\/\/flaxmanlaw.com\/es\/puntos-ciegos-hollywood-florida-abogados-de-accidentes-de-camion-grupo-legal-flaxman\/","title":{"rendered":"Accidentes por Puntos Ciegos"},"content":{"rendered":"<div class=\"bodytext\">\n<h2>Puntos ciegos<\/h2>\n<div class=\"description\">\n<p>Los veh\u00edculos m\u00e1s grandes, como los camiones comerciales, tienen m\u00faltiples \u00e1ngulos muertos. En comparaci\u00f3n con un veh\u00edculo de pasajeros normal, estos veh\u00edculos m\u00e1s grandes tienen muchas \u00abzonas prohibidas\u00bb detr\u00e1s de ellos y a los lados. De hecho, al seguir a un cami\u00f3n comercial, es una buena regla general suponer que el conductor no puede verte a menos que t\u00fa puedas verle por sus retrovisores. La zona situada inmediatamente detr\u00e1s de un cami\u00f3n, as\u00ed como a lo largo de los laterales del cami\u00f3n, suelen ser zonas ciegas en las que los conductores de camiones no pueden ver a los peatones, automovilistas, ciclistas o motociclistas que se encuentran cerca de ellos. Por desgracia, estos m\u00faltiples \u00e1ngulos muertos causan muchas tragedias cada a\u00f1o en Miami, cuando los conductores de camiones retroceden inadvertidamente o se desv\u00edan hacia otros automovilistas y transe\u00fantes al girar o cambiar de carril.<\/p>\n<p>Si usted ha resultado gravemente lesionado por encontrarse inadvertidamente en el punto ciego de un cami\u00f3n, contacte al <a href=\"index.html\">Grupo Legal<\/a> Flaxman para programar una consulta gratuita sobre accidentes. El equipo jur\u00eddico del Grupo Legal Flaxman ha representado a v\u00edctimas de lesiones personales y a sobrevivientes de accidentes de tr\u00e1fico en todo Florida del Sur durante m\u00e1s de 25 a\u00f1os. Durante ese tiempo, el equipo legal ha recuperado m\u00e1s de 25 millones de d\u00f3lares en indemnizaciones para estas v\u00edctimas.<\/p>\n<p><strong class=\"heading4\">Prevenci\u00f3n de accidentes de cami\u00f3n en Miami<\/strong><\/p>\n<p>Puedes evitar los accidentes de cami\u00f3n en Miami causados por los \u00e1ngulos muertos dejando espacio adicional a los camiones comerciales. Si necesitas adelantar a un cami\u00f3n, por ejemplo, no te quedes en el \u00e1ngulo muerto del cami\u00f3n y ten en cuenta que el cami\u00f3n s\u00f3lo puede verte si puedes establecer contacto visual con el conductor por los retrovisores. Evita seguir a los camiones demasiado de cerca, ya que no podr\u00e1n verte. Cuando circules delante de un cami\u00f3n, ten en cuenta que los camiones tardan m\u00e1s tiempo en detenerse y que necesitar\u00e1s espacio adicional para asegurarte de que no te chocan por detr\u00e1s. Sin embargo, aunque conduzcas a la defensiva cerca de los camiones, los errores de los camioneros y los fallos mec\u00e1nicos pueden provocar un accidente de cami\u00f3n.<\/p>\n<p><strong class=\"heading4\">Lesiones asociadas a accidentes de cami\u00f3n en Miami<\/strong><\/p>\n<p>Los accidentes de cami\u00f3n en Miami causan, por desgracia, lesiones devastadoras. Como el tama\u00f1o de un cami\u00f3n comercial es mucho mayor que el de un veh\u00edculo de pasajeros, es probable que los pasajeros del veh\u00edculo m\u00e1s peque\u00f1o sufran lesiones mortales o potencialmente mortales, como lesiones cerebrales, lesiones en la cabeza, lesiones en la m\u00e9dula espinal y otras lesiones graves.<\/p>\n<p>Si usted ha resultado lesionado en un accidente de tr\u00e1fico en Miami, <a href=\"contacta con nosotros.html\">contacte<\/a> al equipo jur\u00eddico del Grupo Legal Flaxman para hablar sobre sus opciones y sus derechos. Para averiguar m\u00e1s sobre la compensaci\u00f3n econ\u00f3mica a la que usted y su familia pueden tener derecho legalmente despu\u00e9s de un accidente automovil\u00edstico o de cami\u00f3n en Miami, contacte al Grupo Legal Flaxman para una consulta gratuita y sin compromiso para hablar sobre sus derechos y su futuro. Puede llamarnos las 24 horas del d\u00eda, los siete d\u00edas de la semana, para programar una consulta gratuita sobre accidentes y obtener respuestas a sus preguntas. No tienes por qu\u00e9 pasar solo por las secuelas de un accidente de cami\u00f3n. Las empresas de camiones y los conductores tienen equipos de investigadores, profesionales del seguro y abogados que trabajan en su nombre. \u00bfNo te mereces que alguien est\u00e9 de tu lado, luchando por la indemnizaci\u00f3n m\u00e1s justa que te pueda corresponder seg\u00fan la ley?<\/p>\n<\/div>\n<div class=\"subpageslist\"><\/div>\n<\/div>\n","protected":false},"excerpt":{"rendered":"<p>Sin honorarios a menos que ganemos. Llama al 866-352-9626 para una &#8230; <\/p>\n","protected":false},"author":3,"featured_media":0,"parent":0,"menu_order":0,"comment_status":"closed","ping_status":"closed","template":"template-practice-areas.php","meta":{"footnotes":""},"class_list":["post-22508","page","type-page","status-publish","hentry"],"featured_image_src":null,"featured_image_src_square":null,"_links":{"self":[{"href":"https:\/\/flaxmanlaw.com\/es\/wp-json\/wp\/v2\/pages\/22508","targetHints":{"allow":["GET"]}}],"collection":[{"href":"https:\/\/flaxmanlaw.com\/es\/wp-json\/wp\/v2\/pages"}],"about":[{"href":"https:\/\/flaxmanlaw.com\/es\/wp-json\/wp\/v2\/types\/page"}],"author":[{"embeddable":true,"href":"https:\/\/flaxmanlaw.com\/es\/wp-json\/wp\/v2\/users\/3"}],"replies":[{"embeddable":true,"href":"https:\/\/flaxmanlaw.com\/es\/wp-json\/wp\/v2\/comments?post=22508"}],"version-history":[{"count":0,"href":"https:\/\/flaxmanlaw.com\/es\/wp-json\/wp\/v2\/pages\/22508\/revisions"}],"wp:attachment":[{"href":"https:\/\/flaxmanlaw.com\/es\/wp-json\/wp\/v2\/media?parent=22508"}],"curies":[{"name":"wp","href":"https:\/\/api.w.org\/{rel}","templated":true}]}}