{"id":22509,"date":"2024-11-18T12:44:33","date_gmt":"2024-11-18T12:44:33","guid":{"rendered":"https:\/\/flaxmanlaw.wpenginepowered.com\/preguntas-frecuentes-sobre-accidentes-de-bicicleta-abogados-de-lesiones-de-bicicleta-en-miami-grupo-legal-flaxman\/"},"modified":"2025-12-04T03:59:17","modified_gmt":"2025-12-04T03:59:17","slug":"preguntas-frecuentes-sobre-accidentes-de-bicicleta-abogados-de-lesiones-de-bicicleta-en-miami-grupo-legal-flaxman","status":"publish","type":"page","link":"https:\/\/flaxmanlaw.com\/es\/preguntas-frecuentes-sobre-accidentes-de-bicicleta-abogados-de-lesiones-de-bicicleta-en-miami-grupo-legal-flaxman\/","title":{"rendered":"Preguntas sobre Accidentes de Bicicleta"},"content":{"rendered":"<div class=\"bodytext\">\n<h2>Preguntas frecuentes sobre accidentes de bicicleta<\/h2>\n<div class=\"description\">\n<ul id=\"top\">\n<li><a href=\"accidente-bicicleta-faq.html#Q1\">\u00bfQu\u00e9 son los accidentes de bicicleta?<\/a><\/li>\n<li><a href=\"accidente-bicicleta-faq.html#Q2\">\u00bfQu\u00e9 causa los accidentes de bicicleta?<\/a><\/li>\n<li><a href=\"accidente-bicicleta-faq.html#Q3\">\u00bfQu\u00e9 lesiones son frecuentes en los accidentes de bicicleta?<\/a><\/li>\n<li><a href=\"accidente-bicicleta-faq.html#Q4\">\u00bfQu\u00e9 debes hacer tras una colisi\u00f3n en bicicleta?<\/a><\/li>\n<li><a href=\"accidente-bicicleta-faq.html#Q5\">\u00bfTengo derecho a reclamar tras un accidente de bicicleta?<\/a><\/li>\n<li><a href=\"accidente-bicicleta-faq.html#Q6\">\u00bfTengo derecho a reclamar si no conduc\u00eda correctamente mi bicicleta?<\/a><\/li>\n<li><a href=\"accidente-bicicleta-faq.html#Q7\">\u00bfTengo derecho a reclamar si mi accidente de bicicleta fue causado en parte por las condiciones de la carretera o el tiempo?<\/a><\/li>\n<li><a href=\"accidente-bicicleta-faq.html#Q8\">\u00bfQui\u00e9n es responsable de mis lesiones?<\/a><\/li>\n<li><a href=\"accidente-bicicleta-faq.html#Q9\">\u00bfExiste un plazo de prescripci\u00f3n?<\/a><\/li>\n<li><a href=\"accidente-bicicleta-faq.html#Q10\">\u00bfCu\u00e1nto puede valer mi accidente de bicicleta?<\/a><\/li>\n<li><a href=\"accidente-bicicleta-faq.html#Q11\">\u00bfTienes m\u00e1s preguntas?<\/a><\/li>\n<\/ul>\n<p>En Estados Unidos, m\u00e1s de <a href=\"https:\/\/www.cdc.gov\/transportationsafety\/bicycle\/index.html\" target=\"_blank\" rel=\"noopener\">130.000 ciclistas resultan heridos<\/a> y m\u00e1s de 1.000 mueren, de media, cada a\u00f1o. Si sufres un accidente de bicicleta o resultas lesionado mientras paseas en bicicleta, es natural que tengas muchas preguntas. El equipo legal y los abogados de accidentes de bicicleta del Grupo Legal Flaxman han reunido estas Preguntas Frecuentes para proporcionarte algunas respuestas.<\/p>\n<p><strong id=\"Q1\" class=\"heading4\">\u00bfQu\u00e9 son los accidentes de bicicleta?<\/strong><\/p>\n<p>Los accidentes de bicicleta se producen cuando un ciclista choca con otro usuario de la v\u00eda p\u00fablica o cuando un automovilista hace que el ciclista pierda el control y choque. Hay muchos tipos de accidentes de bicicleta:<\/p>\n<ul class=\"no-spacing-list\">\n<li>Colisiones por alcance<\/li>\n<li>Colisiones frontales<\/li>\n<li>Colisiones laterales<\/li>\n<li>Choques entre un motorista y una bicicleta<\/li>\n<li>Choques con la puerta abierta, cuando un conductor abre la puerta de un coche sin comprobarlo y un ciclista choca contra la puerta abierta<\/li>\n<li>Choque entre un ciclista y un cami\u00f3n<\/li>\n<li>Incidentes de violencia en la carretera<\/li>\n<li>Colisiones entre un ciclista y un peat\u00f3n<\/li>\n<li>Choques entre un ciclista y un coche<\/li>\n<\/ul>\n<p><a href=\"accidente-bicicleta-faq.html#arriba\">Volver arriba<\/a><\/p>\n<hr \/>\n<p><strong id=\"Q2\" class=\"heading4\">\u00bfQu\u00e9 causa los accidentes de bicicleta?<\/strong><\/p>\n<p>Cada accidente de bicicleta es \u00fanico, pero entre las causas m\u00e1s comunes se incluyen:<\/p>\n<ul class=\"no-spacing-list\">\n<li>Fallo mec\u00e1nico<\/li>\n<li>Conducci\u00f3n distra\u00edda o negligente<\/li>\n<li>DUIs<\/li>\n<li>Mal estado de las carreteras<\/li>\n<li>Vida salvaje<\/li>\n<li>Exceso de velocidad<\/li>\n<li>Compartir carril o adelantar demasiado cerca<\/li>\n<li>No ceder el paso<\/li>\n<li>No obedecer las se\u00f1ales de tr\u00e1fico o las normas de circulaci\u00f3n<\/li>\n<\/ul>\n<p><a href=\"accidente-bicicleta-faq.html#arriba\">Volver arriba<\/a><\/p>\n<hr \/>\n<p><strong id=\"Q3\" class=\"heading4\">\u00bfQu\u00e9 lesiones son frecuentes en los accidentes de bicicleta?<\/strong><\/p>\n<p>En un <a href=\"accidentes-coche.html\">accidente de coche<\/a>, los conductores y ocupantes est\u00e1n protegidos por cinturones de seguridad, airbags cristales, metal, pl\u00e1stico y otras capas de protecci\u00f3n. Los ciclistas no tienen ninguna de estas protecciones. En una colisi\u00f3n, pueden ser f\u00e1cilmente aplastados o arrojados de su bicicleta, lo que puede provocar lesiones graves y potencialmente mortales, como:<\/p>\n<ul class=\"no-spacing-list\">\n<li><a href=\"lesiones cerebrales.html\">Lesiones craneales y cerebrales<\/a><\/li>\n<li>Lesiones internas<\/li>\n<li>Fracturas<\/li>\n<li>Quemaduras de carretera y cicatrices<\/li>\n<li>Lesiones de espalda y de m\u00e9dula espinal<\/li>\n<li>Lesiones de tejidos blandos<\/li>\n<li>Lesiones faciales<\/li>\n<\/ul>\n<p><a href=\"accidente-bicicleta-faq.html#arriba\">Volver arriba<\/a><\/p>\n<hr \/>\n<p><strong id=\"Q4\" class=\"heading4\">\u00bfQu\u00e9 debes hacer tras una colisi\u00f3n en bicicleta?<\/strong><\/p>\n<p>Sufrir una colisi\u00f3n en bicicleta da miedo. Querr\u00e1s hacerlo:<\/p>\n<p><strong>Mant\u00e9n la calma y eval\u00faa la situaci\u00f3n:<\/strong> Si est\u00e1s gravemente herido, llama al 911. Llama tambi\u00e9n al 911 si sospechas que se ha producido un delito: si un conductor <a href=\"discapacidad del conductor.html\">conduce ebrio<\/a>, por ejemplo.<\/p>\n<p><strong>Consigue la informaci\u00f3n del seguro de cualquier conductor implicado:<\/strong> Si se trata de un <a href=\"accidente con fuga en coral-springs.html\">atropello con fuga<\/a>, intenta anotar cualquier informaci\u00f3n que recuerdes sobre el coche y el conductor<\/p>\n<p><strong>Evita hablar del accidente:<\/strong> Una de las cosas desafortunadas de las colisiones de bicicletas es que a menudo se culpa al ciclista del accidente, aunque no sea culpa suya. Evita entrar en discusiones sobre la causa del accidente. En lugar de eso, c\u00e9ntrate en lo que debe ocurrir a continuaci\u00f3n. Cualquier cosa que digas, incluso declaraciones inocentes, puede ser utilizada despu\u00e9s en tu contra por una aseguradora.<\/p>\n<p><strong>Consigue documentaci\u00f3n:<\/strong> Haz fotos de tus lesiones, de la bici y del lugar del accidente, si puedes. Anota todo lo que recuerdes sobre el accidente y consigue la informaci\u00f3n de contacto de posibles testigos, si es posible. Conserva la moto y el casco por si decides presentar una reclamaci\u00f3n legal y necesitas pruebas.<\/p>\n<p><strong>Hazte un chequeo: <\/strong>Es dif\u00edcil exagerar esto: hazte siempre una evaluaci\u00f3n m\u00e9dica completa lo antes posible despu\u00e9s de un accidente de bicicleta. Uno de los mayores peligros de este tipo de colisi\u00f3n es que puedes golpearte la cabeza durante el choque, aunque no seas consciente de ello. Esto puede provocar lesiones cerebrales potencialmente mortales, aunque no presentes s\u00edntomas de inmediato. Un m\u00e9dico puede determinar si necesitas atenci\u00f3n m\u00e9dica urgente.<\/p>\n<p><a href=\"accidente-bicicleta-faq.html#arriba\">Volver arriba<\/a><\/p>\n<hr \/>\n<p><strong id=\"Q5\" class=\"heading4\">\u00bfTengo derecho a reclamar tras un accidente de bicicleta?<\/strong><\/p>\n<p>En Florida, la ley te permite presentar una demanda civil si tu accidente fue causado por la negligencia o la acci\u00f3n de alguien. Si resultaste herido en un accidente de tr\u00e1fico, por ejemplo, o si un conductor no se percat\u00f3 de tu presencia, puedes presentar una demanda.<\/p>\n<p>Los accidentes de bicicleta ocurren en cuesti\u00f3n de segundos, por lo que es posible que no siempre sepas exactamente qu\u00e9 caus\u00f3 tu accidente. Si no est\u00e1s seguro de tener derecho a reclamar, te conviene hablar con un abogado experto en reclamaciones por accidentes de bicicleta. Un abogado puede hacerte preguntas concretas para determinar si tienes derecho a reclamar.<\/p>\n<p><a href=\"accidente-bicicleta-faq.html#arriba\">Volver arriba<\/a><\/p>\n<hr \/>\n<p><strong id=\"Q6\" class=\"heading4\">\u00bfTengo derecho a reclamar si no conduc\u00eda correctamente mi bicicleta?<\/strong><\/p>\n<p>Aunque hayas cometido un error al montar en bicicleta, es posible que tengas derecho a reclamar una indemnizaci\u00f3n. Sin embargo, la mejor forma de determinar si tienes derecho a reclamar y de establecer cu\u00e1nto puede valer tu reclamaci\u00f3n es hablar con un abogado experto en reclamaciones por accidentes de bicicleta.<\/p>\n<p><a href=\"accidente-bicicleta-faq.html#arriba\">Volver arriba<\/a><\/p>\n<hr \/>\n<p><strong id=\"Q7\" class=\"heading4\">\u00bfTengo derecho a reclamar si mi accidente de bicicleta fue causado en parte por las condiciones meteorol\u00f3gicas o de la carretera?<\/strong><\/p>\n<p>En algunos casos, s\u00ed. Si las condiciones de la carretera tuvieron parte de culpa, puedes reclamar contra el ayuntamiento o la empresa encargada de arreglar un camino o una zona concretos. Sin embargo, demandar a una administraci\u00f3n puede ser un gran reto. Querr\u00e1s trabajar con un abogado que tenga experiencia en <a href=\"responsabilidad patrimonial.html\">casos de responsabilidad de las instalaciones<\/a> y que haya demandado antes a la administraci\u00f3n.<\/p>\n<p>Tambi\u00e9n puedes reclamar si las condiciones meteorol\u00f3gicas influyeron en tus lesiones. Los conductores deben adaptar su conducci\u00f3n a las condiciones de la carretera y del tiempo. Si un conductor no lo hace y provoca tu colisi\u00f3n, puede ser considerado responsable.<\/p>\n<p><a href=\"accidente-bicicleta-faq.html#arriba\">Volver arriba<\/a><\/p>\n<hr \/>\n<p><strong id=\"Q8\" class=\"heading4\">\u00bfQui\u00e9n es responsable de mis lesiones?<\/strong><\/p>\n<p>Las partes que puedes perseguir en una demanda civil pueden variar, dependiendo de lo que caus\u00f3 tu accidente. Tu abogado puede ayudarte a determinar qui\u00e9nes son las partes responsables y puede perseguirlas para asegurarse de que obtienes una indemnizaci\u00f3n justa. En los casos de accidente de bicicleta, las partes responsables pueden ser:<\/p>\n<ul class=\"no-spacing-list\">\n<li>Fabricantes de coches, camiones o bicicletas<\/li>\n<li>Otros conductores<\/li>\n<li>Los propietarios de un sendero, parque u otra zona donde se haya producido el accidente<\/li>\n<li>Una empresa de obras viales<\/li>\n<li>Un municipio<\/li>\n<li>Otras partes responsables<\/li>\n<\/ul>\n<p><a href=\"accidente-bicicleta-faq.html#arriba\">Volver arriba<\/a><\/p>\n<hr \/>\n<p><strong id=\"Q9\" class=\"heading4\">\u00bfExiste un plazo de prescripci\u00f3n?<\/strong><\/p>\n<p>S\u00ed. En Florida, el plazo de prescripci\u00f3n para la mayor\u00eda de los casos de lesiones personales, incluidos los accidentes de tr\u00e1fico, es de cuatro a\u00f1os. Puede parecer mucho tiempo, pero es importante recordar que las pruebas pueden empezar a perderse mucho antes, y si esperas demasiado los jueces y jurados pueden cuestionarse por qu\u00e9 has esperado. Para obtener el mejor resultado, es aconsejable que te pongas en contacto con un abogado lo antes posible despu\u00e9s de tu accidente, para que pueda empezar a tomar medidas para buscar una indemnizaci\u00f3n para ti.<\/p>\n<p><a href=\"accidente-bicicleta-faq.html#arriba\">Volver arriba<\/a><\/p>\n<hr \/>\n<p><strong id=\"Q10\" class=\"heading4\">\u00bfCu\u00e1nto puede valer mi accidente de bicicleta?<\/strong><\/p>\n<p>Cada accidente de bicicleta es diferente, y la indemnizaci\u00f3n que pidas depender\u00e1 de la gravedad de tus lesiones y de cu\u00e1nto te cuesten y repercutan en tu vida. En general, puedes solicitar una indemnizaci\u00f3n por:<\/p>\n<ul>\n<li>P\u00e9rdida de ingresos, incluidos los que puedas esperar perder en el futuro a causa de tus lesiones.<\/li>\n<li>Facturas m\u00e9dicas, incluidas estancias en el hospital, medicaci\u00f3n, cirug\u00eda, etc.<\/li>\n<li>Rehabilitaci\u00f3n y otras ayudas o servicios m\u00e9dicos continuados<\/li>\n<li>Costes m\u00e9dicos futuros previstos<\/li>\n<li>Da\u00f1os materiales, incluido el coste de sustituci\u00f3n de tu moto<\/li>\n<li>Gastos imprevistos, como el coste de los taxis o de la ayuda a domicilio que puedas necesitar a causa de tus lesiones.<\/li>\n<\/ul>\n<p><a href=\"accidente-bicicleta-faq.html#arriba\">Volver arriba<\/a><\/p>\n<hr \/>\n<p><strong id=\"Q11\" class=\"heading4\">\u00bfTienes m\u00e1s preguntas?<\/strong><\/p>\n<p>Si usted no vio su pregunta contestada aqu\u00ed o si desea hablar con un abogado sobre si tiene un caso, llame al Grupo Legal Flaxman al 866-352-9626 o <a href=\"contacta con nosotros.html\">cont\u00e1ctenos en l\u00ednea<\/a> para programar una consulta gratuita y sin compromiso sobre su caso. A trav\u00e9s de nuestras oficinas en Miami, Homestead, y Hollywood, hemos ayudado a clientes en todo Florida del Sur a recuperar m\u00e1s de $100 millones de d\u00f3lares en victorias judiciales y acuerdos, utilizando nuestra compasi\u00f3n y nuestros m\u00e1s de 60 a\u00f1os de experiencia combinada para buscar una compensaci\u00f3n justa. Pon nuestra experiencia al servicio de tu caso hoy mismo. Ponte en contacto con nosotros para obtener m\u00e1s informaci\u00f3n.<\/p>\n<\/div>\n<\/div>\n","protected":false},"excerpt":{"rendered":"<p>Sin honorarios a menos que ganemos. Llama al 866-352-9626 para una &#8230; <\/p>\n","protected":false},"author":3,"featured_media":0,"parent":0,"menu_order":0,"comment_status":"closed","ping_status":"closed","template":"template-practice-areas.php","meta":{"footnotes":""},"class_list":["post-22509","page","type-page","status-publish","hentry"],"featured_image_src":null,"featured_image_src_square":null,"_links":{"self":[{"href":"https:\/\/flaxmanlaw.com\/es\/wp-json\/wp\/v2\/pages\/22509","targetHints":{"allow":["GET"]}}],"collection":[{"href":"https:\/\/flaxmanlaw.com\/es\/wp-json\/wp\/v2\/pages"}],"about":[{"href":"https:\/\/flaxmanlaw.com\/es\/wp-json\/wp\/v2\/types\/page"}],"author":[{"embeddable":true,"href":"https:\/\/flaxmanlaw.com\/es\/wp-json\/wp\/v2\/users\/3"}],"replies":[{"embeddable":true,"href":"https:\/\/flaxmanlaw.com\/es\/wp-json\/wp\/v2\/comments?post=22509"}],"version-history":[{"count":0,"href":"https:\/\/flaxmanlaw.com\/es\/wp-json\/wp\/v2\/pages\/22509\/revisions"}],"wp:attachment":[{"href":"https:\/\/flaxmanlaw.com\/es\/wp-json\/wp\/v2\/media?parent=22509"}],"curies":[{"name":"wp","href":"https:\/\/api.w.org\/{rel}","templated":true}]}}