{"id":22512,"date":"2024-11-18T12:44:33","date_gmt":"2024-11-18T12:44:33","guid":{"rendered":"https:\/\/flaxmanlaw.wpenginepowered.com\/accidente-de-coche-en-biscayne-park-abogados-de-lesiones-de-coche-en-el-condado-de-miami-dade\/"},"modified":"2024-11-18T12:44:33","modified_gmt":"2024-11-18T12:44:33","slug":"accidente-de-coche-en-biscayne-park-abogados-de-lesiones-de-coche-en-el-condado-de-miami-dade","status":"publish","type":"page","link":"https:\/\/flaxmanlaw.com\/es\/accidente-de-coche-en-biscayne-park-abogados-de-lesiones-de-coche-en-el-condado-de-miami-dade\/","title":{"rendered":"Accidente de coche en Biscayne Park | Abogados de lesiones de coche en el condado de Miami-Dade"},"content":{"rendered":"<div class=\"bodytext\">\n<h2>Accidente de coche en Biscayne Park<\/h1><\/h2>\n<div class=\"description\">\n<p>Biscayne Park es famoso por su belleza natural, una caracter\u00edstica que ha formado parte de esta comunidad del condado de Miami-Dade de Florida desde 1933, cuando se fund\u00f3 por primera vez. Biscayne Park a\u00fan alberga la famosa caba\u00f1a de troncos que los fundadores de la ciudad construyeron ellos mismos durante la Gran Depresi\u00f3n para poner en marcha la nueva comunidad. Biscayne Park es conocida por sus calles limpias y seguras y su hermoso clima. Sin embargo, como todas las ciudades y comunidades de Florida, Biscayne Park tiene su cuota de accidentes de tr\u00e1fico.   <\/p>\n<p>Sufrir un <a href=\"accidentes-coche.html\">accidente de coche<\/a> en Biscayne Park es una experiencia terrible. Puede arruinar tu salud, tu capacidad laboral y tus finanzas. De hecho, cada a\u00f1o muchos residentes de Florida se ven obligados a declararse en quiebra debido a los elevados gastos m\u00e9dicos, da\u00f1os materiales y otros costes asociados que les ocasiona un accidente de coche. Aunque te sientas protegido por el seguro de coche, los peritos de siniestros suelen trabajar duro para maximizar los beneficios de las compa\u00f1\u00edas de seguros, lo que puede significar pagarte menos de lo que tendr\u00e1s que pagar para cubrir los costes de tu accidente.   <\/p>\n<p>Charles Flaxman, del Grupo Legal Flaxman, trabaj\u00f3 como ajustador de reclamaciones de seguros durante 10 a\u00f1os antes de convertirse en abogado de lesiones personales. No s\u00f3lo se gradu\u00f3 entre el 1% de los mejores de su escuela de leyes y no s\u00f3lo ha ayudado a miles de v\u00edctimas de accidentes automovil\u00edsticos en Florida, sino que tambi\u00e9n entiende exactamente c\u00f3mo trabajan las aseguradoras. Sabe c\u00f3mo calcular por ti el coste real de tu accidente de coche en Biscayne Park para que no tengas que pagar de tu bolsillo la mayor parte de los gastos de tu accidente de coche.  <\/p>\n<p>El Grupo Legal Flaxman cuenta con un personal jur\u00eddico con amplia experiencia m\u00e9dica, experiencia en lesiones personales y experiencia en investigaci\u00f3n. Nuestro personal puede ofrecerte ayuda inmediata, 24 horas al d\u00eda, siete d\u00edas a la semana. Ll\u00e1manos despu\u00e9s de haber sufrido un accidente automovil\u00edstico en Biscayne Park y podemos ayudarte proporcion\u00e1ndote asesor\u00eda legal experimentada por tel\u00e9fono. Podemos ayudarte a decidir qu\u00e9 hacer despu\u00e9s de una de las experiencias m\u00e1s aterradoras de tu vida. Nuestro personal telef\u00f3nico est\u00e1 disponible las 24 horas del d\u00eda, los siete d\u00edas de la semana, por lo que siempre podr\u00e1s hablar por tel\u00e9fono con un representante para obtener ayuda inmediata. Podemos ayudarte a garantizar que puedas seguir disfrutando de transporte, atenci\u00f3n m\u00e9dica y otras necesidades mientras prosigues con tu reclamaci\u00f3n legal. Adem\u00e1s, nuestro experimentado personal investigador puede determinar las causas exactas y las cuestiones de responsabilidad que rodean a tu accidente. El compasivo y experimentado equipo legal del Grupo Legal Flaxman puede encargarse del dolor de cabeza legal de un accidente automovil\u00edstico en Biscayne Park, para que usted quede libre de enfocarse en recuperar su vida despu\u00e9s de su accidente.       <\/p>\n<p>Biscayne Park est\u00e1 a un corto trayecto en coche de los despachos del Grupo Flaxman en Hollywood. Puedes llegar a nuestras oficinas siguiendo NE 116th St, NE 6th Ave., NE 125th St., NW 6th Ave., I-95 N., FL-826 E\/I-95 N, Route 826\/FL-7 N\/US-441 N, y FL-7 N\/US-441 N. hasta el 5715 Johnson St, donde se encuentran nuestras oficinas. El Grupo Legal Flaxman tambi\u00e9n tiene oficinas convenientemente ubicadas en Miami (en 6303 Blue Lagoon Drive #400) y en Homestead: (en 123 North Krome Avenue #101). Adem\u00e1s, nuestro personal siempre est\u00e1 feliz de visitar a clientes y v\u00edctimas de lesiones personales en sus hogares, lugares de trabajo, o cuartos de hospital. Tambi\u00e9n se puede contactar f\u00e1cilmente con nosotros por tel\u00e9fono, fax (954 987 3251), m\u00f3vil (954 830 2123) o <a href=\"contacta con nosotros.html\">web<\/a>. Ofrecemos una consulta inicial gratuita y sin compromiso a todos los clientes nuevos. S\u00f3lo tienes que ponerte en contacto con nosotros para concertar una cita y hablar de tu caso.   <\/p>\n<\/p><\/div>\n<\/p><\/div>\n","protected":false},"excerpt":{"rendered":"<p>Sin honorarios a menos que ganemos. Llama al 866-352-9626 para una &#8230; <\/p>\n","protected":false},"author":3,"featured_media":0,"parent":0,"menu_order":0,"comment_status":"closed","ping_status":"closed","template":"template-practice-areas.php","meta":{"footnotes":""},"class_list":["post-22512","page","type-page","status-publish","hentry"],"featured_image_src":null,"featured_image_src_square":null,"_links":{"self":[{"href":"https:\/\/flaxmanlaw.com\/es\/wp-json\/wp\/v2\/pages\/22512","targetHints":{"allow":["GET"]}}],"collection":[{"href":"https:\/\/flaxmanlaw.com\/es\/wp-json\/wp\/v2\/pages"}],"about":[{"href":"https:\/\/flaxmanlaw.com\/es\/wp-json\/wp\/v2\/types\/page"}],"author":[{"embeddable":true,"href":"https:\/\/flaxmanlaw.com\/es\/wp-json\/wp\/v2\/users\/3"}],"replies":[{"embeddable":true,"href":"https:\/\/flaxmanlaw.com\/es\/wp-json\/wp\/v2\/comments?post=22512"}],"version-history":[{"count":0,"href":"https:\/\/flaxmanlaw.com\/es\/wp-json\/wp\/v2\/pages\/22512\/revisions"}],"wp:attachment":[{"href":"https:\/\/flaxmanlaw.com\/es\/wp-json\/wp\/v2\/media?parent=22512"}],"curies":[{"name":"wp","href":"https:\/\/api.w.org\/{rel}","templated":true}]}}