{"id":22513,"date":"2024-11-18T12:44:35","date_gmt":"2024-11-18T12:44:35","guid":{"rendered":"https:\/\/flaxmanlaw.wpenginepowered.com\/accidente-de-bicicleta-en-miami-gardens-abogados-de-accidentes-de-bicicleta-en-el-condado-de-miami-dade\/"},"modified":"2024-11-18T12:44:35","modified_gmt":"2024-11-18T12:44:35","slug":"accidente-de-bicicleta-en-miami-gardens-abogados-de-accidentes-de-bicicleta-en-el-condado-de-miami-dade","status":"publish","type":"page","link":"https:\/\/flaxmanlaw.com\/es\/accidente-de-bicicleta-en-miami-gardens-abogados-de-accidentes-de-bicicleta-en-el-condado-de-miami-dade\/","title":{"rendered":"Accidente de Bicicleta en Miami Gardens | Abogados de Accidentes de Bicicleta en el Condado de Miami-Dade"},"content":{"rendered":"<div class=\"bodytext\">\n<h2>Accidente de bicicleta en Miami Gardens<\/h1><\/h2>\n<div class=\"description\">\n<p>Con sus bellos espacios verdes y su clima c\u00e1lido, Miami Gardens es un para\u00edso para los ciclistas. La ciudad tiene muchos parques y senderos perfectos para explorar en bicicleta. Por desgracia, el sur de Florida es tambi\u00e9n una de las principales zonas del pa\u00eds en <a href=\"accidentes-de-bicicleta.html\">lesiones por ciclismo<\/a>. Si eres ciclista en Miami Gardens, puedes resultar herido en un <a href=\"accidentes-coche.html\">accidente de tr\u00e1fico<\/a> en Miami Gardens. Si esto ocurre, puedes acabar con importantes gastos m\u00e9dicos, p\u00e9rdida de ingresos, da\u00f1os materiales y otras facturas relacionadas, adem\u00e1s del dolor y el sufrimiento relacionados con tus lesiones. En muchos casos, el seguro del coche s\u00f3lo cubre una parte de los costes de tus lesiones.     <\/p>\n<p>Por todas estas razones, es una buena idea consultar a un abogado cualificado en lesiones personales de Miami Gardens si has sufrido lesiones en un accidente de bicicleta. Un buen abogado de accidentes de bicicleta en Miami Gardens puede investigar tu caso, encontrar a las partes responsables y llevar tu caso ante los peritos de reclamaciones de seguros, as\u00ed como ante el sistema judicial, para asegurarse de que obtienes la indemnizaci\u00f3n m\u00e1s justa posible. El dinero que obtengas de una indemnizaci\u00f3n justa puede ayudarte a pagar una asistencia m\u00e9dica de calidad, la p\u00e9rdida de ingresos y otros gastos relacionados con tu accidente. Por desgracia, en muchos casos la calidad de tu asistencia m\u00e9dica depende de tu capacidad de pago. Con los recursos econ\u00f3micos disponibles consultando a un abogado de calidad especializado en lesiones personales de Miami Gardens, es posible que puedas permitirte los gastos de rehabilitaci\u00f3n y la atenci\u00f3n m\u00e9dica de calidad que necesitas para recuperarte lo mejor posible de tus lesiones.    <\/p>\n<p>La legislaci\u00f3n de Florida s\u00ed permite a las partes lesionadas solicitar una indemnizaci\u00f3n en los casos en que la negligencia o imprudencia de alguien haya causado un accidente que provoque lesiones. Esta indemnizaci\u00f3n puede ayudar a las v\u00edctimas a pagar los gastos m\u00e9dicos, los da\u00f1os materiales, la p\u00e9rdida de ingresos y muchos otros gastos a los que suelen enfrentarse las v\u00edctimas de <a href=\"accidentes-de-bicicleta.html\">accidentes de bicicleta<\/a> en Miami Gardens tras su accidente. Tienes derecho a reclamar una indemnizaci\u00f3n en los casos en que la negligencia de alguien te haya causado lesiones graves. Ejercer este derecho puede ayudarte a recuperarte econ\u00f3micamente de tu accidente de bicicleta en Miami Gardens y puede darte los recursos que necesitas para recuperarte tambi\u00e9n f\u00edsicamente.   <\/p>\n<p>Los accidentes de bicicleta pueden provocar lesiones devastadoras, como <a href=\"lesiones cerebrales.html\">lesiones cerebrales<\/a> en Miami Gardens, <a href=\"lesiones de la columna vertebral.html\">lesiones medulares<\/a>, amputaciones y mucho m\u00e1s. Sin embargo, las lesiones graves no tienen por qu\u00e9 devastar tu vida. <a href=\"contacta con nosotros.html\">Contacta hoy mismo con el Grupo Legal Flaxman<\/a> para averiguar qu\u00e9 opciones existen para ti. Usted puede calificar para m\u00e1s compensaci\u00f3n de la que se imagina, y esta compensaci\u00f3n puede hacer una dram\u00e1tica diferencia para usted y su familia al iniciar el camino hacia la recuperaci\u00f3n.  <\/p>\n<p>El equipo jur\u00eddico <a href=\"index.html\">del Grupo Legal Flaxman<\/a> cuenta con d\u00e9cadas de experiencia en casos de lesiones personales en Florida del Sur. Han ayudado a miles de v\u00edctimas de lesiones personales en Florida del Sur y Miami Gardens a recuperar acuerdos justos por sus lesiones. Como firma de servicios integrales, el Grupo Legal Flaxman puede encargarse de su caso desde la consulta inicial hasta el arreglo final. Para averiguar m\u00e1s sobre los servicios que ofrece el Grupo Legal Flaxman, <a href=\"contacta con nosotros.html\">contacte hoy mismo al Grupo Legal Flaxman<\/a> para programar una consulta inicial gratuita y hablar sobre su caso.   <\/p>\n<\/p><\/div>\n<\/p><\/div>\n","protected":false},"excerpt":{"rendered":"<p>Sin honorarios a menos que ganemos. Llama al 866-352-9626 para una &#8230; <\/p>\n","protected":false},"author":3,"featured_media":0,"parent":0,"menu_order":0,"comment_status":"closed","ping_status":"closed","template":"template-practice-areas.php","meta":{"footnotes":""},"class_list":["post-22513","page","type-page","status-publish","hentry"],"featured_image_src":null,"featured_image_src_square":null,"_links":{"self":[{"href":"https:\/\/flaxmanlaw.com\/es\/wp-json\/wp\/v2\/pages\/22513","targetHints":{"allow":["GET"]}}],"collection":[{"href":"https:\/\/flaxmanlaw.com\/es\/wp-json\/wp\/v2\/pages"}],"about":[{"href":"https:\/\/flaxmanlaw.com\/es\/wp-json\/wp\/v2\/types\/page"}],"author":[{"embeddable":true,"href":"https:\/\/flaxmanlaw.com\/es\/wp-json\/wp\/v2\/users\/3"}],"replies":[{"embeddable":true,"href":"https:\/\/flaxmanlaw.com\/es\/wp-json\/wp\/v2\/comments?post=22513"}],"version-history":[{"count":0,"href":"https:\/\/flaxmanlaw.com\/es\/wp-json\/wp\/v2\/pages\/22513\/revisions"}],"wp:attachment":[{"href":"https:\/\/flaxmanlaw.com\/es\/wp-json\/wp\/v2\/media?parent=22513"}],"curies":[{"name":"wp","href":"https:\/\/api.w.org\/{rel}","templated":true}]}}