{"id":22514,"date":"2024-11-18T12:44:35","date_gmt":"2024-11-18T12:44:35","guid":{"rendered":"https:\/\/flaxmanlaw.wpenginepowered.com\/miami-gardens-neumaticos-calzados-reventon-de-neumatico-abogados-de-accidentes-de-camion-del-condado-de-miami-dade\/"},"modified":"2024-11-18T12:44:35","modified_gmt":"2024-11-18T12:44:35","slug":"miami-gardens-neumaticos-calzados-reventon-de-neumatico-abogados-de-accidentes-de-camion-del-condado-de-miami-dade","status":"publish","type":"page","link":"https:\/\/flaxmanlaw.com\/es\/miami-gardens-neumaticos-calzados-reventon-de-neumatico-abogados-de-accidentes-de-camion-del-condado-de-miami-dade\/","title":{"rendered":"Miami Gardens Neum\u00e1ticos Calzados \/ Revent\u00f3n de Neum\u00e1tico | Abogados de Accidentes de Cami\u00f3n del Condado de Miami-Dade"},"content":{"rendered":"<div class=\"bodytext\">\n<h2>Neum\u00e1ticos Calvos Miami Gardens \/ Revent\u00f3n de Neum\u00e1ticos<\/h1><\/h2>\n<div class=\"description\">\n<p>Los conductores pueden causar accidentes graves por distracci\u00f3n o negligencia en la carretera. Una forma en que los conductores pueden ser negligentes es ignorando sus neum\u00e1ticos. Cuando los conductores de camiones comerciales, especialmente, son negligentes a la hora de comprobar, inflar y mantener sus neum\u00e1ticos, pueden producirse lesiones catastr\u00f3ficas en Miami Gardens y otras comunidades.  <\/p>\n<p>Charles Flaxman y los abogados del Grupo Legal Flaxman pueden ayudar a su familia a buscar asesor\u00eda legal y recuperaci\u00f3n despu\u00e9s de un choque de camiones. Si un revent\u00f3n de llanta u otro problema de llantas pudo haber provocado tu colisi\u00f3n de tr\u00e1fico, contacta con nuestro despacho para una consulta gratuita y sin compromiso. <\/p>\n<p><strong class=\"heading4\">Funciones en la industria del transporte por carretera<\/strong><\/p>\n<p>Los camioneros deben comprobar los neum\u00e1ticos antes de cada viaje y asegurarse de que tienen la presi\u00f3n adecuada. Esto se debe a que hay muchas cosas que pueden ir mal con los neum\u00e1ticos de los camiones, entre otras: <\/p>\n<ul>\n<li>Reventones de neum\u00e1ticos<\/li>\n<li>P\u00e9rdida de adherencia y tracci\u00f3n, que puede provocar colisiones<\/li>\n<li>Pinchazos y otros da\u00f1os causados por carreteras mal mantenidas<\/li>\n<li>Inflado excesivo de los neum\u00e1ticos, que puede provocar reventones y sobrecalentamiento de los neum\u00e1ticos<\/li>\n<li>Neum\u00e1ticos poco inflados, que pueden provocar colisiones<\/li>\n<\/ul>\n<p>Se espera que el conductor tome precauciones razonables para garantizar que los pasajeros puedan permanecer seguros en el veh\u00edculo. Tambi\u00e9n se espera que la empresa de transporte realice un mantenimiento correcto de los camiones -incluidos los neum\u00e1ticos- entre una entrega y otra. <\/p>\n<p><strong class=\"heading4\">Qu\u00e9 hacer si has resultado herido en un accidente de cami\u00f3n en Miami Gardens o en cualquier lugar de Florida<\/strong><\/p>\n<p>Sufrir lesiones en una colisi\u00f3n de tr\u00e1fico con un cami\u00f3n comercial es muy distinto a sufrir un accidente con un turismo. Una de las razones es que los camiones comerciales est\u00e1n protegidos por seguros de mayor cuant\u00eda. Aunque esto parece ofrecer a las partes lesionadas m\u00e1s opciones para conseguir una indemnizaci\u00f3n justa, por desgracia, puede ocurrir lo contrario. Como en un accidente de cami\u00f3n comercial hay m\u00faltiples partes responsables y \u00e9stas suelen estar protegidas por fuertes compa\u00f1\u00edas de seguros y equipos de abogados, en algunos casos puede ser m\u00e1s dif\u00edcil para los perjudicados obtener justicia e indemnizaci\u00f3n.   <\/p>\n<p>Las empresas de camiones suelen ser negocios m\u00e1s grandes que est\u00e1n protegidos por potentes p\u00f3lizas de seguros y suelen tener un departamento jur\u00eddico propio. Los camioneros pueden estar sindicados o tener acceso al departamento jur\u00eddico de una empresa de camiones. Las compa\u00f1\u00edas de seguros tambi\u00e9n tienen acceso a equipos jur\u00eddicos que pueden ayudarles a reducir la responsabilidad.  <\/p>\n<p>En muchos casos, tras un accidente de cami\u00f3n comercial, la empresa de camiones y otras partes responsables implicadas tomar\u00e1n medidas muy r\u00e1pidamente, a veces pidiendo al demandante que renuncie a algunos de sus derechos o haciendo una oferta a la baja para evitar un litigio costoso m\u00e1s adelante. En un accidente de cami\u00f3n industrial, es importante no dudar. Es importante consultar inmediatamente a un abogado de lesiones personales para obtener asesoramiento jur\u00eddico sobre cu\u00e1nto vale el caso y qu\u00e9 pasos hay que dar para preservar tus derechos. Un abogado de lesiones personales trabaja para ti y vela por tus intereses, asegur\u00e1ndose de que tengas las mejores posibilidades de obtener justicia e indemnizaci\u00f3n.   <\/p>\n<p>Si quieres responsabilizar a las partes implicadas en tu colisi\u00f3n despu\u00e9s de un accidente de cami\u00f3n, necesitas un caso legal s\u00f3lido y una base f\u00e1ctica para tu demanda. Los abogados <a href=\"contacta con nosotros.html\">del Grupo Legal Flaxman<\/a> trabajan en equipo para construir casos s\u00f3lidos, trabajando con d\u00e9cadas de experiencia legal. Nuestro equipo tambi\u00e9n trabaja con una red de expertos en reconstrucci\u00f3n de accidentes, investigadores, ingenieros, consultores m\u00e9dicos y otros expertos. Si desea saber m\u00e1s, contacte hoy mismo <a href=\"contacta con nosotros.html\">al Grupo Legal Flaxman<\/a> para una consulta gratuita de su caso.   <\/p>\n<\/p><\/div>\n<\/p><\/div>\n","protected":false},"excerpt":{"rendered":"<p>Sin honorarios a menos que ganemos. Llama al 866-352-9626 para una &#8230; <\/p>\n","protected":false},"author":3,"featured_media":0,"parent":0,"menu_order":0,"comment_status":"closed","ping_status":"closed","template":"template-practice-areas.php","meta":{"footnotes":""},"class_list":["post-22514","page","type-page","status-publish","hentry"],"featured_image_src":null,"featured_image_src_square":null,"_links":{"self":[{"href":"https:\/\/flaxmanlaw.com\/es\/wp-json\/wp\/v2\/pages\/22514","targetHints":{"allow":["GET"]}}],"collection":[{"href":"https:\/\/flaxmanlaw.com\/es\/wp-json\/wp\/v2\/pages"}],"about":[{"href":"https:\/\/flaxmanlaw.com\/es\/wp-json\/wp\/v2\/types\/page"}],"author":[{"embeddable":true,"href":"https:\/\/flaxmanlaw.com\/es\/wp-json\/wp\/v2\/users\/3"}],"replies":[{"embeddable":true,"href":"https:\/\/flaxmanlaw.com\/es\/wp-json\/wp\/v2\/comments?post=22514"}],"version-history":[{"count":0,"href":"https:\/\/flaxmanlaw.com\/es\/wp-json\/wp\/v2\/pages\/22514\/revisions"}],"wp:attachment":[{"href":"https:\/\/flaxmanlaw.com\/es\/wp-json\/wp\/v2\/media?parent=22514"}],"curies":[{"name":"wp","href":"https:\/\/api.w.org\/{rel}","templated":true}]}}