{"id":22517,"date":"2024-11-18T12:44:35","date_gmt":"2024-11-18T12:44:35","guid":{"rendered":"https:\/\/flaxmanlaw.wpenginepowered.com\/miami-elder-abuse-miami-dade-county-nursing-home-neglect-lawyers\/"},"modified":"2024-11-18T12:44:35","modified_gmt":"2024-11-18T12:44:35","slug":"miami-elder-abuse-miami-dade-county-nursing-home-neglect-lawyers","status":"publish","type":"page","link":"https:\/\/flaxmanlaw.com\/es\/miami-elder-abuse-miami-dade-county-nursing-home-neglect-lawyers\/","title":{"rendered":"Miami Elder Abuse | Miami-Dade County Nursing Home Neglect Lawyers"},"content":{"rendered":"<div class=\"bodytext\">\n<h2>Abuso de ancianos en Miami<\/h1><\/h2>\n<div class=\"description\">\n<p>El maltrato de ancianos en Miami y Florida es un delito grave, pero a menudo oculto. En muchos casos, los ancianos son reacios a hablar de los abusos emocionales, econ\u00f3micos, m\u00e9dicos, f\u00edsicos o sexuales porque sienten verg\u00fcenza o porque temen a sus agresores. En algunos casos, un familiar anciano puede estar demasiado enfermo para hablar. Los responsables del cuidado de los ancianos deben rendir cuentas. Si descuidan a los que tienen a su cargo o abusan de ellos, deben ser considerados responsables con todo el peso de la ley.    <\/p>\n<p>Los abogados del Grupo Legal Flaxman ofrecen atenci\u00f3n enfocada y personalizada a los demandantes. Si sospechas que un miembro de tu familia ha sido afectado por abusos, ponte en contacto con nuestro bufete en cualquier momento para recibir una evaluaci\u00f3n legal honesta y exhaustiva de tu situaci\u00f3n. Nuestro bufete ofrece consultas gratuitas y sin compromiso a todos los clientes nuevos. S\u00f3lo tienes que llamar al 866-352-9626 o utilizar nuestro sitio web o correo electr\u00f3nico para ponerte en contacto con nuestro bufete y concertar tu cita gratuita. Nuestras l\u00edneas telef\u00f3nicas est\u00e1n atendidas las veinticuatro horas del d\u00eda, para que siempre puedas contactar con alguien si un ser querido ha resultado herido y no sabes a qui\u00e9n acudir.    <\/p>\n<p><strong class=\"heading4\">\u00bfQu\u00e9 tipos de lesiones pueden producirse en los casos de abuso en residencias de ancianos en Miami y Florida?<\/strong><\/p>\n<p>El maltrato f\u00edsico a los ancianos, as\u00ed como el maltrato y la negligencia m\u00e9dicos y la agresi\u00f3n sexual, pueden provocar situaciones devastadoras, como complicaciones m\u00e9dicas, accidentes por resbalones y ca\u00eddas, y mucho m\u00e1s. Los ancianos que han sido v\u00edctimas de malos tratos pueden sufrir: <\/p>\n<ul>\n<li>Lesiones en la cabeza<\/li>\n<li>Fracturas<\/li>\n<li>Laceraciones<\/li>\n<li>Moratones<\/li>\n<li>Complicaciones m\u00e9dicas<\/li>\n<li>Sobredosis de medicamentos<\/li>\n<li>Caderas rotas<\/li>\n<li>Infecciones de transmisi\u00f3n sexual<\/li>\n<li>Lesiones medulares<\/li>\n<li>Lesiones faciales<\/li>\n<li>Lesiones de tejidos blandos<\/li>\n<li>Fallecidos<\/li>\n<li>Neumon\u00eda<\/li>\n<\/ul>\n<p>Estas complicaciones y afecciones no s\u00f3lo pueden causar dolor y sufrimiento, sino que en algunos casos pueden ser potencialmente mortales.<\/p>\n<p><strong class=\"heading4\">Las lesiones f\u00edsicas y los malos tratos pueden ser m\u00e1s graves para los ancianos<\/strong><\/p>\n<p>En muchos casos, las personas mayores tienen m\u00e1s dificultades para recuperarse de una lesi\u00f3n grave debido a afecciones m\u00e9dicas preexistentes y a su mal estado f\u00edsico general. Una persona mayor que haya sufrido una fractura de cadera en una residencia, por ejemplo, puede que nunca se recupere totalmente de sus lesiones. Del mismo modo, un anciano que contrae una neumon\u00eda por la negligencia de un centro de vida asistida puede sucumbir a la enfermedad. Es muy importante estar alerta ante cualquier signo de maltrato y abordarlo inmediatamente.   <\/p>\n<p><strong class=\"heading4\">En busca de justicia para los mayores<\/strong><\/p>\n<p>Alguien que ha vivido una larga vida y ha adquirido toda una vida de sabidur\u00eda merece nuestro respeto y compasi\u00f3n. Si tu familiar est\u00e1 siendo maltratado por un cuidador y deseas buscar remedios legales, ponte en contacto con el Grupo Legal Flaxman. Los abogados del Grupo Legal Flaxman cuentan con m\u00e1s de 60 a\u00f1os de experiencia combinada. Estamos orgullosos del hecho de que hemos ayudado a asegurar m\u00e1s de $100 millones de d\u00f3lares en acuerdos y victorias judiciales a favor de clientes, porque hemos visto de primera mano c\u00f3mo estas victorias han ayudado a las partes lesionadas a pagar la atenci\u00f3n m\u00e9dica, asesor\u00eda, gastos incidentales, y otros da\u00f1os. Sabemos que la b\u00fasqueda de justicia puede empoderar a los demandantes y cambiar sus vidas. Si t\u00fa o un ser querido hab\u00e9is sufrido lesiones por negligencia o malos tratos en una residencia de ancianos, no dudes en ponerte en contacto con nuestro bufete de abogados llamando al 866-352-9626 o a trav\u00e9s de nuestro <a href=\"contacta con nosotros.html\">sitio web<\/a> para obtener una revisi\u00f3n gratuita de tu caso.     <\/p>\n<\/p><\/div>\n<\/p><\/div>\n","protected":false},"excerpt":{"rendered":"<p>Sin honorarios a menos que ganemos. Llama al 866-352-9626 para una &#8230; <\/p>\n","protected":false},"author":3,"featured_media":0,"parent":0,"menu_order":0,"comment_status":"closed","ping_status":"closed","template":"template-practice-areas.php","meta":{"footnotes":""},"class_list":["post-22517","page","type-page","status-publish","hentry"],"featured_image_src":null,"featured_image_src_square":null,"_links":{"self":[{"href":"https:\/\/flaxmanlaw.com\/es\/wp-json\/wp\/v2\/pages\/22517","targetHints":{"allow":["GET"]}}],"collection":[{"href":"https:\/\/flaxmanlaw.com\/es\/wp-json\/wp\/v2\/pages"}],"about":[{"href":"https:\/\/flaxmanlaw.com\/es\/wp-json\/wp\/v2\/types\/page"}],"author":[{"embeddable":true,"href":"https:\/\/flaxmanlaw.com\/es\/wp-json\/wp\/v2\/users\/3"}],"replies":[{"embeddable":true,"href":"https:\/\/flaxmanlaw.com\/es\/wp-json\/wp\/v2\/comments?post=22517"}],"version-history":[{"count":0,"href":"https:\/\/flaxmanlaw.com\/es\/wp-json\/wp\/v2\/pages\/22517\/revisions"}],"wp:attachment":[{"href":"https:\/\/flaxmanlaw.com\/es\/wp-json\/wp\/v2\/media?parent=22517"}],"curies":[{"name":"wp","href":"https:\/\/api.w.org\/{rel}","templated":true}]}}