{"id":22519,"date":"2024-11-18T12:44:35","date_gmt":"2024-11-18T12:44:35","guid":{"rendered":"https:\/\/flaxmanlaw.wpenginepowered.com\/miami-dwi-dui-accidentes-de-coche-abogados-de-lesiones-del-condado-de-miami-dade\/"},"modified":"2024-11-18T12:44:35","modified_gmt":"2024-11-18T12:44:35","slug":"miami-dwi-dui-accidentes-de-coche-abogados-de-lesiones-del-condado-de-miami-dade","status":"publish","type":"page","link":"https:\/\/flaxmanlaw.com\/es\/miami-dwi-dui-accidentes-de-coche-abogados-de-lesiones-del-condado-de-miami-dade\/","title":{"rendered":"Miami DWI\/DUI Accidentes de Coche | Abogados de Lesiones del Condado de Miami-Dade"},"content":{"rendered":"<div class=\"bodytext\">\n<h2>Accidentes de coche por DWI\/DUI en Miami<\/h1><\/h2>\n<div class=\"description\">\n<p>No hay duda: conducir ebrio es una conducci\u00f3n extremadamente negligente. Cuando los conductores que han bebido o consumido drogas se ponen al volante, est\u00e1n arriesgando literalmente su vida y la de automovilistas y peatones inocentes que circulan por la carretera. En lugar de ser responsables y coger un taxi o llamar a un amigo, estos conductores participan en un comportamiento que saben que es muy arriesgado y que tiene muchas probabilidades de provocar una grave colisi\u00f3n de tr\u00e1fico en Miami o en su comunidad.  <\/p>\n<p>Si usted ha resultado lesionado o atropellado por un conductor ebrio, puede buscar una compensaci\u00f3n bajo la ley de Florida por sus gastos m\u00e9dicos, salarios perdidos, y m\u00e1s. Para hablar sobre si tienes una demanda y para empezar a buscar una compensaci\u00f3n en tu caso, no dudes en contactar al Grupo Legal Flaxman en cualquier momento para una revisi\u00f3n gratuita y sin compromiso de tu caso. <\/p>\n<p><strong class=\"heading4\">\u00bfQui\u00e9n es responsable del accidente por conducir bajo los efectos del alcohol?<\/strong><\/p>\n<p>Por supuesto, la persona obvia que es responsable en un caso de conducci\u00f3n bajo los efectos del alcohol es el conductor ebrio que decidi\u00f3 ponerse al volante del veh\u00edculo. Sin embargo, puedes preguntarte si puede haber otras partes responsables en el caso. Por ejemplo, si un bar o restaurante sigui\u00f3 sirviendo a un conductor ebrio despu\u00e9s de ver claramente que estaba ebrio, \u00bfse le considerar\u00eda parcialmente responsable? Si el conductor ebrio estaba en una fiesta en casa y no se hizo ning\u00fan intento de impedir que condujera ebrio, \u00bfpodr\u00edan ser responsables los anfitriones del evento? En Florida, quien sirve alcohol no suele ser considerado responsable en situaciones en las que un conductor se ve implicado en un accidente por conducir ebrio. Sin embargo, hay excepciones a esta regla. Por ejemplo, seg\u00fan el art\u00edculo 768.125 de la Ley de Florida, una persona puede ser considerada parcialmente responsable de una colisi\u00f3n por DUI si sirve alcohol a un menor o si \u00absirve a sabiendas a una persona habitualmente adicta al consumo de alguna o algunas bebidas alcoh\u00f3licas\u00bb.      <\/p>\n<p>En algunos casos, tambi\u00e9n es importante tener en cuenta que puede ser dif\u00edcil encontrar al conductor culpable de la DUI. Los conductores que han sido condenados anteriormente por conducir bajo los efectos del alcohol o las drogas a veces abandonan el lugar del accidente. Si has resultado herido en un atropello con fuga en Miami o en otra ciudad, es posible que no puedas perseguir al conductor culpable y a su compa\u00f1\u00eda de seguros. En este caso, es posible que desees trabajar con un abogado de lesiones personales para encontrar a otras partes responsables o para explorar la opci\u00f3n de reclamar una indemnizaci\u00f3n a tu propia compa\u00f1\u00eda de seguros.   <\/p>\n<p><strong class=\"heading4\">\u00bfNecesitas realmente asesoramiento jur\u00eddico tras un accidente por conducir bajo los efectos del alcohol?<\/strong><\/p>\n<p>Aunque est\u00e9 claro que un conductor ebrio fue responsable del accidente y responsable de tus lesiones, es importante tener en cuenta que sigue siendo importante demostrarlo ante un tribunal. Incluso si crees que tienes un caso s\u00f3lido, es importante consultar a un abogado de lesiones personales y obtener asesoramiento jur\u00eddico para asegurarte de que puedes construir un caso s\u00f3lido que aumente tus posibilidades de obtener una indemnizaci\u00f3n justa. <\/p>\n<p>Los abogados <a href=\"index.html\">del Grupo Legal Flaxman<\/a> tienen m\u00e1s de 60 a\u00f1os de experiencia en juicios negociando casos de accidentes de tr\u00e1fico, casos de conductores ebrios, casos de lesiones personales y otras demandas legales. Nuestros tel\u00e9fonos 866-352-9626 est\u00e1n atendidos las veinticuatro horas del d\u00eda y tambi\u00e9n puedes contactarnos siempre a trav\u00e9s de nuestro sitio web para programar tu cita gratuita. <\/p>\n<\/p><\/div>\n<\/p><\/div>\n","protected":false},"excerpt":{"rendered":"<p>Sin honorarios a menos que ganemos. Llama al 866-352-9626 para una &#8230; <\/p>\n","protected":false},"author":3,"featured_media":0,"parent":0,"menu_order":0,"comment_status":"closed","ping_status":"closed","template":"template-practice-areas.php","meta":{"footnotes":""},"class_list":["post-22519","page","type-page","status-publish","hentry"],"featured_image_src":null,"featured_image_src_square":null,"_links":{"self":[{"href":"https:\/\/flaxmanlaw.com\/es\/wp-json\/wp\/v2\/pages\/22519","targetHints":{"allow":["GET"]}}],"collection":[{"href":"https:\/\/flaxmanlaw.com\/es\/wp-json\/wp\/v2\/pages"}],"about":[{"href":"https:\/\/flaxmanlaw.com\/es\/wp-json\/wp\/v2\/types\/page"}],"author":[{"embeddable":true,"href":"https:\/\/flaxmanlaw.com\/es\/wp-json\/wp\/v2\/users\/3"}],"replies":[{"embeddable":true,"href":"https:\/\/flaxmanlaw.com\/es\/wp-json\/wp\/v2\/comments?post=22519"}],"version-history":[{"count":0,"href":"https:\/\/flaxmanlaw.com\/es\/wp-json\/wp\/v2\/pages\/22519\/revisions"}],"wp:attachment":[{"href":"https:\/\/flaxmanlaw.com\/es\/wp-json\/wp\/v2\/media?parent=22519"}],"curies":[{"name":"wp","href":"https:\/\/api.w.org\/{rel}","templated":true}]}}