{"id":22520,"date":"2024-11-18T12:44:35","date_gmt":"2024-11-18T12:44:35","guid":{"rendered":"https:\/\/flaxmanlaw.wpenginepowered.com\/amputaciones-miami-gardens-abogados-de-lesiones-personales-del-condado-de-miami-dade\/"},"modified":"2024-11-18T12:44:35","modified_gmt":"2024-11-18T12:44:35","slug":"amputaciones-miami-gardens-abogados-de-lesiones-personales-del-condado-de-miami-dade","status":"publish","type":"page","link":"https:\/\/flaxmanlaw.com\/es\/amputaciones-miami-gardens-abogados-de-lesiones-personales-del-condado-de-miami-dade\/","title":{"rendered":"Amputaciones Miami Gardens | Abogados de lesiones personales del condado de Miami-Dade"},"content":{"rendered":"<div class=\"bodytext\">\n<h2>Amputaciones Miami Gardens<\/h1><\/h2>\n<div class=\"description\">\n<p>Si has tenido un accidente de coche en Miami Gardens o has sufrido un traumatismo o has sido presa de algunos tipos de infecciones, la p\u00e9rdida de un miembro puede salvarte la vida. Por desgracia, la amputaci\u00f3n afectar\u00e1 permanentemente a tu vida. Si tu amputaci\u00f3n ha sido causada por la negligencia de alguien, contacta al Grupo Legal Flaxman para una cita gratuita y revisar tus opciones legales.  <\/p>\n<p><strong class=\"heading4\">Los casos de p\u00e9rdida de extremidades en Miami Gardens requieren pericia legal<\/strong><\/p>\n<p>Contratar a un abogado de lesiones personales en Miami Gardens es importante tras una amputaci\u00f3n, ya que buscar una indemnizaci\u00f3n puede ayudarte a pagar la mejor atenci\u00f3n m\u00e9dica de calidad para que puedas recuperarte totalmente. Sin embargo, es importante buscar la ayuda legal adecuada para tu caso de lesiones personales. <\/p>\n<p>Los casos de p\u00e9rdida de un miembro en Miami Gardens exigen una experiencia \u00fanica por parte de los abogados, entre otras cosas:<\/p>\n<p><strong class=\"heading4\">1) Comprensi\u00f3n de los recursos locales<\/strong><\/p>\n<p>Los amputados necesitar\u00e1n acceso a recursos locales, incluidos expertos m\u00e9dicos que puedan evaluar adecuadamente su estado y su probable pron\u00f3stico a largo plazo. Los abogados de lesiones personales cualificados de Miami Gardens est\u00e1n familiarizados con los expertos locales que pueden ayudar a un amputado a iniciar el largo camino hacia la recuperaci\u00f3n. <\/p>\n<p><strong class=\"heading4\">2) Acceso a investigadores privados y peritos<\/strong><\/p>\n<p>Un buen abogado de lesiones personales dispone de una red de peritos, expertos m\u00e9dicos e investigadores privados a los que recurrir para investigar la causa de un accidente que ha provocado la p\u00e9rdida de un miembro. Esto garantiza que el abogado de lesiones personales pueda construir un caso s\u00f3lido en tu favor. <\/p>\n<p><strong class=\"heading4\">3) Comprensi\u00f3n de las cuestiones t\u00e9cnicas<\/strong><\/p>\n<p>Los casos de lesiones personales suelen depender en gran medida de la comprensi\u00f3n de cuestiones t\u00e9cnicas. Por ejemplo, en caso de que un accidente de cami\u00f3n en Miami Gardens haya causado la p\u00e9rdida de un miembro, los abogados de lesiones personales deben ser capaces de explorar cuidadosamente qu\u00e9 causas t\u00e9cnicas pueden haber provocado exactamente el accidente. Esto puede ayudar a determinar si la v\u00edctima tiene una reclamaci\u00f3n por responsabilidad civil por productos defectuosos en Miami Gardens u otro tipo de reclamaci\u00f3n.  <\/p>\n<p><strong class=\"heading4\">4) Experiencia en juicios y jurados<\/strong><\/p>\n<p>Los abogados de lesiones personales cualificados en Miami Gardens tendr\u00e1n amplia experiencia con jurados y juicios. Ser\u00e1n capaces de entender a los profesionales locales a los que probablemente se enfrenten en la sala del tribunal y sabr\u00e1n c\u00f3mo presentar un caso ante un jurado y el juez de forma que aumenten las posibilidades de una indemnizaci\u00f3n justa para su cliente. <\/p>\n<p><strong class=\"heading4\">5) Experiencia en seguros<\/strong><\/p>\n<p>Los abogados de lesiones personales deben tener amplia experiencia con las compa\u00f1\u00edas de seguros. Deben ser capaces de negociar con \u00e9xito con las aseguradoras para conseguirte una indemnizaci\u00f3n justa si decides no presentar una demanda judicial. Charles Flaxman, del Grupo Legal Flaxman, por ejemplo, tiene m\u00e1s de 10 a\u00f1os de experiencia en el sector de los seguros. Trabaj\u00f3 en esa industria antes de dedicar su vida a la ley y a ayudar a las v\u00edctimas de lesiones personales en Miami Gardens y en todo Florida del Sur.   <\/p>\n<p>\u00bfConoce usted a un abogado de lesiones personales con estas calificaciones? Si usted ha perdido una extremidad o ha sufrido otra lesi\u00f3n catastr\u00f3fica en Miami Gardens o en cualquier parte de Florida del Sur, contacte hoy mismo al <a href=\"contacta con nosotros.html\">Grupo Legal Flaxman<\/a> para una consulta gratuita sobre accidentes para revisar su caso. <\/p>\n<\/p><\/div>\n<\/p><\/div>\n","protected":false},"excerpt":{"rendered":"<p>Sin honorarios a menos que ganemos. Llama al 866-352-9626 para una &#8230; <\/p>\n","protected":false},"author":3,"featured_media":0,"parent":0,"menu_order":0,"comment_status":"closed","ping_status":"closed","template":"template-practice-areas.php","meta":{"footnotes":""},"class_list":["post-22520","page","type-page","status-publish","hentry"],"featured_image_src":null,"featured_image_src_square":null,"_links":{"self":[{"href":"https:\/\/flaxmanlaw.com\/es\/wp-json\/wp\/v2\/pages\/22520","targetHints":{"allow":["GET"]}}],"collection":[{"href":"https:\/\/flaxmanlaw.com\/es\/wp-json\/wp\/v2\/pages"}],"about":[{"href":"https:\/\/flaxmanlaw.com\/es\/wp-json\/wp\/v2\/types\/page"}],"author":[{"embeddable":true,"href":"https:\/\/flaxmanlaw.com\/es\/wp-json\/wp\/v2\/users\/3"}],"replies":[{"embeddable":true,"href":"https:\/\/flaxmanlaw.com\/es\/wp-json\/wp\/v2\/comments?post=22520"}],"version-history":[{"count":0,"href":"https:\/\/flaxmanlaw.com\/es\/wp-json\/wp\/v2\/pages\/22520\/revisions"}],"wp:attachment":[{"href":"https:\/\/flaxmanlaw.com\/es\/wp-json\/wp\/v2\/media?parent=22520"}],"curies":[{"name":"wp","href":"https:\/\/api.w.org\/{rel}","templated":true}]}}