{"id":22521,"date":"2024-11-18T12:44:35","date_gmt":"2024-11-18T12:44:35","guid":{"rendered":"https:\/\/flaxmanlaw.wpenginepowered.com\/mordeduras-de-perro-en-miami-abogados-de-lesiones-personales-en-el-condado-miami-dade-grupo-legal-flaxman\/"},"modified":"2024-11-18T12:44:35","modified_gmt":"2024-11-18T12:44:35","slug":"mordeduras-de-perro-en-miami-abogados-de-lesiones-personales-en-el-condado-miami-dade-grupo-legal-flaxman","status":"publish","type":"page","link":"https:\/\/flaxmanlaw.com\/es\/mordeduras-de-perro-en-miami-abogados-de-lesiones-personales-en-el-condado-miami-dade-grupo-legal-flaxman\/","title":{"rendered":"Mordeduras de Perro en Miami | Abogados de Lesiones Personales en el Condado Miami-Dade Grupo Legal Flaxman"},"content":{"rendered":"<div class=\"bodytext\">\n<h2>Mordeduras de perro en Miami<\/h1><\/h2>\n<div class=\"description\">\n<p>Las mordeduras de perro y los ataques de animales en Miami y otras ciudades de Florida pueden provocar f\u00e1cilmente desfiguraciones, cicatrices y otras lesiones. Las v\u00edctimas que han sido heridas por un perro pueden presentar una demanda por lesiones personales en Miami o en su comunidad en algunos casos. Sin embargo, seg\u00fan la legislaci\u00f3n de Florida, si un perro muerde en defensa de su due\u00f1o, \u00e9ste no suele ser responsable de los da\u00f1os causados.  <\/p>\n<p>\u00bfTienes derecho a reclamar por mordedura de perro? En muchos casos, la mejor forma de determinarlo es hablar de tu situaci\u00f3n con un abogado de lesiones personales en Miami o en tu comunidad. Si has sido atacado por un perro u otro animal, contacta al Grupo Legal Flaxman para una consulta gratuita sobre accidentes y revisar tus opciones legales.  <\/p>\n<p><strong class=\"heading4\">Comprender las normas sobre perros peligrosos en Miami y Florida<\/strong><\/p>\n<p>La mayor\u00eda de los perros se consideran bastante seguros y son mascotas adoradas. Sin embargo, seg\u00fan la legislaci\u00f3n de Florida, algunos perros pueden ser declarados \u00abperros peligrosos\u00bb. En estas situaciones, los perros deben registrarse ante las autoridades y se espera que los propietarios de estas mascotas tomen medidas y precauciones adicionales para proteger a los dem\u00e1s del perro. Los perros peligrosos deben mantenerse en una zona segura y debe haber carteles en todas las entradas a la zona alertando a la gente sobre el perro. Si se saca a pasear al perro, la mascota debe llevar bozal y una correa resistente, conducida por una persona mayor de 18 a\u00f1os. Si el perro ataca a alguien, es probable que el propietario de la mascota sea considerado responsable. Se espera que el propietario tenga un cuidado adicional al tratar con un perro peligroso, y si no lo hace, puede incluso enfrentarse a cargos penales en algunos casos.      <\/p>\n<p><strong class=\"heading4\">C\u00f3mo presentar una demanda por mordedura de perro<\/strong><\/p>\n<p>Los casos de mordedura de perro suelen ser muy dif\u00edciles por varias razones. Para empezar, estos casos suelen implicar a v\u00edctimas infantiles. Las v\u00edctimas infantiles que han sufrido lesiones en Miami o Florida por mordedura de perro tienen m\u00e1s probabilidades de sufrir lesiones en la cabeza y lesiones faciales graves que los adultos, sencillamente porque suelen ser m\u00e1s peque\u00f1os que \u00e9stos y m\u00e1s f\u00e1cilmente accesibles a los dientes de un perro.  <\/p>\n<p>Como los ni\u00f1os se sienten atra\u00eddos por los perros, los propietarios de perros pueden alegar que un ni\u00f1o se burl\u00f3 del perro o actu\u00f3 de alg\u00fan otro modo que hizo que el perro atacara. El propietario del perro puede alegar que el perro actuaba en defensa de su due\u00f1o cuando se produjo el ataque. Por todas estas razones, puede ser dif\u00edcil demostrar qu\u00e9 ocurri\u00f3 exactamente que provoc\u00f3 el ataque de un animal. A menudo se necesita mucha documentaci\u00f3n e investigaci\u00f3n para averiguar qu\u00e9 ocurri\u00f3 exactamente y poder luchar por una indemnizaci\u00f3n justa en nombre de la v\u00edctima.   <\/p>\n<p>Si usted o un ser querido ha resultado lesionado por un perro o animal y cree que puede tener un caso, contacte a los abogados del <a href=\"contacta con nosotros.html\">Grupo Legal Flaxman<\/a>. Nuestro bufete puede concertar una consulta gratuita sobre accidentes para que puedas revisar tu caso con un abogado de lesiones personales. Nuestros abogados cuentan con m\u00e1s de 60 a\u00f1os de experiencia legal combinada y Charles Flaxman, del Grupo Legal Flaxman, tambi\u00e9n tiene diez a\u00f1os de experiencia en la industria de seguros, as\u00ed como m\u00e1s de dos d\u00e9cadas de experiencia como abogado en juicios.  <\/p>\n<\/p><\/div>\n<\/p><\/div>\n","protected":false},"excerpt":{"rendered":"<p>Sin honorarios a menos que ganemos. Llama al 866-352-9626 para una &#8230; <\/p>\n","protected":false},"author":3,"featured_media":0,"parent":0,"menu_order":0,"comment_status":"closed","ping_status":"closed","template":"template-practice-areas.php","meta":{"footnotes":""},"class_list":["post-22521","page","type-page","status-publish","hentry"],"featured_image_src":null,"featured_image_src_square":null,"_links":{"self":[{"href":"https:\/\/flaxmanlaw.com\/es\/wp-json\/wp\/v2\/pages\/22521","targetHints":{"allow":["GET"]}}],"collection":[{"href":"https:\/\/flaxmanlaw.com\/es\/wp-json\/wp\/v2\/pages"}],"about":[{"href":"https:\/\/flaxmanlaw.com\/es\/wp-json\/wp\/v2\/types\/page"}],"author":[{"embeddable":true,"href":"https:\/\/flaxmanlaw.com\/es\/wp-json\/wp\/v2\/users\/3"}],"replies":[{"embeddable":true,"href":"https:\/\/flaxmanlaw.com\/es\/wp-json\/wp\/v2\/comments?post=22521"}],"version-history":[{"count":0,"href":"https:\/\/flaxmanlaw.com\/es\/wp-json\/wp\/v2\/pages\/22521\/revisions"}],"wp:attachment":[{"href":"https:\/\/flaxmanlaw.com\/es\/wp-json\/wp\/v2\/media?parent=22521"}],"curies":[{"name":"wp","href":"https:\/\/api.w.org\/{rel}","templated":true}]}}