{"id":22523,"date":"2024-11-18T12:44:35","date_gmt":"2024-11-18T12:44:35","guid":{"rendered":"https:\/\/flaxmanlaw.wpenginepowered.com\/miami-distracted-driving-abogados-de-accidentes-de-coche-del-condado-de-miami-dade\/"},"modified":"2024-11-18T12:44:35","modified_gmt":"2024-11-18T12:44:35","slug":"miami-distracted-driving-abogados-de-accidentes-de-coche-del-condado-de-miami-dade","status":"publish","type":"page","link":"https:\/\/flaxmanlaw.com\/es\/miami-distracted-driving-abogados-de-accidentes-de-coche-del-condado-de-miami-dade\/","title":{"rendered":"Miami Distracted Driving | Abogados de Accidentes de Coche del Condado de Miami-Dade"},"content":{"rendered":"<div class=\"bodytext\">\n<h2>Conducci\u00f3n distra\u00edda en Miami<\/h1><\/h2>\n<div class=\"description\">\n<p>La conducci\u00f3n distra\u00edda puede producirse en cualquier momento en que el conductor deje de prestar atenci\u00f3n a la conducci\u00f3n, aunque s\u00f3lo sea durante unos segundos. En Florida, la conducci\u00f3n distra\u00edda es especialmente preocupante porque cada a\u00f1o llegan al estado millones de turistas y residentes temporales, lo que aumenta el tr\u00e1fico en las carreteras y las v\u00edas de circulaci\u00f3n. En las calles, combinada con un tr\u00e1fico intenso, la conducci\u00f3n distra\u00edda puede volverse f\u00e1cilmente mortal en s\u00f3lo una fracci\u00f3n de segundo. Los conductores distra\u00eddos causan cada a\u00f1o muchos accidentes de tr\u00e1fico en Miami y en todo el estado.   <\/p>\n<p>Si usted ha resultado lesionado por un conductor imprudente, merece ser compensado por su dolor y sufrimiento, cuidados m\u00e9dicos, da\u00f1os a la propiedad, p\u00e9rdida de ingresos, y m\u00e1s. Si tus lesiones fueron causadas sin culpa tuya, averigua qu\u00e9 se puede hacer en tu caso contactando hoy mismo al Grupo Legal Flaxman para una evaluaci\u00f3n gratuita y sin compromiso de tu caso. La ley de Florida te protege, pero necesitas a un abogado a tu lado que comprenda la ley y c\u00f3mo se aplica a tu caso espec\u00edfico.  <\/p>\n<p><strong class=\"heading4\">Prevenir las colisiones por conducci\u00f3n distra\u00edda<\/strong><\/p>\n<p>\u00bfC\u00f3mo puedes evitar la conducci\u00f3n distra\u00edda en Miami? Por desgracia, muchos automovilistas conducen distra\u00eddos sin ni siquiera ser conscientes de que lo hacen. La mejor forma de evitarlo es  <\/p>\n<ul>\n<li>Prep\u00e1rate para el viaje antes de salir para no tener que consultar las indicaciones o coger algo del bolso o malet\u00edn mientras conduces<\/li>\n<li>Acost\u00fambrate a parar si tienes que enviar un mensaje de texto, llamar por tel\u00e9fono, cambiar la m\u00fasica o hacer cualquier otra cosa que te distraiga de la conducci\u00f3n.<\/li>\n<li>Pide a los pasajeros que no entablen contigo una discusi\u00f3n animada<\/li>\n<li>Descansa mucho, ya que tambi\u00e9n es m\u00e1s probable que conduzcas distra\u00eddo si est\u00e1s fatigado<\/li>\n<li>Piensa dos o tres pasos por delante cuando conduzcas, para que tu mente no se desv\u00ede<\/li>\n<li>De vez en cuando -como en una se\u00f1al de stop o al final de cada canci\u00f3n de la radio- comprueba que est\u00e1s totalmente concentrado en la conducci\u00f3n y no est\u00e1s so\u00f1ando despierto<\/li>\n<li>Si est\u00e1s molesto o distra\u00eddo por algo en el trabajo o en tu vida personal, considera la posibilidad de coger el transporte p\u00fablico, un taxi o hacer otra cosa en lugar de ponerte al volante de un coche<\/li>\n<li>T\u00f3mate la conducci\u00f3n distra\u00edda tan en serio como la conducci\u00f3n bajo los efectos del alcohol: puede ser igual de mortal.<\/li>\n<\/ul>\n<p><strong class=\"heading4\">Todos tenemos un papel que desempe\u00f1ar en la prevenci\u00f3n de las colisiones de tr\u00e1fico en Miami<\/strong><\/p>\n<p>Aunque mucha gente asocia la conducci\u00f3n distra\u00edda con el env\u00edo de mensajes de texto, hay muchos tipos de conducci\u00f3n distra\u00edda. Recuerda que cualquier cosa que distraiga tu atenci\u00f3n de la conducci\u00f3n, aparte los ojos de la carretera aunque s\u00f3lo sea unos segundos o aparte las manos del volante es conducci\u00f3n distra\u00edda. Incluso algo tan simple e inocuo como so\u00f1ar despierto ha demostrado ser causa de graves accidentes de tr\u00e1fico.  <\/p>\n<p>En el Grupo Legal Flaxman, nuestro equipo de abogados cuenta con m\u00e1s de sesenta a\u00f1os de experiencia combinada en la industria legal y de seguros, y har\u00e1 todo lo que est\u00e9 a su alcance para responsabilizar al conductor distra\u00eddo y a su aseguradora por tus lesiones y tu accidente. Los abogados <a href=\"contacta con nosotros.html\">del Grupo Legal Flaxman<\/a> luchar\u00e1n agresivamente y perseguir\u00e1n su caso las veinticuatro horas del d\u00eda para buscar la m\u00e1xima cantidad de compensaci\u00f3n a la que usted pueda tener derecho. Agenda una <a href=\"contacta con nosotros.html\">consulta gratuita sobre accidentes<\/a> con nuestro equipo legal llamando hoy mismo al Grupo Legal Flaxman.  <\/p>\n<\/p><\/div>\n<\/p><\/div>\n","protected":false},"excerpt":{"rendered":"<p>Sin honorarios a menos que ganemos. Llama al 866-352-9626 para una &#8230; <\/p>\n","protected":false},"author":3,"featured_media":0,"parent":0,"menu_order":0,"comment_status":"closed","ping_status":"closed","template":"template-practice-areas.php","meta":{"footnotes":""},"class_list":["post-22523","page","type-page","status-publish","hentry"],"featured_image_src":null,"featured_image_src_square":null,"_links":{"self":[{"href":"https:\/\/flaxmanlaw.com\/es\/wp-json\/wp\/v2\/pages\/22523","targetHints":{"allow":["GET"]}}],"collection":[{"href":"https:\/\/flaxmanlaw.com\/es\/wp-json\/wp\/v2\/pages"}],"about":[{"href":"https:\/\/flaxmanlaw.com\/es\/wp-json\/wp\/v2\/types\/page"}],"author":[{"embeddable":true,"href":"https:\/\/flaxmanlaw.com\/es\/wp-json\/wp\/v2\/users\/3"}],"replies":[{"embeddable":true,"href":"https:\/\/flaxmanlaw.com\/es\/wp-json\/wp\/v2\/comments?post=22523"}],"version-history":[{"count":0,"href":"https:\/\/flaxmanlaw.com\/es\/wp-json\/wp\/v2\/pages\/22523\/revisions"}],"wp:attachment":[{"href":"https:\/\/flaxmanlaw.com\/es\/wp-json\/wp\/v2\/media?parent=22523"}],"curies":[{"name":"wp","href":"https:\/\/api.w.org\/{rel}","templated":true}]}}