{"id":22524,"date":"2024-11-18T12:44:35","date_gmt":"2024-11-18T12:44:35","guid":{"rendered":"https:\/\/flaxmanlaw.wpenginepowered.com\/miami-drogas-peligrosas-abogados-de-responsabilidad-por-productos-defectuosos-del-condado-de-miami-dade\/"},"modified":"2024-11-18T12:44:35","modified_gmt":"2024-11-18T12:44:35","slug":"miami-drogas-peligrosas-abogados-de-responsabilidad-por-productos-defectuosos-del-condado-de-miami-dade","status":"publish","type":"page","link":"https:\/\/flaxmanlaw.com\/es\/miami-drogas-peligrosas-abogados-de-responsabilidad-por-productos-defectuosos-del-condado-de-miami-dade\/","title":{"rendered":"Miami Drogas Peligrosas | Abogados de Responsabilidad por Productos Defectuosos del Condado de Miami-Dade"},"content":{"rendered":"<div class=\"bodytext\">\n<h2>Drogas peligrosas en Miami<\/h1><\/h2>\n<div class=\"description\">\n<p>La Administraci\u00f3n de Alimentos y Medicamentos (FDA) es una agencia encargada de garantizar que los art\u00edculos que se venden en las tiendas sean seguros. Entre las tareas que tiene encomendadas, est\u00e1 la de garantizar que los medicamentos con receta que se utilizan en los hospitales y en los hogares sean seguros. Desgraciadamente, la FDA y otras agencias se basan en ensayos cl\u00ednicos y otra informaci\u00f3n proporcionada por las empresas farmac\u00e9uticas para determinar qu\u00e9 medicamento es seguro. Las empresas farmac\u00e9uticas tienen la obligaci\u00f3n ante el p\u00fablico de garantizar que sus productos son seguros.   <\/p>\n<p>Desgraciadamente, las empresas farmac\u00e9uticas se encuentran en un mercado muy competitivo y, en algunos casos, quieren lanzar un producto al mercado para maximizar los beneficios, lo que puede llevarles a no divulgar toda la informaci\u00f3n, los efectos secundarios y los peligros potenciales de un medicamento. Este tipo de situaci\u00f3n puede dar lugar a que se pongan a disposici\u00f3n del p\u00fablico de Miami y Florida medicamentos recetados peligrosos. Cada a\u00f1o, hay personas que sufren lesiones graves o incluso mueren a consecuencia de medicamentos peligrosos que les han sido recetados. Si usted ha sufrido lesiones graves despu\u00e9s de tomar un medicamento recetado o despu\u00e9s de usar un aparato m\u00e9dico, contacte al Grupo Legal Flaxman para recibir una evaluaci\u00f3n gratuita de su caso. Puede haber recursos disponibles para usted seg\u00fan la ley de Florida que le permitan buscar justicia y compensaci\u00f3n en su caso.    <\/p>\n<p><strong class=\"heading4\">\u00bfQu\u00e9 ocurre cuando se venden drogas peligrosas?<\/strong><\/p>\n<p>Cuando los fabricantes de medicamentos y las empresas farmac\u00e9uticas son negligentes a la hora de probar, etiquetar y vender medicamentos y f\u00e1rmacos de forma segura, los pacientes suelen pagar el precio. Los pacientes que toman medicamentos peligrosos pueden sufrir: <\/p>\n<ul>\n<li>Co\u00e1gulos sangu\u00edneos<\/li>\n<li>Convulsiones<\/li>\n<li>Coma<\/li>\n<li>Reacciones al\u00e9rgicas<\/li>\n<li>Interacciones medicamentosas<\/li>\n<li>Efectos secundarios graves<\/li>\n<\/ul>\n<p><strong class=\"heading4\">Las empresas farmac\u00e9uticas tienen una obligaci\u00f3n contigo<\/strong><\/p>\n<p>Los fabricantes de medicamentos, las farmacias y las empresas farmac\u00e9uticas tienen la obligaci\u00f3n de probar sus productos cuidadosamente y etiquetarlos correctamente. Esto ayuda a garantizar que: <\/p>\n<ul>\n<li>Los m\u00e9dicos y otros profesionales de la medicina tienen los conocimientos que necesitan cuando prescriben medicamentos<\/li>\n<li>Los farmac\u00e9uticos disponen de la informaci\u00f3n necesaria para asesorar a los pacientes<\/li>\n<li>Los pacientes pueden tomar decisiones informadas sobre los riesgos de los medicamentos que toman<\/li>\n<li>Los farmac\u00e9uticos y los m\u00e9dicos comprenden las posibles interacciones entre medicamentos antes de prescribirlos o dispensarlos<\/li>\n<li>Los profesionales sanitarios comprenden las dosis y dem\u00e1s informaci\u00f3n necesaria para dispensar la medicaci\u00f3n de forma segura<\/li>\n<li>Los efectos secundarios y las reacciones al\u00e9rgicas se reducen al m\u00ednimo<\/li>\n<li>Los medicamentos funcionan realmente seg\u00fan lo prescrito<\/li>\n<\/ul>\n<p>Por desgracia, cuando los fabricantes de medicamentos son negligentes, pueden producirse efectos secundarios graves y lesiones. Cuando esto ocurre, es importante que las partes lesionadas pidan una indemnizaci\u00f3n para asegurarse de que las compa\u00f1\u00edas farmac\u00e9uticas y las empresas de medicamentos sean consideradas responsables. Si has resultado lesionado por un dispositivo o medicamento farmac\u00e9utico, querr\u00e1s consultar a un abogado de lesiones personales de Miami o de tu comunidad para revisar tus opciones.  <\/p>\n<p>Los abogados del Grupo Legal Flaxman ya han recuperado m\u00e1s de $100 millones de d\u00f3lares a favor de cientos de miles de clientes en todo Florida del Sur. Nuestros abogados han manejado demandas por negligencia m\u00e9dica, demandas farmac\u00e9uticas y otras demandas legales. El objetivo de nuestro bufete de abogados de servicios integrales es garantizar que los negligentes e imprudentes rindan cuentas, mientras que los perjudicados obtienen justicia e indemnizaci\u00f3n en sus casos. Nuestros abogados creen que los fabricantes de medicamentos y el gobierno tienen un grave deber cuando comercializan y aprueban medicamentos con receta. Creemos que deben rendir cuentas cuando toman atajos o liberan medicamentos peligrosos para el p\u00fablico desprevenido. Para revisar tu situaci\u00f3n con un abogado de lesiones personales, <a href=\"contacta con nosotros.html\">contacta hoy mismo con el Grupo Legal Flaxman<\/a>.     <\/p>\n<\/p><\/div>\n<\/p><\/div>\n","protected":false},"excerpt":{"rendered":"<p>Sin honorarios a menos que ganemos. Llama al 866-352-9626 para una &#8230; <\/p>\n","protected":false},"author":3,"featured_media":0,"parent":0,"menu_order":0,"comment_status":"closed","ping_status":"closed","template":"template-practice-areas.php","meta":{"footnotes":""},"class_list":["post-22524","page","type-page","status-publish","hentry"],"featured_image_src":null,"featured_image_src_square":null,"_links":{"self":[{"href":"https:\/\/flaxmanlaw.com\/es\/wp-json\/wp\/v2\/pages\/22524","targetHints":{"allow":["GET"]}}],"collection":[{"href":"https:\/\/flaxmanlaw.com\/es\/wp-json\/wp\/v2\/pages"}],"about":[{"href":"https:\/\/flaxmanlaw.com\/es\/wp-json\/wp\/v2\/types\/page"}],"author":[{"embeddable":true,"href":"https:\/\/flaxmanlaw.com\/es\/wp-json\/wp\/v2\/users\/3"}],"replies":[{"embeddable":true,"href":"https:\/\/flaxmanlaw.com\/es\/wp-json\/wp\/v2\/comments?post=22524"}],"version-history":[{"count":0,"href":"https:\/\/flaxmanlaw.com\/es\/wp-json\/wp\/v2\/pages\/22524\/revisions"}],"wp:attachment":[{"href":"https:\/\/flaxmanlaw.com\/es\/wp-json\/wp\/v2\/media?parent=22524"}],"curies":[{"name":"wp","href":"https:\/\/api.w.org\/{rel}","templated":true}]}}