{"id":22526,"date":"2024-11-18T12:44:35","date_gmt":"2024-11-18T12:44:35","guid":{"rendered":"https:\/\/flaxmanlaw.wpenginepowered.com\/lesiones-infantiles-miami-abogados-de-accidentes-del-condado-miami-dade-grupo-legal-flaxman\/"},"modified":"2024-11-18T12:44:35","modified_gmt":"2024-11-18T12:44:35","slug":"lesiones-infantiles-miami-abogados-de-accidentes-del-condado-miami-dade-grupo-legal-flaxman","status":"publish","type":"page","link":"https:\/\/flaxmanlaw.com\/es\/lesiones-infantiles-miami-abogados-de-accidentes-del-condado-miami-dade-grupo-legal-flaxman\/","title":{"rendered":"Lesiones Infantiles Miami | Abogados de Accidentes del Condado Miami-Dade Grupo Legal Flaxman"},"content":{"rendered":"<div class=\"bodytext\">\n<h2>Lesiones infantiles en Miami<\/h1><\/h2>\n<div class=\"description\">\n<p>Aunque Miami es justificadamente famosa por su industria tur\u00edstica, su glamurosa vida nocturna y sus famosos, mucha gente olvida que, como una de las mayores ciudades de Estados Unidos, tambi\u00e9n es en gran medida una ciudad familiar. La ciudad acoge a muchas familias que eligen establecer sus vidas en medio de una de las zonas con mayor diversidad \u00e9tnica y m\u00e1s servicios del pa\u00eds. Para las familias, Miami ofrece mucho que ver y hacer, as\u00ed como acceso a algunas de las mejores escuelas del sur de Florida.  <\/p>\n<p><strong class=\"heading4\">Lesiones infantiles en Miami y alrededores<\/strong><\/p>\n<p>Como todas las ciudades, Miami tiene hospitales infantiles y especialistas dedicados a ayudar a los ni\u00f1os que han sufrido lesiones infantiles graves en Miami y alrededores. Si tu hijo ha sufrido lesiones graves, puede ser tranquilizador saber que la ayuda est\u00e1 cerca. Sin embargo, incluso con la mejor ayuda, muchas lesiones infantiles tardan a\u00f1os en curarse y algunas pueden afectar a la vida del ni\u00f1o durante toda la vida. Si tu hijo ha sufrido una lesi\u00f3n en la cabeza, <a href=\"lesiones de la columna vertebral.html\">en la m\u00e9dula espinal<\/a> en Miami o en otra comunidad, o cualquier lesi\u00f3n grave, siempre puedes contactar con el Grupo Legal Flaxman para hablar sobre tus opciones.   <\/p>\n<p><strong class=\"heading4\">\u00bfPor qu\u00e9 se producen lesiones infantiles en Miami y otras ciudades?<\/strong><\/p>\n<p>Las lesiones infantiles en Miami y otras ciudades de Florida son especialmente preocupantes, ya que los parques infantiles, guarder\u00edas, escuelas y otros lugares tienen la obligaci\u00f3n a\u00f1adida de garantizar la seguridad de los ni\u00f1os. Sin embargo, cada a\u00f1o los ni\u00f1os de Florida sufren lesiones graves debido a: <\/p>\n<ul>\n<li>Negligencia<\/li>\n<li>Imprudencia<\/li>\n<li>Actos il\u00edcitos intencionados<\/li>\n<li>Maltrato<\/li>\n<li>Falta de atenci\u00f3n<\/li>\n<li>Supervisi\u00f3n incorrecta<\/li>\n<li>Seguridad inadecuada<\/li>\n<li>Productos defectuosos<\/li>\n<li>Mantenimiento incorrecto de los juegos infantiles y otros productos<\/li>\n<\/ul>\n<p>Sea cual sea la causa de las lesiones de tu hijo, es importante que hables tanto con profesionales m\u00e9dicos como con un abogado de lesiones personales en Miami o en tu ciudad. Proporcionar a tu hijo la mejor atenci\u00f3n m\u00e9dica posible suele implicar la obtenci\u00f3n de recursos econ\u00f3micos, incluida cualquier indemnizaci\u00f3n a la que tu familia pueda tener derecho en virtud de la legislaci\u00f3n de Florida. Un buen abogado puede ayudarte a revisar tus opciones y puede ayudarte a presentar una reclamaci\u00f3n legal.  <\/p>\n<p>Charles Flaxman, del <a href=\"contacta con nosotros.html\">Grupo Legal Flaxman<\/a>, ha representado a ni\u00f1os y familias durante m\u00e1s de 25 a\u00f1os. Despu\u00e9s de trabajar durante 10 a\u00f1os en la industria de los seguros, ha dedicado su vida a ayudar a demandantes por lesiones personales en Miami y en todo Florida del Sur. Como parte del Grupo Legal Flaxman, ha ayudado a miles de demandantes por lesiones personales a obtener una compensaci\u00f3n justa por sus lesiones. Si usted desea hablar con Charles Flaxman o con cualquier miembro del equipo legal del Grupo Legal Flaxman, <a href=\"contacta con nosotros.html\">contacte<\/a> hoy mismo a la firma para recibir una evaluaci\u00f3n gratuita de su caso.   <\/p>\n<p>El Grupo Legal Flaxman est\u00e1 de tu lado. Si usted tiene un hijo que ha resultado gravemente lesionado, el equipo jur\u00eddico del Grupo Legal Flaxman se complace en entrevistarse con usted en una evaluaci\u00f3n de caso gratuita y sin compromiso, para que pueda abordar sus preguntas y preocupaciones con un abogado de lesiones personales. El Grupo Legal Flaxman cuenta con tres oficinas convenientemente ubicadas en Homestead, Miami, y Hollywood para servirle. Si su hijo est\u00e1 demasiado lesionado para permitirle viajar, el equipo jur\u00eddico del Grupo Legal Flaxman tambi\u00e9n se complace en visitar su hospital, hogar o lugar de trabajo. El objetivo del Grupo Legal Flaxman es ayudarte a encontrar una compensaci\u00f3n justa y los recursos que necesitas durante estos momentos dif\u00edciles.    <\/p>\n<\/p><\/div>\n<\/p><\/div>\n","protected":false},"excerpt":{"rendered":"<p>Sin honorarios a menos que ganemos. Llama al 866-352-9626 para una &#8230; <\/p>\n","protected":false},"author":3,"featured_media":0,"parent":0,"menu_order":0,"comment_status":"closed","ping_status":"closed","template":"template-practice-areas.php","meta":{"footnotes":""},"class_list":["post-22526","page","type-page","status-publish","hentry"],"featured_image_src":null,"featured_image_src_square":null,"_links":{"self":[{"href":"https:\/\/flaxmanlaw.com\/es\/wp-json\/wp\/v2\/pages\/22526","targetHints":{"allow":["GET"]}}],"collection":[{"href":"https:\/\/flaxmanlaw.com\/es\/wp-json\/wp\/v2\/pages"}],"about":[{"href":"https:\/\/flaxmanlaw.com\/es\/wp-json\/wp\/v2\/types\/page"}],"author":[{"embeddable":true,"href":"https:\/\/flaxmanlaw.com\/es\/wp-json\/wp\/v2\/users\/3"}],"replies":[{"embeddable":true,"href":"https:\/\/flaxmanlaw.com\/es\/wp-json\/wp\/v2\/comments?post=22526"}],"version-history":[{"count":0,"href":"https:\/\/flaxmanlaw.com\/es\/wp-json\/wp\/v2\/pages\/22526\/revisions"}],"wp:attachment":[{"href":"https:\/\/flaxmanlaw.com\/es\/wp-json\/wp\/v2\/media?parent=22526"}],"curies":[{"name":"wp","href":"https:\/\/api.w.org\/{rel}","templated":true}]}}