{"id":22527,"date":"2024-11-18T12:44:35","date_gmt":"2024-11-18T12:44:35","guid":{"rendered":"https:\/\/flaxmanlaw.wpenginepowered.com\/accidentes-en-cadena-en-miami-abogados-de-accidentes-de-coche-en-el-condado-de-miami-dade\/"},"modified":"2024-11-18T12:44:35","modified_gmt":"2024-11-18T12:44:35","slug":"accidentes-en-cadena-en-miami-abogados-de-accidentes-de-coche-en-el-condado-de-miami-dade","status":"publish","type":"page","link":"https:\/\/flaxmanlaw.com\/es\/accidentes-en-cadena-en-miami-abogados-de-accidentes-de-coche-en-el-condado-de-miami-dade\/","title":{"rendered":"Accidentes en cadena en Miami | Abogados de accidentes de coche en el condado de Miami-Dade"},"content":{"rendered":"<div class=\"bodytext\">\n<h2>Accidentes en cadena en Miami<\/h1><\/h2>\n<div class=\"description\">\n<p>Si alguna vez has visto c\u00f3mo se derrumba un juego de fichas de domin\u00f3, habr\u00e1s visto c\u00f3mo se produce una reacci\u00f3n en cadena. En un accidente de coche en cadena, el resultado es a\u00fan m\u00e1s dram\u00e1tico y devastador. Las colisiones en cadena se producen cuando un veh\u00edculo choca con otro y esto desencadena una serie de accidentes. En algunos casos, los accidentes de varios veh\u00edculos o de reacci\u00f3n en cadena implican a decenas de coches.   <\/p>\n<p>\u00bfHas estado t\u00fa o un ser querido en un choque automovil\u00edstico en cadena en Miami u otra ciudad? Si es as\u00ed, los abogados del Grupo Legal Flaxman est\u00e1n dispuestos a entrevistarse con usted en una consulta gratuita y sin compromiso para revisar sus opciones. Ll\u00e1menos hoy mismo al 866-352-9626 para comenzar a proteger sus derechos.  <\/p>\n<p><strong class=\"heading4\">\u00bfQui\u00e9n es responsable en un accidente en cadena?<\/strong><\/p>\n<p>En muchos casos, determinar la responsabilidad en un accidente en cadena es muy dif\u00edcil. Puede haber m\u00faltiples partes responsables. Por ejemplo, un coche puede haber provocado la colisi\u00f3n inicial, pero las colisiones posteriores pueden haber sido causadas por uno o varios conductores que enviaban mensajes de texto mientras conduc\u00edan o que estaban distra\u00eddos mientras conduc\u00edan. Adem\u00e1s, tambi\u00e9n pueden haber contribuido al accidente fallos mec\u00e1nicos, peligros en la carretera y un mantenimiento deficiente de la misma.   <\/p>\n<p>Para determinar qu\u00e9 caus\u00f3 realmente tus lesiones y tu colisi\u00f3n, es importante consultar a un abogado de lesiones personales que pueda trabajar con expertos en reconstrucci\u00f3n de accidentes, investigadores privados, peritos y otros profesionales para llegar al fondo de lo que caus\u00f3 la colisi\u00f3n.<\/p>\n<p><strong class=\"heading4\">Si Has Sufrido un Accidente de Tr\u00e1fico en Miami, Debes Actuar R\u00e1pidamente<\/strong><\/p>\n<p>Es importante proteger tus derechos tras un accidente m\u00faltiple. Hay m\u00faltiples partes responsables y suele haber muchos acusados tras este tipo de colisi\u00f3n. No querr\u00e1s ser t\u00fa quien sea acusado de causar un accidente grave. Tampoco quieres verte privado del dinero de una indemnizaci\u00f3n que podr\u00eda ayudaros a ti y a tu familia a recuperaros. Si te has lesionado en un accidente de tr\u00e1fico, ponte en contacto inmediatamente con un abogado de lesiones personales para empezar a documentar las pruebas y construir tu caso. Tanto si decides negociar con tu aseguradora como si decides iniciar una reclamaci\u00f3n judicial, proteger tus derechos garantiza que tus opciones legales est\u00e9n abiertas cuando las necesites.     <\/p>\n<p>Es normal estar asustado y alterado tras un accidente en cadena o de varios veh\u00edculos. Puede que tengas que hacer frente a lesiones graves, as\u00ed como a facturas de reparaci\u00f3n del coche y otras preocupaciones. El proceso del seguro puede ser abrumador y dif\u00edcil de entender. Puedes tener la sensaci\u00f3n de que tienes pocas opciones. Sin embargo, seg\u00fan la legislaci\u00f3n de Florida, puedes tener m\u00e1s opciones para obtener una indemnizaci\u00f3n justa de las que crees. Para aprovechar estas opciones, querr\u00e1s hablar con un abogado especializado en lesiones personales. Puedes contactar a uno de nuestros abogados del Grupo Legal Flaxman llamando<strong> al 866-352-9626<\/strong> en cualquier momento para hablar con una operadora en vivo. Nuestras l\u00edneas telef\u00f3nicas est\u00e1n atendidas las veinticuatro horas del d\u00eda, as\u00ed que siempre puedes localizar a alguien si tienes preguntas o inquietudes.       <\/p>\n<\/p><\/div>\n<\/p><\/div>\n","protected":false},"excerpt":{"rendered":"<p>Sin honorarios a menos que ganemos. Llama al 866-352-9626 para una &#8230; <\/p>\n","protected":false},"author":3,"featured_media":0,"parent":0,"menu_order":0,"comment_status":"closed","ping_status":"closed","template":"template-practice-areas.php","meta":{"footnotes":""},"class_list":["post-22527","page","type-page","status-publish","hentry"],"featured_image_src":null,"featured_image_src_square":null,"_links":{"self":[{"href":"https:\/\/flaxmanlaw.com\/es\/wp-json\/wp\/v2\/pages\/22527","targetHints":{"allow":["GET"]}}],"collection":[{"href":"https:\/\/flaxmanlaw.com\/es\/wp-json\/wp\/v2\/pages"}],"about":[{"href":"https:\/\/flaxmanlaw.com\/es\/wp-json\/wp\/v2\/types\/page"}],"author":[{"embeddable":true,"href":"https:\/\/flaxmanlaw.com\/es\/wp-json\/wp\/v2\/users\/3"}],"replies":[{"embeddable":true,"href":"https:\/\/flaxmanlaw.com\/es\/wp-json\/wp\/v2\/comments?post=22527"}],"version-history":[{"count":0,"href":"https:\/\/flaxmanlaw.com\/es\/wp-json\/wp\/v2\/pages\/22527\/revisions"}],"wp:attachment":[{"href":"https:\/\/flaxmanlaw.com\/es\/wp-json\/wp\/v2\/media?parent=22527"}],"curies":[{"name":"wp","href":"https:\/\/api.w.org\/{rel}","templated":true}]}}