{"id":22528,"date":"2024-11-18T12:44:35","date_gmt":"2024-11-18T12:44:35","guid":{"rendered":"https:\/\/flaxmanlaw.wpenginepowered.com\/accidente-de-coche-en-miami-abogados-de-lesiones-de-coche-en-el-condado-de-miami-dade-grupo-legal-flaxman\/"},"modified":"2025-05-06T10:04:49","modified_gmt":"2025-05-06T10:04:49","slug":"accidente-de-coche-en-miami-abogados-de-lesiones-de-coche-en-el-condado-de-miami-dade-grupo-legal-flaxman","status":"publish","type":"page","link":"https:\/\/flaxmanlaw.com\/es\/accidente-de-coche-en-miami-abogados-de-lesiones-de-coche-en-el-condado-de-miami-dade-grupo-legal-flaxman\/","title":{"rendered":"Accidente de coche en Miami"},"content":{"rendered":"<div class=\"bodytext\">\n<h2>Accidente de coche en Miami<\/h2>\n<div class=\"description\">\n<p>Miami, Florida, es la ciudad m\u00e1s grande de Florida y una de las mayores de Estados Unidos. Tambi\u00e9n es un centro cultural, con pr\u00f3speras escenas art\u00edsticas, teatros, galer\u00edas y museos. Tambi\u00e9n se considera que Miami marca estilo: muchas modelos y famosos pasan tiempo en Miami, lo que significa que los medios de comunicaci\u00f3n siempre est\u00e1n cubriendo la ropa y las \u00faltimas tendencias en las calles de esta ciudad de Florida. Por supuesto, Miami es famosa tambi\u00e9n por sus aguas turquesas y sus playas de arena suave. La ciudad en s\u00ed es muy diversa, con inmigrantes de todo el mundo, as\u00ed como una serie de barrios de muy alto nivel. Sin embargo, esta bulliciosa metr\u00f3polis registra un gran volumen de tr\u00e1fico, sobre todo con la llegada de turistas en verano. Esta congesti\u00f3n puede provocar f\u00e1cilmente accidentes de tr\u00e1fico.<\/p>\n<p>Las v\u00edctimas que han resultado lesionadas en un accidente automovil\u00edstico en Miami pueden sufrir graves lesiones, incluyendo lesiones cerebrales, lesiones en la espina dorsal, huesos rotos, amputaciones, y otras lesiones. Como el Grupo Legal Flaxman sabe muy bien, en muchos casos, estas lesiones pueden cambiar todo el curso de la vida de una persona. Pueden incapacitar a la v\u00edctima para trabajar, pueden costar decenas de miles de d\u00f3lares en ingresos perdidos, y pueden dar lugar a enormes facturas m\u00e9dicas. No es raro que el coste total de un <a href=\"accidentes-coche.html\">accidente de coche<\/a> en Miami ascienda a millones de d\u00f3lares.<\/p>\n<p>Aunque el seguro de coche est\u00e1 dise\u00f1ado para ayudar a cubrir estos costes, las compa\u00f1\u00edas de seguros no suelen estar dispuestas a pagar el coste total de cada accidente de coche en Miami: hacerlo significar\u00eda perder dinero. Por lo tanto, muchas v\u00edctimas desafortunadas aceptan las ofertas iniciales de su compa\u00f1\u00eda de seguros s\u00f3lo para darse cuenta m\u00e1s tarde de que tienen que pagar decenas de miles de d\u00f3lares extra de su propio bolsillo para pagar los costes de su accidente de coche en Miami. Esto se debe a que, adem\u00e1s de los costes directos de un accidente de coche -como las facturas m\u00e9dicas inmediatas y la p\u00e9rdida de ingresos-, el t\u00edpico accidente de coche en Miami tambi\u00e9n tiene importantes costes secundarios.<\/p>\n<p>Por ejemplo, puede que tengas que pagar muletas o fisioterapia si te has roto una pierna. Si has sufrido una lesi\u00f3n permanente, puedes necesitar toda una vida de rehabilitaci\u00f3n, equipamiento hospitalario para tu casa y grandes reformas para que tu casa y tu coche sean accesibles. Estos costes secundarios son la raz\u00f3n por la que las v\u00edctimas de accidentes de coche en Miami necesitan buenos abogados de lesiones personales. Un buen abogado de accidentes automovil\u00edsticos en Miami del Grupo Legal Flaxman puede calcular con precisi\u00f3n los costos reales de tu accidente y puede asegurarse de que las aseguradoras y las partes responsables carguen con la mayor parte de estos costos.<\/p>\n<p>Si usted necesita un abogado calificado de accidentes automovil\u00edsticos en Miami, contacte al Grupo Legal Flaxman para programar una consulta sin costo y sin compromiso para hablar sobre su caso. El experimentado personal jur\u00eddico del Grupo Legal Flaxman se enorgullece de haber servido a la comunidad de Florida del Sur y de Miami durante a\u00f1os. Nuestro equipo jur\u00eddico ha ayudado exitosamente a miles de v\u00edctimas de accidentes automovil\u00edsticos y de lesiones personales en Miami a obtener acuerdos justos que han pagado una buena atenci\u00f3n m\u00e9dica, costos de vivienda, reparaciones del auto, p\u00e9rdida de ingresos, y otros gastos. Con una extensa experiencia en negociaciones y juicios, el Grupo Legal Flaxman puede negociar con su aseguradora o incluso levantar su demanda en la corte, lo que sea necesario para obtener la recuperaci\u00f3n que usted merece.<\/p>\n<p>El Grupo Legal Flaxman est\u00e1 ubicado en el centro de Miami, en la Suite 400 del 6303 Blue Lagoon Drive en Miami. Usted puede f\u00e1cilmente programar su consulta inicial gratuita llamando a nuestras oficinas al (305) 621-0099. Tambi\u00e9n nos complace reunirnos con usted en su casa, cuarto de hospital, o lugar de trabajo para su consulta inicial si su accidente automovil\u00edstico en Miami le ha dificultado viajar.<\/p>\n<\/div>\n<\/div>\n","protected":false},"excerpt":{"rendered":"<p>Sin honorarios a menos que ganemos. Llama al 866-352-9626 para una &#8230; <\/p>\n","protected":false},"author":3,"featured_media":0,"parent":0,"menu_order":0,"comment_status":"closed","ping_status":"closed","template":"template-practice-areas.php","meta":{"footnotes":""},"class_list":["post-22528","page","type-page","status-publish","hentry"],"featured_image_src":null,"featured_image_src_square":null,"_links":{"self":[{"href":"https:\/\/flaxmanlaw.com\/es\/wp-json\/wp\/v2\/pages\/22528","targetHints":{"allow":["GET"]}}],"collection":[{"href":"https:\/\/flaxmanlaw.com\/es\/wp-json\/wp\/v2\/pages"}],"about":[{"href":"https:\/\/flaxmanlaw.com\/es\/wp-json\/wp\/v2\/types\/page"}],"author":[{"embeddable":true,"href":"https:\/\/flaxmanlaw.com\/es\/wp-json\/wp\/v2\/users\/3"}],"replies":[{"embeddable":true,"href":"https:\/\/flaxmanlaw.com\/es\/wp-json\/wp\/v2\/comments?post=22528"}],"version-history":[{"count":0,"href":"https:\/\/flaxmanlaw.com\/es\/wp-json\/wp\/v2\/pages\/22528\/revisions"}],"wp:attachment":[{"href":"https:\/\/flaxmanlaw.com\/es\/wp-json\/wp\/v2\/media?parent=22528"}],"curies":[{"name":"wp","href":"https:\/\/api.w.org\/{rel}","templated":true}]}}